{"id":1313,"date":"2017-09-19T13:59:38","date_gmt":"2017-09-19T17:59:38","guid":{"rendered":"http:\/\/boldor.ca\/?page_id=1313"},"modified":"2018-10-11T14:58:08","modified_gmt":"2018-10-11T18:58:08","slug":"2017-2","status":"publish","type":"page","link":"https:\/\/boldor.rseq.ca\/?page_id=1313","title":{"rendered":"2017"},"content":{"rendered":"<h4><strong>NOUVELLES 2017<\/strong><\/h4>\r\n<!-- NOTE: If you need to make changes to this file, copy it to your current theme's main\n\tdirectory so your changes won't be overwritten when the plugin is upgraded. -->\n\n<!-- Start of Post Wrap -->\n<div class=\"post hentry ivycat-post wrapper-manchette\">\n\t<img width=\"275\" height=\"119\" src=\"https:\/\/boldor.rseq.ca\/wp-content\/uploads\/2017\/11\/mjd1.jpg\" class=\"attachment-post-thumbnail size-post-thumbnail wp-post-image\" alt=\"\" decoding=\"async\" loading=\"lazy\" \/>\t<!-- This is the output of the post TITLE -->\n\t<h2 class=\"entry-title-manchette\"><a href=\"https:\/\/boldor.rseq.ca\/?p=1569\">[FOOTBALL JUV\u00c9NILE DIVISION 1] \u2013 LE BLIZZARD DU S\u00c9MINAIRE SAINT-FRAN\u00c7OIS, CHAMPION DU BOL D\u2019OR 2017<\/a><\/h2>\n\n\t<!-- This is the output of the EXCERPT -->\n\t<div class=\"entry-summary-p\">\n\t\tMontr\u00e9al, 19 novembre 2017\u00a0\u2013\u00a0Le match juv\u00e9nile\u00a0de division 1 opposait les Loups de l&rsquo;\u00c9cole secondaire Cur\u00e9-Antoine-Labelle et le Blizzard du S\u00e9minaire Saint-Fran\u00e7ois. C\u2019est\u00a0par la marque de&#8230;\t<\/div>\n\t<span class=\"postDateTime\">2017-11-19 | 16:20<\/span>\n\t<!-- This is the output of the META information -->\n\n\t<div class=\"entry-utility\" style=\"display:none;\">\n\t\t\t\t\t<span class=\"cat-links\">\n\t\t\t\t<span class=\"entry-utility-prep entry-utility-prep-cat-links\">Posted in<\/span> <a href=\"https:\/\/boldor.rseq.ca\/?cat=1\" rel=\"category\">Uncategorised<\/a>\t\t\t<\/span>\n\t\t\t<span class=\"meta-sep\">|<\/span>\n\t\t\t\t\t\t\t<span class=\"tag-links\">\n\t\t\t\t<span class=\"entry-utility-prep entry-utility-prep-tag-links\">Tagged<\/span> <a href=\"https:\/\/boldor.rseq.ca\/?tag=2017\" rel=\"tag\">2017<\/a>\t\t\t<\/span>\n\t\t\t<span class=\"meta-sep\">|<\/span>\n\t\t\t\t<span class=\"comments-link\"><span>Commentaires ferm\u00e9s<span class=\"screen-reader-text\"> sur [FOOTBALL JUV\u00c9NILE DIVISION 1] \u2013 LE BLIZZARD DU S\u00c9MINAIRE SAINT-FRAN\u00c7OIS, CHAMPION DU BOL D\u2019OR 2017<\/span><\/span><\/span>\n\t\t\t<\/div>\n<\/div>\n<div class=\"greySeparatorLine\"><\/div>\n<!-- \/\/ End of Post Wrap -->\n<!-- NOTE: If you need to make changes to this file, copy it to your current theme's main\n\tdirectory so your changes won't be overwritten when the plugin is upgraded. -->\n\n<!-- Start of Post Wrap -->\n<div class=\"post hentry ivycat-post wrapper-manchette\">\n\t<img width=\"275\" height=\"118\" src=\"https:\/\/boldor.rseq.ca\/wp-content\/uploads\/2017\/11\/mcd3.jpg\" class=\"attachment-post-thumbnail size-post-thumbnail wp-post-image\" alt=\"\" decoding=\"async\" loading=\"lazy\" \/>\t<!-- This is the output of the post TITLE -->\n\t<h2 class=\"entry-title-manchette\"><a href=\"https:\/\/boldor.rseq.ca\/?p=1546\">[FOOTBALL COLL\u00c9GIAL DIVISION 3] \u2013 LES LAUR\u00c9ATS DU C\u00c9GEP DE ST-HYACINTHE, CHAMPIONS DU BOL D\u2019OR 2017<\/a><\/h2>\n\n\t<!-- This is the output of the EXCERPT -->\n\t<div class=\"entry-summary-p\">\n\t\tMontr\u00e9al,\u00a018 novembre 2017\u00a0&#8211; Le match coll\u00e9gial de division 3 mettait en vedette les Gaillards du C\u00e9gep de Jonqui\u00e8re et les Laur\u00e9ats du C\u00e9gep de St-Hyacinthe&#8230;.\t<\/div>\n\t<span class=\"postDateTime\"> | 00:30<\/span>\n\t<!-- This is the output of the META information -->\n\n\t<div class=\"entry-utility\" style=\"display:none;\">\n\t\t\t\t\t<span class=\"cat-links\">\n\t\t\t\t<span class=\"entry-utility-prep entry-utility-prep-cat-links\">Posted in<\/span> <a href=\"https:\/\/boldor.rseq.ca\/?cat=1\" rel=\"category\">Uncategorised<\/a>\t\t\t<\/span>\n\t\t\t<span class=\"meta-sep\">|<\/span>\n\t\t\t\t\t\t\t<span class=\"tag-links\">\n\t\t\t\t<span class=\"entry-utility-prep entry-utility-prep-tag-links\">Tagged<\/span> <a href=\"https:\/\/boldor.rseq.ca\/?tag=2017\" rel=\"tag\">2017<\/a>\t\t\t<\/span>\n\t\t\t<span class=\"meta-sep\">|<\/span>\n\t\t\t\t<span class=\"comments-link\"><span>Commentaires ferm\u00e9s<span class=\"screen-reader-text\"> sur [FOOTBALL COLL\u00c9GIAL DIVISION 3] \u2013 LES LAUR\u00c9ATS DU C\u00c9GEP DE ST-HYACINTHE, CHAMPIONS DU BOL D\u2019OR 2017<\/span><\/span><\/span>\n\t\t\t<\/div>\n<\/div>\n<div class=\"greySeparatorLine\"><\/div>\n<!-- \/\/ End of Post Wrap -->\n<!-- NOTE: If you need to make changes to this file, copy it to your current theme's main\n\tdirectory so your changes won't be overwritten when the plugin is upgraded. -->\n\n<!-- Start of Post Wrap -->\n<div class=\"post hentry ivycat-post wrapper-manchette\">\n\t<img width=\"275\" height=\"118\" src=\"https:\/\/boldor.rseq.ca\/wp-content\/uploads\/2017\/11\/mcd1.jpg\" class=\"attachment-post-thumbnail size-post-thumbnail wp-post-image\" alt=\"\" decoding=\"async\" loading=\"lazy\" \/>\t<!-- This is the output of the post TITLE -->\n\t<h2 class=\"entry-title-manchette\"><a href=\"https:\/\/boldor.rseq.ca\/?p=1525\">[FOOTBALL COLL\u00c9GIAL DIVISION 1] LES COUGARS, CHAMPIONS DU BOL D\u2019OR 2017<\/a><\/h2>\n\n\t<!-- This is the output of the EXCERPT -->\n\t<div class=\"entry-summary-p\">\n\t\tMontr\u00e9al, le 18 novembre 2017\u00a0&#8211; Le match coll\u00e9gial de division 1 opposait le les Cheetahs du Vanier College et les Cougars du Coll\u00e8ge Champlain-Lennoxville. C\u2019est\u00a0par&#8230;\t<\/div>\n\t<span class=\"postDateTime\">2017-11-18 | 19:44<\/span>\n\t<!-- This is the output of the META information -->\n\n\t<div class=\"entry-utility\" style=\"display:none;\">\n\t\t\t\t\t<span class=\"cat-links\">\n\t\t\t\t<span class=\"entry-utility-prep entry-utility-prep-cat-links\">Posted in<\/span> <a href=\"https:\/\/boldor.rseq.ca\/?cat=1\" rel=\"category\">Uncategorised<\/a>\t\t\t<\/span>\n\t\t\t<span class=\"meta-sep\">|<\/span>\n\t\t\t\t\t\t\t<span class=\"tag-links\">\n\t\t\t\t<span class=\"entry-utility-prep entry-utility-prep-tag-links\">Tagged<\/span> <a href=\"https:\/\/boldor.rseq.ca\/?tag=2017\" rel=\"tag\">2017<\/a>\t\t\t<\/span>\n\t\t\t<span class=\"meta-sep\">|<\/span>\n\t\t\t\t<span class=\"comments-link\"><span>Commentaires ferm\u00e9s<span class=\"screen-reader-text\"> sur [FOOTBALL COLL\u00c9GIAL DIVISION 1] LES COUGARS, CHAMPIONS DU BOL D\u2019OR 2017<\/span><\/span><\/span>\n\t\t\t<\/div>\n<\/div>\n<div class=\"greySeparatorLine\"><\/div>\n<!-- \/\/ End of Post Wrap -->\n<!-- NOTE: If you need to make changes to this file, copy it to your current theme's main\n\tdirectory so your changes won't be overwritten when the plugin is upgraded. -->\n\n<!-- Start of Post Wrap -->\n<div class=\"post hentry ivycat-post wrapper-manchette\">\n\t<img width=\"628\" height=\"270\" src=\"https:\/\/boldor.rseq.ca\/wp-content\/uploads\/2017\/11\/DSC_1580_umbraco.jpg\" class=\"attachment-post-thumbnail size-post-thumbnail wp-post-image\" alt=\"\" decoding=\"async\" loading=\"lazy\" srcset=\"https:\/\/boldor.rseq.ca\/wp-content\/uploads\/2017\/11\/DSC_1580_umbraco.jpg 628w, https:\/\/boldor.rseq.ca\/wp-content\/uploads\/2017\/11\/DSC_1580_umbraco-300x129.jpg 300w\" sizes=\"(max-width: 628px) 100vw, 628px\" \/>\t<!-- This is the output of the post TITLE -->\n\t<h2 class=\"entry-title-manchette\"><a href=\"https:\/\/boldor.rseq.ca\/?p=1508\">[FOOTBALL JUV\u00c9NILE D1-B] LES SCORPIONS REMPORTENT LA COUPE D\u2019OR 2017<\/a><\/h2>\n\n\t<!-- This is the output of the EXCERPT -->\n\t<div class=\"entry-summary-p\">\n\t\tMontr\u00e9al,\u00a018 novembre 2017\u00a0\u2013 C\u2019est\u00a0par la marque de 20 \u00e0 9 que les Scorpions de l&rsquo;\u00e9cole secondaire Armand-Corbeil ont conquis le match de la finale du&#8230;\t<\/div>\n\t<span class=\"postDateTime\"> | 13:23<\/span>\n\t<!-- This is the output of the META information -->\n\n\t<div class=\"entry-utility\" style=\"display:none;\">\n\t\t\t\t\t<span class=\"cat-links\">\n\t\t\t\t<span class=\"entry-utility-prep entry-utility-prep-cat-links\">Posted in<\/span> <a href=\"https:\/\/boldor.rseq.ca\/?cat=1\" rel=\"category\">Uncategorised<\/a>\t\t\t<\/span>\n\t\t\t<span class=\"meta-sep\">|<\/span>\n\t\t\t\t\t\t\t<span class=\"tag-links\">\n\t\t\t\t<span class=\"entry-utility-prep entry-utility-prep-tag-links\">Tagged<\/span> <a href=\"https:\/\/boldor.rseq.ca\/?tag=2017\" rel=\"tag\">2017<\/a>\t\t\t<\/span>\n\t\t\t<span class=\"meta-sep\">|<\/span>\n\t\t\t\t<span class=\"comments-link\"><span>Commentaires ferm\u00e9s<span class=\"screen-reader-text\"> sur [FOOTBALL JUV\u00c9NILE D1-B] LES SCORPIONS REMPORTENT LA COUPE D\u2019OR 2017<\/span><\/span><\/span>\n\t\t\t<\/div>\n<\/div>\n<div class=\"greySeparatorLine\"><\/div>\n<!-- \/\/ End of Post Wrap -->\n<!-- NOTE: If you need to make changes to this file, copy it to your current theme's main\n\tdirectory so your changes won't be overwritten when the plugin is upgraded. -->\n\n<!-- Start of Post Wrap -->\n<div class=\"post hentry ivycat-post wrapper-manchette\">\n\t<img width=\"627\" height=\"270\" src=\"https:\/\/boldor.rseq.ca\/wp-content\/uploads\/2017\/11\/m-d2-2017.jpg\" class=\"attachment-post-thumbnail size-post-thumbnail wp-post-image\" alt=\"\" decoding=\"async\" loading=\"lazy\" srcset=\"https:\/\/boldor.rseq.ca\/wp-content\/uploads\/2017\/11\/m-d2-2017.jpg 627w, https:\/\/boldor.rseq.ca\/wp-content\/uploads\/2017\/11\/m-d2-2017-300x129.jpg 300w\" sizes=\"(max-width: 627px) 100vw, 627px\" \/>\t<!-- This is the output of the post TITLE -->\n\t<h2 class=\"entry-title-manchette\"><a href=\"https:\/\/boldor.rseq.ca\/?p=1492\">[FOOTBALL COLL\u00c9GIAL DIVISION 2] \u2013 Le Noir et Or, champions du BOL D&rsquo;OR 2017<\/a><\/h2>\n\n\t<!-- This is the output of the EXCERPT -->\n\t<div class=\"entry-summary-p\">\n\t\tMontr\u00e9al, 17 novembre 2017 &#8211; C&rsquo;est un match serr\u00e9 qui s&rsquo;annon\u00e7ait ce soir au complexe sportif Claude-Robillard, alors que les Islanders de John Abbott affrontaient&#8230;\t<\/div>\n\t<span class=\"postDateTime\">2017-11-17 | 23:12<\/span>\n\t<!-- This is the output of the META information -->\n\n\t<div class=\"entry-utility\" style=\"display:none;\">\n\t\t\t\t\t<span class=\"cat-links\">\n\t\t\t\t<span class=\"entry-utility-prep entry-utility-prep-cat-links\">Posted in<\/span> <a href=\"https:\/\/boldor.rseq.ca\/?cat=1\" rel=\"category\">Uncategorised<\/a>\t\t\t<\/span>\n\t\t\t<span class=\"meta-sep\">|<\/span>\n\t\t\t\t\t\t\t<span class=\"tag-links\">\n\t\t\t\t<span class=\"entry-utility-prep entry-utility-prep-tag-links\">Tagged<\/span> <a href=\"https:\/\/boldor.rseq.ca\/?tag=2017\" rel=\"tag\">2017<\/a>\t\t\t<\/span>\n\t\t\t<span class=\"meta-sep\">|<\/span>\n\t\t\t\t<span class=\"comments-link\"><span>Commentaires ferm\u00e9s<span class=\"screen-reader-text\"> sur [FOOTBALL COLL\u00c9GIAL DIVISION 2] \u2013 Le Noir et Or, champions du BOL D&rsquo;OR 2017<\/span><\/span><\/span>\n\t\t\t<\/div>\n<\/div>\n<div class=\"greySeparatorLine\"><\/div>\n<!-- \/\/ End of Post Wrap -->\n","protected":false},"excerpt":{"rendered":"Montr\u00e9al, 17 novembre 2017 &#8211; C&rsquo;est un match serr\u00e9 qui s&rsquo;annon\u00e7ait ce soir au complexe sportif Claude-Robillard, alors que les Islanders de John Abbott affrontaient&#8230;","protected":false},"author":5,"featured_media":0,"parent":327,"menu_order":1,"comment_status":"closed","ping_status":"closed","template":"","meta":{"_links_to":"","_links_to_target":""},"_links":{"self":[{"href":"https:\/\/boldor.rseq.ca\/index.php?rest_route=\/wp\/v2\/pages\/1313"}],"collection":[{"href":"https:\/\/boldor.rseq.ca\/index.php?rest_route=\/wp\/v2\/pages"}],"about":[{"href":"https:\/\/boldor.rseq.ca\/index.php?rest_route=\/wp\/v2\/types\/page"}],"author":[{"embeddable":true,"href":"https:\/\/boldor.rseq.ca\/index.php?rest_route=\/wp\/v2\/users\/5"}],"replies":[{"embeddable":true,"href":"https:\/\/boldor.rseq.ca\/index.php?rest_route=%2Fwp%2Fv2%2Fcomments&post=1313"}],"version-history":[{"count":1,"href":"https:\/\/boldor.rseq.ca\/index.php?rest_route=\/wp\/v2\/pages\/1313\/revisions"}],"predecessor-version":[{"id":1314,"href":"https:\/\/boldor.rseq.ca\/index.php?rest_route=\/wp\/v2\/pages\/1313\/revisions\/1314"}],"up":[{"embeddable":true,"href":"https:\/\/boldor.rseq.ca\/index.php?rest_route=\/wp\/v2\/pages\/327"}],"wp:attachment":[{"href":"https:\/\/boldor.rseq.ca\/index.php?rest_route=%2Fwp%2Fv2%2Fmedia&parent=1313"}],"curies":[{"name":"wp","href":"https:\/\/api.w.org\/{rel}","templated":true}]}}