{"id":1317,"date":"2017-09-19T14:14:32","date_gmt":"2017-09-19T18:14:32","guid":{"rendered":"http:\/\/boldor.ca\/?page_id=1317"},"modified":"2017-12-04T14:24:53","modified_gmt":"2017-12-04T19:24:53","slug":"2017-2","status":"publish","type":"page","link":"https:\/\/boldor.rseq.ca\/?page_id=1317","title":{"rendered":"2017"},"content":{"rendered":"<h4><strong>HORAIRE ET R\u00c9SULTATS 2017<\/strong><\/h4>\r\n<p class=\"classementTableTitle\" style=\"margin-bottom: 0;\"><strong>Coll\u00e9gial Division 2<\/strong><span class=\"gameTime\"> VENDREDI 17 NOVEMBRE 2017 &#8211; 19H00<\/span><\/p>\r\n<table class=\"tableResultats\" style=\"margin-bottom: 0 !important;\">\r\n<thead class=\"tHeadTableResultats\">\r\n<tr>\r\n<th class=\"TDleftText\" width=\"40%\">\u00c9QUIPES<\/th>\r\n<th width=\"10%\">Q1<\/th>\r\n<th width=\"10%\">Q2<\/th>\r\n<th width=\"10%\">Q3<\/th>\r\n<th width=\"10%\">Q4<\/th>\r\n<th width=\"10%\">PROL<\/th>\r\n<th width=\"10%\">FINAL<\/th>\r\n<\/tr>\r\n<\/thead>\r\n<tbody>\r\n<tr>\r\n<td class=\"TDleftText\"><img decoding=\"async\" style=\"width: 30px; margin-right: 8px;\" title=\"C\u00e9gep John-Abbott\" src=\"\/wp-content\/uploads\/2015\/10\/john_abbott.png\" alt=\"\" \/>C\u00e9gep John-Abbott<\/td>\r\n<td>\u00a04<\/td>\r\n<td>\u00a018<\/td>\r\n<td>\u00a018<\/td>\r\n<td>\u00a025<\/td>\r\n<td>&nbsp;<\/td>\r\n<td>\u00a025<\/td>\r\n<\/tr>\r\n<tr>\r\n<td class=\"TDleftText\"><img decoding=\"async\" style=\"width: 30px; margin-right: 8px;\" title=\"Valleyfield\" src=\"\/wp-content\/uploads\/2015\/10\/valleyfield.png\" alt=\"\" \/>Coll\u00e8ge de Valleyfield<\/td>\r\n<td>\u00a03<\/td>\r\n<td>\u00a017<\/td>\r\n<td>\u00a022<\/td>\r\n<td>\u00a038<\/td>\r\n<td>&nbsp;<\/td>\r\n<td>\u00a038<\/td>\r\n<\/tr>\r\n<\/tbody>\r\n<\/table>\r\n<p><a href=\"http:\/\/sportetudiant-stats.com\/collegial\/football-d2\/stats\/2017\/s12.htm\" target=\"_blank\" rel=\"noopener\"><strong>STATISTIQUES D\u00c9TAILL\u00c9ES<\/strong><\/a> <br \/>\r\n <a href=\"https:\/\/www.facebook.com\/pg\/RSEQ1\/photos\/?tab=album&amp;album_id=1722558631102348\" target=\"_blank\" rel=\"noopener\"><strong>PHOTOS<br \/>\r\n <\/strong><\/a><a href=\"https:\/\/www.youtube.com\/watch?v=NhghqVdLhj4\" target=\"_blank\" rel=\"noopener\"><strong>VID\u00c9O (MATCH COMPLET)<\/strong><\/a><\/p>\r\n<div class=\"greySeparatorLine\" style=\"margin: 25px 0;\">\u00a0<\/div>\r\n<p class=\"classementTableTitle\"><strong>Juv\u00e9nile Division 1-B<\/strong><span class=\"gameTime\"> SAMEDI 18 NOVEMBRE 2017 &#8211; 10H00<\/span><\/p>\r\n<table class=\"tableResultats\" style=\"margin-bottom: 0 !important;\">\r\n<thead class=\"tHeadTableResultats\">\r\n<tr>\r\n<th class=\"TDleftText\" width=\"40%\">\u00c9QUIPES<\/th>\r\n<th width=\"10%\">Q1<\/th>\r\n<th width=\"10%\">Q2<\/th>\r\n<th width=\"10%\">Q3<\/th>\r\n<th width=\"10%\">Q4<\/th>\r\n<th width=\"10%\">PROL<\/th>\r\n<th width=\"10%\">FINAL<\/th>\r\n<\/tr>\r\n<\/thead>\r\n<tbody>\r\n<tr>\r\n<td class=\"TDleftText\"><img decoding=\"async\" style=\"width: 30px; margin-right: 8px;\" title=\"\u00c9.S. Armand-Corbeil\" src=\"\/wp-content\/uploads\/2015\/10\/es-armand-corbeil.png\" alt=\"\" \/>\u00c9.S. Armand-Corbeil<\/td>\r\n<td>\u00a010<\/td>\r\n<td>\u00a020<\/td>\r\n<td>\u00a020<\/td>\r\n<td>\u00a020<\/td>\r\n<td>&nbsp;<\/td>\r\n<td>\u00a020<\/td>\r\n<\/tr>\r\n<tr>\r\n<td class=\"TDleftText\"><img decoding=\"async\" style=\"width: 30px; margin-right: 8px;\" title=\"S\u00e9minaire Saint-Joseph\" src=\"\/wp-content\/uploads\/2015\/11\/seminaires-st-joseph.png\" alt=\"\" \/>S\u00e9minaire Saint-Joseph<\/td>\r\n<td>\u00a07<\/td>\r\n<td>\u00a07<\/td>\r\n<td>\u00a09<\/td>\r\n<td>\u00a09<\/td>\r\n<td>&nbsp;<\/td>\r\n<td>\u00a09<\/td>\r\n<\/tr>\r\n<\/tbody>\r\n<\/table>\r\n<p><a href=\"http:\/\/www.sportetudiant-stats.com\/scolaire\/football-juv-d1\/stats\/2017\/s206.htm\" target=\"_blank\" rel=\"noopener\"><strong>STATISTIQUES D\u00c9TAILL\u00c9ES<\/strong><\/a><br \/>\r\n <a href=\"https:\/\/www.facebook.com\/pg\/RSEQ1\/photos\/?tab=album&amp;album_id=1722765844414960\" target=\"_blank\" rel=\"noopener\"><strong>PHOTOS<\/strong><\/a><br \/>\r\n <a href=\"https:\/\/www.youtube.com\/watch?v=Y8--tLFWIJA\" target=\"_blank\" rel=\"noopener\"><strong>VID\u00c9O (MATCH COMPLET)<\/strong><\/a><\/p>\r\n<div class=\"greySeparatorLine\" style=\"margin: 25px 0;\">\u00a0<\/div>\r\n<p class=\"classementTableTitle\"><strong>COLL\u00c9GIAL Division 1<\/strong><span class=\"gameTime\"> SAMEDI 18 NOVEMBRE 2017 &#8211; 15H00<\/span><\/p>\r\n<table class=\"tableResultats\" style=\"margin-bottom: 0 !important;\">\r\n<thead class=\"tHeadTableResultats\">\r\n<tr>\r\n<th class=\"TDleftText\" width=\"40%\">\u00c9QUIPES<\/th>\r\n<th width=\"10%\">Q1<\/th>\r\n<th width=\"10%\">Q2<\/th>\r\n<th width=\"10%\">Q3<\/th>\r\n<th width=\"10%\">Q4<\/th>\r\n<th width=\"10%\">PROL<\/th>\r\n<th width=\"10%\">FINAL<\/th>\r\n<\/tr>\r\n<\/thead>\r\n<tbody>\r\n<tr>\r\n<td class=\"TDleftText\"><img decoding=\"async\" style=\"width: 30px; margin-right: 8px;\" title=\"C\u00e9gep Vanier\" src=\"\/wp-content\/uploads\/2015\/10\/Vanier.png\" alt=\"\" \/>C\u00e9gep Vanier<\/td>\r\n<td>\u00a00<\/td>\r\n<td>\u00a00<\/td>\r\n<td>\u00a00<\/td>\r\n<td>\u00a00<\/td>\r\n<td>&nbsp;<\/td>\r\n<td>\u00a00<\/td>\r\n<\/tr>\r\n<tr>\r\n<td class=\"TDleftText\"><img decoding=\"async\" style=\"width: 30px; margin-right: 8px;\" title=\"Coll\u00e8ge Champlain-Lennoxville\" src=\"\/wp-content\/uploads\/2015\/10\/Champlain-Lennox.png\" alt=\"\" \/>Coll\u00e8ge Champlain-Lennoxville<\/td>\r\n<td>\u00a09<\/td>\r\n<td>\u00a026<\/td>\r\n<td>\u00a029<\/td>\r\n<td>\u00a036<\/td>\r\n<td>&nbsp;<\/td>\r\n<td>\u00a036<\/td>\r\n<\/tr>\r\n<\/tbody>\r\n<\/table>\r\n<p><a href=\"http:\/\/sportetudiant-stats.com\/collegial\/football-d1\/stats\/2017\/s06.htm\" target=\"_blank\" rel=\"noopener\"><strong>STATISTIQUES D\u00c9TAILL\u00c9ES<\/strong><\/a><br \/>\r\n <strong><a href=\"https:\/\/www.facebook.com\/pg\/RSEQ1\/photos\/?tab=album&amp;album_id=1723054357719442\" target=\"_blank\" rel=\"noopener\">PHOTOS<\/a><br \/>\r\n <a href=\"https:\/\/www.youtube.com\/watch?v=mDeyEIwf8xs&amp;feature=youtu.be\" target=\"_blank\" rel=\"noopener\">VID\u00c9O (MATCH COMPLET)<\/a><br \/>\r\n <\/strong><\/p>\r\n<div class=\"greySeparatorLine\" style=\"margin: 25px 0;\">\u00a0<\/div>\r\n<p class=\"classementTableTitle\"><strong>COLL\u00c9GIAL Division 3<\/strong><span class=\"gameTime\"> SAMEDI 18 NOVEMBRE 2017 &#8211; 20H00<\/span><\/p>\r\n<table class=\"tableResultats\" style=\"margin-bottom: 0 !important;\">\r\n<thead class=\"tHeadTableResultats\">\r\n<tr>\r\n<th class=\"TDleftText\" width=\"40%\">\u00c9QUIPES<\/th>\r\n<th width=\"10%\">Q1<\/th>\r\n<th width=\"10%\">Q2<\/th>\r\n<th width=\"10%\">Q3<\/th>\r\n<th width=\"10%\">Q4<\/th>\r\n<th width=\"10%\">PROL<\/th>\r\n<th width=\"10%\">FINAL<\/th>\r\n<\/tr>\r\n<\/thead>\r\n<tbody>\r\n<tr>\r\n<td class=\"TDleftText\"><img decoding=\"async\" style=\"width: 30px; margin-right: 8px;\" title=\"C\u00e9gep de Jonqui\u00e8re\" src=\"\/wp-content\/uploads\/2015\/10\/jonquiere.png\" alt=\"\" \/>C\u00e9gep de Jonqui\u00e8re<\/td>\r\n<td>\u00a00<\/td>\r\n<td>\u00a07<\/td>\r\n<td>\u00a014<\/td>\r\n<td>\u00a020<\/td>\r\n<td>&nbsp;<\/td>\r\n<td>\u00a020<\/td>\r\n<\/tr>\r\n<tr>\r\n<td class=\"TDleftText\"><img decoding=\"async\" style=\"width: 30px; margin-right: 8px;\" title=\"C\u00e9gep de Saint-Hyacinthe\" src=\"\/wp-content\/uploads\/2015\/10\/st-hyacinthe.png\" alt=\"\" \/>C\u00e9gep de Saint-Hyacinthe<\/td>\r\n<td>\u00a05<\/td>\r\n<td>\u00a022<\/td>\r\n<td>\u00a029<\/td>\r\n<td>\u00a035<\/td>\r\n<td>&nbsp;<\/td>\r\n<td>\u00a035<\/td>\r\n<\/tr>\r\n<\/tbody>\r\n<\/table>\r\n<p><a href=\"http:\/\/sportetudiant-stats.com\/collegial\/football-d3\/stats\/2017\/s19.htm\" target=\"_blank\" rel=\"noopener\"><strong>STATISTIQUES D\u00c9TAILL\u00c9ES<\/strong><\/a><br \/>\r\n <a href=\"https:\/\/www.facebook.com\/pg\/RSEQ1\/photos\/?tab=album&amp;album_id=1723734110984800\" target=\"_blank\" rel=\"noopener\"><strong>PHOTOS<\/strong><\/a><br \/>\r\n <a href=\"https:\/\/www.youtube.com\/watch?v=AL6NDx8RVN8&amp;feature=youtu.be\" target=\"_blank\" rel=\"noopener\"><strong>VID\u00c9O (MATCH COMPLET)<\/strong><\/a><\/p>\r\n<div class=\"greySeparatorLine\" style=\"margin: 25px 0;\">\u00a0<\/div>\r\n<p class=\"classementTableTitle\"><strong>Juv\u00e9nile Division 1<\/strong><span class=\"gameTime\"> DIMANCHE 19\u00a0NOVEMBRE 2017 &#8211; 13H00<\/span><\/p>\r\n<table class=\"tableResultats\" style=\"margin-bottom: 0 !important;\">\r\n<thead class=\"tHeadTableResultats\">\r\n<tr>\r\n<th class=\"TDleftText\" width=\"40%\">\u00c9QUIPES<\/th>\r\n<th width=\"10%\">Q1<\/th>\r\n<th width=\"10%\">Q2<\/th>\r\n<th width=\"10%\">Q3<\/th>\r\n<th width=\"10%\">Q4<\/th>\r\n<th width=\"10%\">PROL<\/th>\r\n<th width=\"10%\">FINAL<\/th>\r\n<\/tr>\r\n<\/thead>\r\n<tbody>\r\n<tr>\r\n<td class=\"TDleftText\"><img decoding=\"async\" style=\"width: 30px; margin-right: 8px;\" title=\"\u00c9.S. Cur\u00e9-Antoinne-Labelle\" src=\"\/wp-content\/uploads\/2015\/10\/cure-antoine-labelle.png\" alt=\"\" \/>\u00c9.S. Cur\u00e9-Antoine-Labelle<\/td>\r\n<td>\u00a03<\/td>\r\n<td>\u00a010<\/td>\r\n<td>\u00a010<\/td>\r\n<td>\u00a013<\/td>\r\n<td>&nbsp;<\/td>\r\n<td>\u00a013<\/td>\r\n<\/tr>\r\n<tr>\r\n<td class=\"TDleftText\"><img decoding=\"async\" style=\"width: 30px; margin-right: 8px;\" title=\"S\u00e9minaire St-Fran\u00e7ois\" src=\"\/wp-content\/uploads\/2015\/10\/seminaire-st-francois.png\" alt=\"\" \/>S\u00e9minaire Saint-Fran\u00e7ois<\/td>\r\n<td>\u00a07<\/td>\r\n<td>\u00a07<\/td>\r\n<td>\u00a014<\/td>\r\n<td>\u00a028<\/td>\r\n<td>&nbsp;<\/td>\r\n<td>\u00a028<\/td>\r\n<\/tr>\r\n<\/tbody>\r\n<\/table>\r\n<p><strong><a href=\"http:\/\/www.sportetudiant-stats.com\/scolaire\/football-juv-d1\/stats\/2017\/s106.htm\" target=\"_blank\" rel=\"noopener\">STATISTIQUES D\u00c9TAILL\u00c9ES<br \/>\r\n <\/a><\/strong><a href=\"https:\/\/www.facebook.com\/pg\/RSEQ1\/photos\/?tab=album&amp;album_id=1723904097634468\" target=\"_blank\" rel=\"noopener\"><strong>PHOTOS<br \/>\r\n <\/strong><\/a><a href=\"https:\/\/www.youtube.com\/watch?v=YnnRiElazKo\" target=\"_blank\" rel=\"noopener\"><strong>VID\u00c9O (MATCH COMPLET)<\/strong><\/a><\/p>","protected":false},"excerpt":{"rendered":"HORAIRE ET R\u00c9SULTATS 2017 Coll\u00e9gial Division 2 VENDREDI 17 NOVEMBRE 2017 &#8211; 19H00 \u00c9QUIPES Q1 Q2 Q3 Q4 PROL FINAL C\u00e9gep John-Abbott \u00a04 \u00a018 \u00a018&#8230;","protected":false},"author":5,"featured_media":0,"parent":27,"menu_order":0,"comment_status":"closed","ping_status":"closed","template":"","meta":{"_links_to":"","_links_to_target":""},"_links":{"self":[{"href":"https:\/\/boldor.rseq.ca\/index.php?rest_route=\/wp\/v2\/pages\/1317"}],"collection":[{"href":"https:\/\/boldor.rseq.ca\/index.php?rest_route=\/wp\/v2\/pages"}],"about":[{"href":"https:\/\/boldor.rseq.ca\/index.php?rest_route=\/wp\/v2\/types\/page"}],"author":[{"embeddable":true,"href":"https:\/\/boldor.rseq.ca\/index.php?rest_route=\/wp\/v2\/users\/5"}],"replies":[{"embeddable":true,"href":"https:\/\/boldor.rseq.ca\/index.php?rest_route=%2Fwp%2Fv2%2Fcomments&post=1317"}],"version-history":[{"count":79,"href":"https:\/\/boldor.rseq.ca\/index.php?rest_route=\/wp\/v2\/pages\/1317\/revisions"}],"predecessor-version":[{"id":1646,"href":"https:\/\/boldor.rseq.ca\/index.php?rest_route=\/wp\/v2\/pages\/1317\/revisions\/1646"}],"up":[{"embeddable":true,"href":"https:\/\/boldor.rseq.ca\/index.php?rest_route=\/wp\/v2\/pages\/27"}],"wp:attachment":[{"href":"https:\/\/boldor.rseq.ca\/index.php?rest_route=%2Fwp%2Fv2%2Fmedia&parent=1317"}],"curies":[{"name":"wp","href":"https:\/\/api.w.org\/{rel}","templated":true}]}}