{"id":15,"date":"2015-08-24T14:30:52","date_gmt":"2015-08-24T18:30:52","guid":{"rendered":"http:\/\/dev.rseq.ca\/bo15\/?page_id=15"},"modified":"2025-11-13T09:08:37","modified_gmt":"2025-11-13T14:08:37","slug":"botte-denvoi-de-la-41e-edition-du-bol-dor","status":"publish","type":"page","link":"https:\/\/boldor.rseq.ca\/","title":{"rendered":"Accueil"},"content":{"rendered":"<!-- Playlist in between games -->\r\n<div style=\"width: 1280px;\" class=\"wp-video\"><!--[if lt IE 9]><script>document.createElement('video');<\/script><![endif]-->\n<video class=\"wp-video-shortcode\" id=\"video-15-1\" width=\"1280\" height=\"544\" preload=\"metadata\" controls=\"controls\"><source type=\"video\/mp4\" src=\"https:\/\/boldor.rseq.ca\/wp-content\/uploads\/2025\/11\/Top-10-Bol-Dor-2024_V1-low.mp4?_=1\" \/><a href=\"https:\/\/boldor.rseq.ca\/wp-content\/uploads\/2025\/11\/Top-10-Bol-Dor-2024_V1-low.mp4\">https:\/\/boldor.rseq.ca\/wp-content\/uploads\/2025\/11\/Top-10-Bol-Dor-2024_V1-low.mp4<\/a><\/video><\/div><\/p>\r\n<div class=\"greySeparatorLineHoraire\">\u00a0<!-- NOTE: If you need to make changes to this file, copy it to your current theme's main\n\tdirectory so your changes won't be overwritten when the plugin is upgraded. -->\n\n<!-- Start of Post Wrap -->\n<div class=\"post hentry ivycat-post wrapper-manchette\">\n\t<img width=\"3375\" height=\"1315\" src=\"https:\/\/boldor.rseq.ca\/wp-content\/uploads\/2025\/11\/BOL-DOR_COLORN-B-2025-04.png\" class=\"attachment-post-thumbnail size-post-thumbnail wp-post-image\" alt=\"\" decoding=\"async\" loading=\"lazy\" srcset=\"https:\/\/boldor.rseq.ca\/wp-content\/uploads\/2025\/11\/BOL-DOR_COLORN-B-2025-04.png 3375w, https:\/\/boldor.rseq.ca\/wp-content\/uploads\/2025\/11\/BOL-DOR_COLORN-B-2025-04-300x117.png 300w, https:\/\/boldor.rseq.ca\/wp-content\/uploads\/2025\/11\/BOL-DOR_COLORN-B-2025-04-1024x399.png 1024w, https:\/\/boldor.rseq.ca\/wp-content\/uploads\/2025\/11\/BOL-DOR_COLORN-B-2025-04-768x299.png 768w, https:\/\/boldor.rseq.ca\/wp-content\/uploads\/2025\/11\/BOL-DOR_COLORN-B-2025-04-1536x598.png 1536w, https:\/\/boldor.rseq.ca\/wp-content\/uploads\/2025\/11\/BOL-DOR_COLORN-B-2025-04-2048x798.png 2048w\" sizes=\"(max-width: 3375px) 100vw, 3375px\" \/>\t<!-- This is the output of the post TITLE -->\n\t<h2 class=\"entry-title-manchette\"><a href=\"https:\/\/boldor.rseq.ca\/?p=3143\">Saint-Jean-Eudes demeure monarque du juv\u00e9nile D1<\/a><\/h2>\n\n\t<!-- This is the output of the EXCERPT -->\n\t<div class=\"entry-summary-p\">\n\t\tTrois-Rivi\u00e8res, 16 novembre 2025 \u2013 Guid\u00e9s par Xavier Lapointe, les Condors de l\u2019\u00c9cole secondaire Saint-Jean-Eudes ont remport\u00e9 la grande finale du juv\u00e9nile D1 prenant la&#8230;\t<\/div>\n\t<span class=\"postDateTime\">2025-11-16 | 17:46<\/span>\n\t<!-- This is the output of the META information -->\n\n\t<div class=\"entry-utility\" style=\"display:none;\">\n\t\t\t\t\t<span class=\"cat-links\">\n\t\t\t\t<span class=\"entry-utility-prep entry-utility-prep-cat-links\">Posted in<\/span> <a href=\"https:\/\/boldor.rseq.ca\/?cat=1\" rel=\"category\">Uncategorised<\/a>\t\t\t<\/span>\n\t\t\t<span class=\"meta-sep\">|<\/span>\n\t\t\t\t\t\t\t<span class=\"tag-links\">\n\t\t\t\t<span class=\"entry-utility-prep entry-utility-prep-tag-links\">Tagged<\/span> <a href=\"https:\/\/boldor.rseq.ca\/?tag=2025\" rel=\"tag\">2025<\/a>\t\t\t<\/span>\n\t\t\t<span class=\"meta-sep\">|<\/span>\n\t\t\t\t<span class=\"comments-link\"><span>Commentaires ferm\u00e9s<span class=\"screen-reader-text\"> sur Saint-Jean-Eudes demeure monarque du juv\u00e9nile D1<\/span><\/span><\/span>\n\t\t\t<\/div>\n<\/div>\n<div class=\"greySeparatorLine\"><\/div>\n<!-- \/\/ End of Post Wrap -->\n<!-- NOTE: If you need to make changes to this file, copy it to your current theme's main\n\tdirectory so your changes won't be overwritten when the plugin is upgraded. -->\n\n<!-- Start of Post Wrap -->\n<div class=\"post hentry ivycat-post wrapper-manchette\">\n\t<img width=\"3375\" height=\"1315\" src=\"https:\/\/boldor.rseq.ca\/wp-content\/uploads\/2025\/11\/BOL-DOR_COLORN-B-2025-04.png\" class=\"attachment-post-thumbnail size-post-thumbnail wp-post-image\" alt=\"\" decoding=\"async\" loading=\"lazy\" srcset=\"https:\/\/boldor.rseq.ca\/wp-content\/uploads\/2025\/11\/BOL-DOR_COLORN-B-2025-04.png 3375w, https:\/\/boldor.rseq.ca\/wp-content\/uploads\/2025\/11\/BOL-DOR_COLORN-B-2025-04-300x117.png 300w, https:\/\/boldor.rseq.ca\/wp-content\/uploads\/2025\/11\/BOL-DOR_COLORN-B-2025-04-1024x399.png 1024w, https:\/\/boldor.rseq.ca\/wp-content\/uploads\/2025\/11\/BOL-DOR_COLORN-B-2025-04-768x299.png 768w, https:\/\/boldor.rseq.ca\/wp-content\/uploads\/2025\/11\/BOL-DOR_COLORN-B-2025-04-1536x598.png 1536w, https:\/\/boldor.rseq.ca\/wp-content\/uploads\/2025\/11\/BOL-DOR_COLORN-B-2025-04-2048x798.png 2048w\" sizes=\"(max-width: 3375px) 100vw, 3375px\" \/>\t<!-- This is the output of the post TITLE -->\n\t<h2 class=\"entry-title-manchette\"><a href=\"https:\/\/boldor.rseq.ca\/?p=3132\">Men\u00e9s par Jayden Cauvier, les Voltigeurs remportent le BOL D&rsquo;OR<\/a><\/h2>\n\n\t<!-- This is the output of the EXCERPT -->\n\t<div class=\"entry-summary-p\">\n\t\tTrois-Rivi\u00e8res, 16 novembre 2025 \u2013 En finale du football scolaire cadet division 1, on a eu droit au festival Jayden Cauvier. Le prolifique \u00e9tudiant-athl\u00e8te a&#8230;\t<\/div>\n\t<span class=\"postDateTime\"> | 13:53<\/span>\n\t<!-- This is the output of the META information -->\n\n\t<div class=\"entry-utility\" style=\"display:none;\">\n\t\t\t\t\t<span class=\"cat-links\">\n\t\t\t\t<span class=\"entry-utility-prep entry-utility-prep-cat-links\">Posted in<\/span> <a href=\"https:\/\/boldor.rseq.ca\/?cat=1\" rel=\"category\">Uncategorised<\/a>\t\t\t<\/span>\n\t\t\t<span class=\"meta-sep\">|<\/span>\n\t\t\t\t\t\t\t<span class=\"tag-links\">\n\t\t\t\t<span class=\"entry-utility-prep entry-utility-prep-tag-links\">Tagged<\/span> <a href=\"https:\/\/boldor.rseq.ca\/?tag=2025\" rel=\"tag\">2025<\/a>\t\t\t<\/span>\n\t\t\t<span class=\"meta-sep\">|<\/span>\n\t\t\t\t<span class=\"comments-link\"><span>Commentaires ferm\u00e9s<span class=\"screen-reader-text\"> sur Men\u00e9s par Jayden Cauvier, les Voltigeurs remportent le BOL D&rsquo;OR<\/span><\/span><\/span>\n\t\t\t<\/div>\n<\/div>\n<div class=\"greySeparatorLine\"><\/div>\n<!-- \/\/ End of Post Wrap -->\n<!-- NOTE: If you need to make changes to this file, copy it to your current theme's main\n\tdirectory so your changes won't be overwritten when the plugin is upgraded. -->\n\n<!-- Start of Post Wrap -->\n<div class=\"post hentry ivycat-post wrapper-manchette\">\n\t<img width=\"2048\" height=\"1365\" src=\"https:\/\/boldor.rseq.ca\/wp-content\/uploads\/2025\/11\/colld3-01.jpg\" class=\"attachment-post-thumbnail size-post-thumbnail wp-post-image\" alt=\"\" decoding=\"async\" loading=\"lazy\" srcset=\"https:\/\/boldor.rseq.ca\/wp-content\/uploads\/2025\/11\/colld3-01.jpg 2048w, https:\/\/boldor.rseq.ca\/wp-content\/uploads\/2025\/11\/colld3-01-300x200.jpg 300w, https:\/\/boldor.rseq.ca\/wp-content\/uploads\/2025\/11\/colld3-01-1024x683.jpg 1024w, https:\/\/boldor.rseq.ca\/wp-content\/uploads\/2025\/11\/colld3-01-768x512.jpg 768w, https:\/\/boldor.rseq.ca\/wp-content\/uploads\/2025\/11\/colld3-01-1536x1024.jpg 1536w\" sizes=\"(max-width: 2048px) 100vw, 2048px\" \/>\t<!-- This is the output of the post TITLE -->\n\t<h2 class=\"entry-title-manchette\"><a href=\"https:\/\/boldor.rseq.ca\/?p=3139\">Un premier BOL D&rsquo;OR pour les Griffons!<\/a><\/h2>\n\n\t<!-- This is the output of the EXCERPT -->\n\t<div class=\"entry-summary-p\">\n\t\tTrois-Rivi\u00e8res, 15 novembre 2025 \u2013 Les Griffons du C\u00e9gep de l\u2019Outaouais ont remport\u00e9 leur premier BOL D&rsquo;OR en disposant des Gaulois du C\u00e9gep de La&#8230;\t<\/div>\n\t<span class=\"postDateTime\">2025-11-15 | 20:55<\/span>\n\t<!-- This is the output of the META information -->\n\n\t<div class=\"entry-utility\" style=\"display:none;\">\n\t\t\t\t\t<span class=\"cat-links\">\n\t\t\t\t<span class=\"entry-utility-prep entry-utility-prep-cat-links\">Posted in<\/span> <a href=\"https:\/\/boldor.rseq.ca\/?cat=1\" rel=\"category\">Uncategorised<\/a>\t\t\t<\/span>\n\t\t\t<span class=\"meta-sep\">|<\/span>\n\t\t\t\t\t\t\t<span class=\"tag-links\">\n\t\t\t\t<span class=\"entry-utility-prep entry-utility-prep-tag-links\">Tagged<\/span> <a href=\"https:\/\/boldor.rseq.ca\/?tag=2025\" rel=\"tag\">2025<\/a>\t\t\t<\/span>\n\t\t\t<span class=\"meta-sep\">|<\/span>\n\t\t\t\t<span class=\"comments-link\"><span>Commentaires ferm\u00e9s<span class=\"screen-reader-text\"> sur Un premier BOL D&rsquo;OR pour les Griffons!<\/span><\/span><\/span>\n\t\t\t<\/div>\n<\/div>\n<div class=\"greySeparatorLine\"><\/div>\n<!-- \/\/ End of Post Wrap -->\n<!-- NOTE: If you need to make changes to this file, copy it to your current theme's main\n\tdirectory so your changes won't be overwritten when the plugin is upgraded. -->\n\n<!-- Start of Post Wrap -->\n<div class=\"post hentry ivycat-post wrapper-manchette\">\n\t<img width=\"2048\" height=\"1365\" src=\"https:\/\/boldor.rseq.ca\/wp-content\/uploads\/2025\/11\/colld2-01.jpg\" class=\"attachment-post-thumbnail size-post-thumbnail wp-post-image\" alt=\"\" decoding=\"async\" loading=\"lazy\" srcset=\"https:\/\/boldor.rseq.ca\/wp-content\/uploads\/2025\/11\/colld2-01.jpg 2048w, https:\/\/boldor.rseq.ca\/wp-content\/uploads\/2025\/11\/colld2-01-300x200.jpg 300w, https:\/\/boldor.rseq.ca\/wp-content\/uploads\/2025\/11\/colld2-01-1024x683.jpg 1024w, https:\/\/boldor.rseq.ca\/wp-content\/uploads\/2025\/11\/colld2-01-768x512.jpg 768w, https:\/\/boldor.rseq.ca\/wp-content\/uploads\/2025\/11\/colld2-01-1536x1024.jpg 1536w\" sizes=\"(max-width: 2048px) 100vw, 2048px\" \/>\t<!-- This is the output of the post TITLE -->\n\t<h2 class=\"entry-title-manchette\"><a href=\"https:\/\/boldor.rseq.ca\/?p=3137\">Un troisi\u00e8me titre de suite pour les Laur\u00e9ats<\/a><\/h2>\n\n\t<!-- This is the output of the EXCERPT -->\n\t<div class=\"entry-summary-p\">\n\t\tTrois-Rivi\u00e8res, 15 novembre 2025 \u2013 Devant 1894 spectateurs r\u00e9unis au Stade Diablos de Trois-Rivi\u00e8res, les Laur\u00e9ats du C\u00e9gep de Saint-Hyacinthe ont poursuivi leur domination en&#8230;\t<\/div>\n\t<span class=\"postDateTime\"> | 17:09<\/span>\n\t<!-- This is the output of the META information -->\n\n\t<div class=\"entry-utility\" style=\"display:none;\">\n\t\t\t\t\t<span class=\"cat-links\">\n\t\t\t\t<span class=\"entry-utility-prep entry-utility-prep-cat-links\">Posted in<\/span> <a href=\"https:\/\/boldor.rseq.ca\/?cat=1\" rel=\"category\">Uncategorised<\/a>\t\t\t<\/span>\n\t\t\t<span class=\"meta-sep\">|<\/span>\n\t\t\t\t\t\t\t<span class=\"tag-links\">\n\t\t\t\t<span class=\"entry-utility-prep entry-utility-prep-tag-links\">Tagged<\/span> <a href=\"https:\/\/boldor.rseq.ca\/?tag=2025\" rel=\"tag\">2025<\/a>\t\t\t<\/span>\n\t\t\t<span class=\"meta-sep\">|<\/span>\n\t\t\t\t<span class=\"comments-link\"><span>Commentaires ferm\u00e9s<span class=\"screen-reader-text\"> sur Un troisi\u00e8me titre de suite pour les Laur\u00e9ats<\/span><\/span><\/span>\n\t\t\t<\/div>\n<\/div>\n<div class=\"greySeparatorLine\"><\/div>\n<!-- \/\/ End of Post Wrap -->\n<!-- NOTE: If you need to make changes to this file, copy it to your current theme's main\n\tdirectory so your changes won't be overwritten when the plugin is upgraded. -->\n\n<!-- Start of Post Wrap -->\n<div class=\"post hentry ivycat-post wrapper-manchette\">\n\t<img width=\"2048\" height=\"1365\" src=\"https:\/\/boldor.rseq.ca\/wp-content\/uploads\/2025\/11\/colld1-02.jpg\" class=\"attachment-post-thumbnail size-post-thumbnail wp-post-image\" alt=\"\" decoding=\"async\" loading=\"lazy\" srcset=\"https:\/\/boldor.rseq.ca\/wp-content\/uploads\/2025\/11\/colld1-02.jpg 2048w, https:\/\/boldor.rseq.ca\/wp-content\/uploads\/2025\/11\/colld1-02-300x200.jpg 300w, https:\/\/boldor.rseq.ca\/wp-content\/uploads\/2025\/11\/colld1-02-1024x683.jpg 1024w, https:\/\/boldor.rseq.ca\/wp-content\/uploads\/2025\/11\/colld1-02-768x512.jpg 768w, https:\/\/boldor.rseq.ca\/wp-content\/uploads\/2025\/11\/colld1-02-1536x1024.jpg 1536w\" sizes=\"(max-width: 2048px) 100vw, 2048px\" \/>\t<!-- This is the output of the post TITLE -->\n\t<h2 class=\"entry-title-manchette\"><a href=\"https:\/\/boldor.rseq.ca\/?p=3135\">Le Notre-Dame surprend Andr\u00e9-Grasset 23-13<\/a><\/h2>\n\n\t<!-- This is the output of the EXCERPT -->\n\t<div class=\"entry-summary-p\">\n\t\tTrois-Rivi\u00e8res, 14 novembre 2025 \u2013 Devant 1786 spectateurs pr\u00e9sents au Stade Diablos de Trois-Rivi\u00e8res, le Notre-Dame du Campus Notre-Dame-de-Foy a mis la main sur son&#8230;\t<\/div>\n\t<span class=\"postDateTime\">2025-11-14 | 22:22<\/span>\n\t<!-- This is the output of the META information -->\n\n\t<div class=\"entry-utility\" style=\"display:none;\">\n\t\t\t\t\t<span class=\"cat-links\">\n\t\t\t\t<span class=\"entry-utility-prep entry-utility-prep-cat-links\">Posted in<\/span> <a href=\"https:\/\/boldor.rseq.ca\/?cat=1\" rel=\"category\">Uncategorised<\/a>\t\t\t<\/span>\n\t\t\t<span class=\"meta-sep\">|<\/span>\n\t\t\t\t\t\t\t<span class=\"tag-links\">\n\t\t\t\t<span class=\"entry-utility-prep entry-utility-prep-tag-links\">Tagged<\/span> <a href=\"https:\/\/boldor.rseq.ca\/?tag=2025\" rel=\"tag\">2025<\/a>\t\t\t<\/span>\n\t\t\t<span class=\"meta-sep\">|<\/span>\n\t\t\t\t<span class=\"comments-link\"><span>Commentaires ferm\u00e9s<span class=\"screen-reader-text\"> sur Le Notre-Dame surprend Andr\u00e9-Grasset 23-13<\/span><\/span><\/span>\n\t\t\t<\/div>\n<\/div>\n<div class=\"greySeparatorLine\"><\/div>\n<!-- \/\/ End of Post Wrap -->\n<!-- NOTE: If you need to make changes to this file, copy it to your current theme's main\n\tdirectory so your changes won't be overwritten when the plugin is upgraded. -->\n\n<!-- Start of Post Wrap -->\n<div class=\"post hentry ivycat-post wrapper-manchette\">\n\t<img width=\"2048\" height=\"1365\" src=\"https:\/\/boldor.rseq.ca\/wp-content\/uploads\/2025\/11\/juvd2-02.jpg\" class=\"attachment-post-thumbnail size-post-thumbnail wp-post-image\" alt=\"\" decoding=\"async\" loading=\"lazy\" srcset=\"https:\/\/boldor.rseq.ca\/wp-content\/uploads\/2025\/11\/juvd2-02.jpg 2048w, https:\/\/boldor.rseq.ca\/wp-content\/uploads\/2025\/11\/juvd2-02-300x200.jpg 300w, https:\/\/boldor.rseq.ca\/wp-content\/uploads\/2025\/11\/juvd2-02-1024x683.jpg 1024w, https:\/\/boldor.rseq.ca\/wp-content\/uploads\/2025\/11\/juvd2-02-768x512.jpg 768w, https:\/\/boldor.rseq.ca\/wp-content\/uploads\/2025\/11\/juvd2-02-1536x1024.jpg 1536w\" sizes=\"(max-width: 2048px) 100vw, 2048px\" \/>\t<!-- This is the output of the post TITLE -->\n\t<h2 class=\"entry-title-manchette\"><a href=\"https:\/\/boldor.rseq.ca\/?p=3141\">Les Aigles d&rsquo;Or de Dalb\u00e9-Viau demeurent invaincus<\/a><\/h2>\n\n\t<!-- This is the output of the EXCERPT -->\n\t<div class=\"entry-summary-p\">\n\t\tTrois-Rivi\u00e8res, 14 novembre 2025 \u2013 Les Aigles d&rsquo;Or de l&rsquo;\u00c9cole secondaire Dalb\u00e9-Viau ont dispos\u00e9 ais\u00e9ment des Dragons du Coll\u00e8ge St-Jean-Vianney au compte de 49-14 en&#8230;\t<\/div>\n\t<span class=\"postDateTime\"> | 16:25<\/span>\n\t<!-- This is the output of the META information -->\n\n\t<div class=\"entry-utility\" style=\"display:none;\">\n\t\t\t\t\t<span class=\"cat-links\">\n\t\t\t\t<span class=\"entry-utility-prep entry-utility-prep-cat-links\">Posted in<\/span> <a href=\"https:\/\/boldor.rseq.ca\/?cat=1\" rel=\"category\">Uncategorised<\/a>\t\t\t<\/span>\n\t\t\t<span class=\"meta-sep\">|<\/span>\n\t\t\t\t\t\t\t<span class=\"tag-links\">\n\t\t\t\t<span class=\"entry-utility-prep entry-utility-prep-tag-links\">Tagged<\/span> <a href=\"https:\/\/boldor.rseq.ca\/?tag=2025\" rel=\"tag\">2025<\/a>\t\t\t<\/span>\n\t\t\t<span class=\"meta-sep\">|<\/span>\n\t\t\t\t<span class=\"comments-link\"><span>Commentaires ferm\u00e9s<span class=\"screen-reader-text\"> sur Les Aigles d&rsquo;Or de Dalb\u00e9-Viau demeurent invaincus<\/span><\/span><\/span>\n\t\t\t<\/div>\n<\/div>\n<div class=\"greySeparatorLine\"><\/div>\n<!-- \/\/ End of Post Wrap -->\n<!-- NOTE: If you need to make changes to this file, copy it to your current theme's main\n\tdirectory so your changes won't be overwritten when the plugin is upgraded. -->\n\n<!-- Start of Post Wrap -->\n<div class=\"post hentry ivycat-post wrapper-manchette\">\n\t<img width=\"2048\" height=\"1365\" src=\"https:\/\/boldor.rseq.ca\/wp-content\/uploads\/2025\/11\/482235778_1055176449975250_9012130026070247831_n.jpg\" class=\"attachment-post-thumbnail size-post-thumbnail wp-post-image\" alt=\"\" decoding=\"async\" loading=\"lazy\" srcset=\"https:\/\/boldor.rseq.ca\/wp-content\/uploads\/2025\/11\/482235778_1055176449975250_9012130026070247831_n.jpg 2048w, https:\/\/boldor.rseq.ca\/wp-content\/uploads\/2025\/11\/482235778_1055176449975250_9012130026070247831_n-300x200.jpg 300w, https:\/\/boldor.rseq.ca\/wp-content\/uploads\/2025\/11\/482235778_1055176449975250_9012130026070247831_n-1024x683.jpg 1024w, https:\/\/boldor.rseq.ca\/wp-content\/uploads\/2025\/11\/482235778_1055176449975250_9012130026070247831_n-768x512.jpg 768w, https:\/\/boldor.rseq.ca\/wp-content\/uploads\/2025\/11\/482235778_1055176449975250_9012130026070247831_n-1536x1024.jpg 1536w\" sizes=\"(max-width: 2048px) 100vw, 2048px\" \/>\t<!-- This is the output of the post TITLE -->\n\t<h2 class=\"entry-title-manchette\"><a href=\"https:\/\/boldor.rseq.ca\/?p=3130\">LES JEUX SONT FAITS, PLACE AUX FINALES<\/a><\/h2>\n\n\t<!-- This is the output of the EXCERPT -->\n\t<div class=\"entry-summary-p\">\n\t\tTrois-Rivi\u00e8res, 12 novembre 2025 \u2013 Pour sa 49e \u00e9dition, pas moins de six finales feront partie de la programmation du BOL D\u2019OR qui aura lieu&#8230;\t<\/div>\n\t<span class=\"postDateTime\">2025-11-12 | 09:22<\/span>\n\t<!-- This is the output of the META information -->\n\n\t<div class=\"entry-utility\" style=\"display:none;\">\n\t\t\t\t\t<span class=\"cat-links\">\n\t\t\t\t<span class=\"entry-utility-prep entry-utility-prep-cat-links\">Posted in<\/span> <a href=\"https:\/\/boldor.rseq.ca\/?cat=1\" rel=\"category\">Uncategorised<\/a>\t\t\t<\/span>\n\t\t\t<span class=\"meta-sep\">|<\/span>\n\t\t\t\t\t\t\t<span class=\"tag-links\">\n\t\t\t\t<span class=\"entry-utility-prep entry-utility-prep-tag-links\">Tagged<\/span> <a href=\"https:\/\/boldor.rseq.ca\/?tag=2025\" rel=\"tag\">2025<\/a>\t\t\t<\/span>\n\t\t\t<span class=\"meta-sep\">|<\/span>\n\t\t\t\t<span class=\"comments-link\"><span>Commentaires ferm\u00e9s<span class=\"screen-reader-text\"> sur LES JEUX SONT FAITS, PLACE AUX FINALES<\/span><\/span><\/span>\n\t\t\t<\/div>\n<\/div>\n<div class=\"greySeparatorLine\"><\/div>\n<!-- \/\/ End of Post Wrap -->\n<!-- NOTE: If you need to make changes to this file, copy it to your current theme's main\n\tdirectory so your changes won't be overwritten when the plugin is upgraded. -->\n\n<!-- Start of Post Wrap -->\n<div class=\"post hentry ivycat-post wrapper-manchette\">\n\t<img width=\"3375\" height=\"1315\" src=\"https:\/\/boldor.rseq.ca\/wp-content\/uploads\/2025\/11\/BOL-DOR_COLORN-B-2025-04.png\" class=\"attachment-post-thumbnail size-post-thumbnail wp-post-image\" alt=\"\" decoding=\"async\" loading=\"lazy\" srcset=\"https:\/\/boldor.rseq.ca\/wp-content\/uploads\/2025\/11\/BOL-DOR_COLORN-B-2025-04.png 3375w, https:\/\/boldor.rseq.ca\/wp-content\/uploads\/2025\/11\/BOL-DOR_COLORN-B-2025-04-300x117.png 300w, https:\/\/boldor.rseq.ca\/wp-content\/uploads\/2025\/11\/BOL-DOR_COLORN-B-2025-04-1024x399.png 1024w, https:\/\/boldor.rseq.ca\/wp-content\/uploads\/2025\/11\/BOL-DOR_COLORN-B-2025-04-768x299.png 768w, https:\/\/boldor.rseq.ca\/wp-content\/uploads\/2025\/11\/BOL-DOR_COLORN-B-2025-04-1536x598.png 1536w, https:\/\/boldor.rseq.ca\/wp-content\/uploads\/2025\/11\/BOL-DOR_COLORN-B-2025-04-2048x798.png 2048w\" sizes=\"(max-width: 3375px) 100vw, 3375px\" \/>\t<!-- This is the output of the post TITLE -->\n\t<h2 class=\"entry-title-manchette\"><a href=\"https:\/\/boldor.rseq.ca\/?p=3096\">BOL D\u2019OR 2025 : En route vers la 49e \u00e9dition<\/a><\/h2>\n\n\t<!-- This is the output of the EXCERPT -->\n\t<div class=\"entry-summary-p\">\n\t\tTrois-Rivi\u00e8res, 5 novembre 2025 \u2013 \u00c0 neuf jours du d\u00e9but des festivit\u00e9s entournant la 49e \u00e9dition du BOL D\u2019OR qui se tiendra \u00e0 Trois-Rivi\u00e8res, le&#8230;\t<\/div>\n\t<span class=\"postDateTime\">2025-11-05 | 09:34<\/span>\n\t<!-- This is the output of the META information -->\n\n\t<div class=\"entry-utility\" style=\"display:none;\">\n\t\t\t\t\t<span class=\"cat-links\">\n\t\t\t\t<span class=\"entry-utility-prep entry-utility-prep-cat-links\">Posted in<\/span> <a href=\"https:\/\/boldor.rseq.ca\/?cat=1\" rel=\"category\">Uncategorised<\/a>\t\t\t<\/span>\n\t\t\t<span class=\"meta-sep\">|<\/span>\n\t\t\t\t\t\t\t<span class=\"tag-links\">\n\t\t\t\t<span class=\"entry-utility-prep entry-utility-prep-tag-links\">Tagged<\/span> <a href=\"https:\/\/boldor.rseq.ca\/?tag=2025\" rel=\"tag\">2025<\/a>\t\t\t<\/span>\n\t\t\t<span class=\"meta-sep\">|<\/span>\n\t\t\t\t<span class=\"comments-link\"><span>Commentaires ferm\u00e9s<span class=\"screen-reader-text\"> sur BOL D\u2019OR 2025 : En route vers la 49e \u00e9dition<\/span><\/span><\/span>\n\t\t\t<\/div>\n<\/div>\n<div class=\"greySeparatorLine\"><\/div>\n<!-- \/\/ End of Post Wrap -->\n<\/div>","protected":false},"excerpt":{"rendered":"Trois-Rivi\u00e8res, 5 novembre 2025 \u2013 \u00c0 neuf jours du d\u00e9but des festivit\u00e9s entournant la 49e \u00e9dition du BOL D\u2019OR qui se tiendra \u00e0 Trois-Rivi\u00e8res, le&#8230;","protected":false},"author":5,"featured_media":0,"parent":0,"menu_order":10,"comment_status":"open","ping_status":"open","template":"","meta":{"_links_to":"","_links_to_target":""},"_links":{"self":[{"href":"https:\/\/boldor.rseq.ca\/index.php?rest_route=\/wp\/v2\/pages\/15"}],"collection":[{"href":"https:\/\/boldor.rseq.ca\/index.php?rest_route=\/wp\/v2\/pages"}],"about":[{"href":"https:\/\/boldor.rseq.ca\/index.php?rest_route=\/wp\/v2\/types\/page"}],"author":[{"embeddable":true,"href":"https:\/\/boldor.rseq.ca\/index.php?rest_route=\/wp\/v2\/users\/5"}],"replies":[{"embeddable":true,"href":"https:\/\/boldor.rseq.ca\/index.php?rest_route=%2Fwp%2Fv2%2Fcomments&post=15"}],"version-history":[{"count":162,"href":"https:\/\/boldor.rseq.ca\/index.php?rest_route=\/wp\/v2\/pages\/15\/revisions"}],"predecessor-version":[{"id":3258,"href":"https:\/\/boldor.rseq.ca\/index.php?rest_route=\/wp\/v2\/pages\/15\/revisions\/3258"}],"wp:attachment":[{"href":"https:\/\/boldor.rseq.ca\/index.php?rest_route=%2Fwp%2Fv2%2Fmedia&parent=15"}],"curies":[{"name":"wp","href":"https:\/\/api.w.org\/{rel}","templated":true}]}}