{"id":1593,"date":"2018-10-11T16:06:28","date_gmt":"2018-10-11T20:06:28","guid":{"rendered":"http:\/\/boldor.ca\/?page_id=1593"},"modified":"2025-11-05T10:45:33","modified_gmt":"2025-11-05T15:45:33","slug":"2018-2","status":"publish","type":"page","link":"https:\/\/boldor.rseq.ca\/?page_id=1593","title":{"rendered":"2018"},"content":{"rendered":"<h4><strong>HORAIRE ET R\u00c9SULTATS 2018<\/strong><\/h4>\r\n<p class=\"classementTableTitle\"><strong>Coll\u00e9gial Division 2<\/strong><span class=\"gameTime\"> VENDREDI 16 NOVEMBRE 2018 &#8211; 19H00<\/span><\/p>\r\n<table class=\"tableResultats\">\r\n<thead class=\"tHeadTableResultats\">\r\n<tr>\r\n<th class=\"TDleftText\" width=\"40%\">\u00c9QUIPES<\/th>\r\n<th width=\"10%\">Q1<\/th>\r\n<th width=\"10%\">Q2<\/th>\r\n<th width=\"10%\">Q3<\/th>\r\n<th width=\"10%\">Q4<\/th>\r\n<th width=\"10%\">PROL<\/th>\r\n<th width=\"10%\">FINAL<\/th>\r\n<\/tr>\r\n<\/thead>\r\n<tbody>\r\n<tr>\r\n<td class=\"TDleftText\" style=\"text-align: left;\">\r\n<p style=\"text-align: center;\"><img decoding=\"async\" loading=\"lazy\" class=\"wp-image-1644 alignnone\" src=\"http:\/\/boldor.ca\/wp-content\/uploads\/2018\/10\/Islanders-du-C\u00e9gep-John-Abbott-CMYK-300x228.png\" alt=\"\" width=\"59\" height=\"45\" srcset=\"https:\/\/boldor.rseq.ca\/wp-content\/uploads\/2018\/10\/Islanders-du-C\u00e9gep-John-Abbott-CMYK-300x228.png 300w, https:\/\/boldor.rseq.ca\/wp-content\/uploads\/2018\/10\/Islanders-du-C\u00e9gep-John-Abbott-CMYK.png 511w\" sizes=\"(max-width: 59px) 100vw, 59px\" \/>C\u00e9gep John Abbott<\/p>\r\n<\/td>\r\n<td style=\"text-align: center;\">\u00a0o<\/td>\r\n<td style=\"text-align: center;\">\u00a06<\/td>\r\n<td style=\"text-align: center;\">\u00a06<\/td>\r\n<td style=\"text-align: center;\">13\u00a0<\/td>\r\n<td>&nbsp;<\/td>\r\n<td style=\"text-align: center;\">\u00a013<\/td>\r\n<\/tr>\r\n<tr>\r\n<td class=\"TDleftText\" style=\"text-align: center;\">\r\n<p style=\"text-align: center;\"><img decoding=\"async\" loading=\"lazy\" class=\"wp-image-1647 alignnone\" src=\"http:\/\/boldor.ca\/wp-content\/uploads\/2018\/10\/Noir-et-Or-du-Coll\u00e8ge-de-Valleyfield-logo4coul-300x261.png\" alt=\"\" width=\"66\" height=\"57\" srcset=\"https:\/\/boldor.rseq.ca\/wp-content\/uploads\/2018\/10\/Noir-et-Or-du-Coll\u00e8ge-de-Valleyfield-logo4coul-300x261.png 300w, https:\/\/boldor.rseq.ca\/wp-content\/uploads\/2018\/10\/Noir-et-Or-du-Coll\u00e8ge-de-Valleyfield-logo4coul.png 750w\" sizes=\"(max-width: 66px) 100vw, 66px\" \/>Coll\u00e8ge de Valleyfield<\/p>\r\n<\/td>\r\n<td style=\"text-align: center;\">\u00a07<\/td>\r\n<td style=\"text-align: center;\">\u00a021<\/td>\r\n<td style=\"text-align: center;\">28\u00a0<\/td>\r\n<td style=\"text-align: center;\">\u00a035<\/td>\r\n<td style=\"text-align: center;\">\u00a0<\/td>\r\n<td style=\"text-align: center;\">\u00a035<\/td>\r\n<\/tr>\r\n<\/tbody>\r\n<\/table>\r\n<div>\u00a0<\/div>\r\n<div><a href=\"http:\/\/www.sportetudiant-stats.com\/collegial\/football-d2\/stats\/2018\/s12.htm\" target=\"_blank\" rel=\"noopener\">STATISTIQUES DU MATCH<\/a><\/div>\r\n<div>\u00a0<\/div>\r\n<div><a href=\"https:\/\/www.facebook.com\/pg\/RSEQ1\/photos\/?tab=album&amp;album_id=2184962078195332\" target=\"_blank\" rel=\"noopener\">PHOTOS<\/a><\/div>\r\n<div>\u00a0<strong><br \/>\r\nJuv\u00e9nile Division 1-B<\/strong><span class=\"gameTime\"> SAMEDI 17 NOVEMBRE 2018 &#8211; 10H00<\/span>\u00a0<\/div>\r\n<div>\u00a0<\/div>\r\n<table class=\"tableResultats\">\r\n<thead class=\"tHeadTableResultats\">\r\n<tr>\r\n<th class=\"TDleftText\" width=\"40%\">\u00c9QUIPES<\/th>\r\n<th width=\"10%\">Q1<\/th>\r\n<th width=\"10%\">Q2<\/th>\r\n<th width=\"10%\">Q3<\/th>\r\n<th width=\"10%\">Q4<\/th>\r\n<th width=\"10%\">PROL<\/th>\r\n<th width=\"10%\">FINAL<\/th>\r\n<\/tr>\r\n<\/thead>\r\n<tbody>\r\n<tr>\r\n<td class=\"TDleftText\" style=\"text-align: center;\"><img decoding=\"async\" loading=\"lazy\" class=\"wp-image-1649 alignnone\" src=\"http:\/\/boldor.ca\/wp-content\/uploads\/2018\/10\/Scorpions-de-l\u00c9cole-secondaire-Armand-Corbeil-300x244.png\" alt=\"\" width=\"60\" height=\"49\" srcset=\"https:\/\/boldor.rseq.ca\/wp-content\/uploads\/2018\/10\/Scorpions-de-l\u00c9cole-secondaire-Armand-Corbeil-300x244.png 300w, https:\/\/boldor.rseq.ca\/wp-content\/uploads\/2018\/10\/Scorpions-de-l\u00c9cole-secondaire-Armand-Corbeil-768x624.png 768w, https:\/\/boldor.rseq.ca\/wp-content\/uploads\/2018\/10\/Scorpions-de-l\u00c9cole-secondaire-Armand-Corbeil-1024x832.png 1024w, https:\/\/boldor.rseq.ca\/wp-content\/uploads\/2018\/10\/Scorpions-de-l\u00c9cole-secondaire-Armand-Corbeil.png 1500w\" sizes=\"(max-width: 60px) 100vw, 60px\" \/>\u00c9. sec. Armand-Corbeil<\/td>\r\n<td style=\"text-align: center;\">0<\/td>\r\n<td style=\"text-align: center;\">0\u00a0<\/td>\r\n<td style=\"text-align: center;\">\u00a00<\/td>\r\n<td style=\"text-align: center;\">\u00a020<\/td>\r\n<td>&nbsp;<\/td>\r\n<td style=\"text-align: center;\">\u00a020<\/td>\r\n<\/tr>\r\n<tr>\r\n<td class=\"TDleftText\" style=\"text-align: center;\"><img decoding=\"async\" loading=\"lazy\" class=\"wp-image-1650 alignnone\" src=\"http:\/\/boldor.ca\/wp-content\/uploads\/2018\/10\/Patriotes-de-l\u00c9cole-secondaire-Saint-Stanislas-300x215.png\" alt=\"\" width=\"60\" height=\"43\" srcset=\"https:\/\/boldor.rseq.ca\/wp-content\/uploads\/2018\/10\/Patriotes-de-l\u00c9cole-secondaire-Saint-Stanislas-300x215.png 300w, https:\/\/boldor.rseq.ca\/wp-content\/uploads\/2018\/10\/Patriotes-de-l\u00c9cole-secondaire-Saint-Stanislas-768x550.png 768w, https:\/\/boldor.rseq.ca\/wp-content\/uploads\/2018\/10\/Patriotes-de-l\u00c9cole-secondaire-Saint-Stanislas.png 860w\" sizes=\"(max-width: 60px) 100vw, 60px\" \/>\u00c9. sec. Saint-Stanislas<\/td>\r\n<td style=\"text-align: center;\">\u00a07<\/td>\r\n<td style=\"text-align: center;\">\u00a018<\/td>\r\n<td style=\"text-align: center;\">\u00a025<\/td>\r\n<td style=\"text-align: center;\">\u00a025<\/td>\r\n<td>&nbsp;<\/td>\r\n<td style=\"text-align: center;\">\u00a025<\/td>\r\n<\/tr>\r\n<\/tbody>\r\n<\/table>\r\n<p><a href=\"http:\/\/www.sportetudiant-stats.com\/scolaire\/football-juv-d1\/stats\/2018\/s206.htm\" target=\"_blank\" rel=\"noopener\">STATISTIQUES DU MATCH<\/a><\/p>\r\n<div class=\"greySeparatorLine\">\u00a0<a href=\"https:\/\/www.facebook.com\/pg\/RSEQ1\/photos\/?tab=album&amp;album_id=2185761458115394\" target=\"_blank\" rel=\"noopener\">PHOTOS<\/a><\/div>\r\n<div>\u00a0<\/div>\r\n<div>\u00a0<\/div>\r\n<p class=\"classementTableTitle\"><strong>COLL\u00c9GIAL Division 1<\/strong><span class=\"gameTime\"> SAMEDI 17 NOVEMBRE 2018 &#8211; 15H00<\/span><\/p>\r\n<table class=\"tableResultats\">\r\n<thead class=\"tHeadTableResultats\">\r\n<tr>\r\n<th class=\"TDleftText\" width=\"40%\">\u00c9QUIPES<\/th>\r\n<th width=\"10%\">Q1<\/th>\r\n<th width=\"10%\">Q2<\/th>\r\n<th width=\"10%\">Q3<\/th>\r\n<th width=\"10%\">Q4<\/th>\r\n<th width=\"10%\">PROL<\/th>\r\n<th width=\"10%\">FINAL<\/th>\r\n<\/tr>\r\n<\/thead>\r\n<tbody>\r\n<tr>\r\n<td class=\"TDleftText\" style=\"text-align: center;\"><img decoding=\"async\" loading=\"lazy\" class=\"wp-image-1653 alignnone\" src=\"http:\/\/boldor.ca\/wp-content\/uploads\/2018\/10\/\u00c9lans-du-C\u00e9gep-Garneau-noir-et-vert-300x233.jpg\" alt=\"\" width=\"86\" height=\"67\" srcset=\"https:\/\/boldor.rseq.ca\/wp-content\/uploads\/2018\/10\/\u00c9lans-du-C\u00e9gep-Garneau-noir-et-vert-300x233.jpg 300w, https:\/\/boldor.rseq.ca\/wp-content\/uploads\/2018\/10\/\u00c9lans-du-C\u00e9gep-Garneau-noir-et-vert-768x597.jpg 768w, https:\/\/boldor.rseq.ca\/wp-content\/uploads\/2018\/10\/\u00c9lans-du-C\u00e9gep-Garneau-noir-et-vert-1024x796.jpg 1024w\" sizes=\"(max-width: 86px) 100vw, 86px\" \/>C\u00e9gep Garneau<\/td>\r\n<td style=\"text-align: center;\">3\u00a0<\/td>\r\n<td style=\"text-align: center;\">\u00a013<\/td>\r\n<td style=\"text-align: center;\">\u00a017<\/td>\r\n<td style=\"text-align: center;\">\u00a017<\/td>\r\n<td>&nbsp;<\/td>\r\n<td style=\"text-align: center;\">\u00a017<\/td>\r\n<\/tr>\r\n<tr>\r\n<td class=\"TDleftText\" style=\"text-align: center;\"><img decoding=\"async\" loading=\"lazy\" class=\"wp-image-1654 alignnone\" src=\"http:\/\/boldor.ca\/wp-content\/uploads\/2018\/10\/Ph\u00e9nix-du-Coll\u00e8ge-Andr\u00e9-Grasset-300x229.png\" alt=\"\" width=\"59\" height=\"45\" srcset=\"https:\/\/boldor.rseq.ca\/wp-content\/uploads\/2018\/10\/Ph\u00e9nix-du-Coll\u00e8ge-Andr\u00e9-Grasset-300x229.png 300w, https:\/\/boldor.rseq.ca\/wp-content\/uploads\/2018\/10\/Ph\u00e9nix-du-Coll\u00e8ge-Andr\u00e9-Grasset-768x587.png 768w, https:\/\/boldor.rseq.ca\/wp-content\/uploads\/2018\/10\/Ph\u00e9nix-du-Coll\u00e8ge-Andr\u00e9-Grasset-1024x782.png 1024w\" sizes=\"(max-width: 59px) 100vw, 59px\" \/>Coll\u00e8ge Andr\u00e9-Grasset<\/td>\r\n<td style=\"text-align: center;\">\u00a014<\/td>\r\n<td style=\"text-align: center;\">\u00a034<\/td>\r\n<td style=\"text-align: center;\">\u00a041<\/td>\r\n<td style=\"text-align: center;\">\u00a041<\/td>\r\n<td>&nbsp;<\/td>\r\n<td style=\"text-align: center;\">\u00a041<\/td>\r\n<\/tr>\r\n<\/tbody>\r\n<\/table>\r\n<p><a href=\"http:\/\/www.sportetudiant-stats.com\/collegial\/football-d1\/stats\/2018\/s06.htm\" target=\"_blank\" rel=\"noopener\">STATISTIQUES DU MATCH<\/a><\/p>\r\n<p><a href=\"https:\/\/www.facebook.com\/pg\/RSEQ1\/photos\/?tab=album&amp;album_id=2186155861409287\" target=\"_blank\" rel=\"noopener\">PHOTOS<\/a><\/p>\r\n<p><strong><br \/>\r\nCOLL\u00c9GIAL Division 3<\/strong><span class=\"gameTime\"> SAMEDI 17 NOVEMBRE 2018 &#8211; 20H00<\/span><\/p>\r\n<table class=\"tableResultats\">\r\n<thead class=\"tHeadTableResultats\">\r\n<tr>\r\n<th class=\"TDleftText\" width=\"40%\">\u00c9QUIPES<\/th>\r\n<th width=\"10%\">Q1<\/th>\r\n<th width=\"10%\">Q2<\/th>\r\n<th width=\"10%\">Q3<\/th>\r\n<th width=\"10%\">Q4<\/th>\r\n<th width=\"10%\">PROL<\/th>\r\n<th width=\"10%\">FINAL<\/th>\r\n<\/tr>\r\n<\/thead>\r\n<tbody>\r\n<tr>\r\n<td class=\"TDleftText\" style=\"text-align: center;\"><img decoding=\"async\" loading=\"lazy\" class=\"wp-image-1655 alignnone\" src=\"http:\/\/boldor.ca\/wp-content\/uploads\/2018\/10\/Indiens-du-Coll\u00e8ge-Ahuntsic-300x279.png\" alt=\"\" width=\"61\" height=\"57\" srcset=\"https:\/\/boldor.rseq.ca\/wp-content\/uploads\/2018\/10\/Indiens-du-Coll\u00e8ge-Ahuntsic-300x279.png 300w, https:\/\/boldor.rseq.ca\/wp-content\/uploads\/2018\/10\/Indiens-du-Coll\u00e8ge-Ahuntsic-768x714.png 768w, https:\/\/boldor.rseq.ca\/wp-content\/uploads\/2018\/10\/Indiens-du-Coll\u00e8ge-Ahuntsic-1024x952.png 1024w\" sizes=\"(max-width: 61px) 100vw, 61px\" \/>Coll\u00e8ge Ahuntsic<\/td>\r\n<td style=\"text-align: center;\">\u00a06<\/td>\r\n<td style=\"text-align: center;\">\u00a013<\/td>\r\n<td style=\"text-align: center;\">\u00a013<\/td>\r\n<td style=\"text-align: center;\">\u00a013<\/td>\r\n<td>&nbsp;<\/td>\r\n<td style=\"text-align: center;\">\u00a013<\/td>\r\n<\/tr>\r\n<tr>\r\n<td class=\"TDleftText\" style=\"text-align: center;\"><img decoding=\"async\" loading=\"lazy\" class=\"wp-image-1656 alignnone\" src=\"http:\/\/boldor.ca\/wp-content\/uploads\/2018\/10\/Gaillards-du-C\u00e9gep-de-Jonqui\u00e8re-sur-bleu2-300x230.png\" alt=\"\" width=\"61\" height=\"47\" srcset=\"https:\/\/boldor.rseq.ca\/wp-content\/uploads\/2018\/10\/Gaillards-du-C\u00e9gep-de-Jonqui\u00e8re-sur-bleu2-300x230.png 300w, https:\/\/boldor.rseq.ca\/wp-content\/uploads\/2018\/10\/Gaillards-du-C\u00e9gep-de-Jonqui\u00e8re-sur-bleu2-768x588.png 768w, https:\/\/boldor.rseq.ca\/wp-content\/uploads\/2018\/10\/Gaillards-du-C\u00e9gep-de-Jonqui\u00e8re-sur-bleu2-1024x784.png 1024w, https:\/\/boldor.rseq.ca\/wp-content\/uploads\/2018\/10\/Gaillards-du-C\u00e9gep-de-Jonqui\u00e8re-sur-bleu2.png 1513w\" sizes=\"(max-width: 61px) 100vw, 61px\" \/>C\u00e9gep de Jonqui\u00e8re<\/td>\r\n<td style=\"text-align: center;\">\u00a07<\/td>\r\n<td style=\"text-align: center;\">\u00a024<\/td>\r\n<td style=\"text-align: center;\">\u00a031<\/td>\r\n<td style=\"text-align: center;\">\u00a045<\/td>\r\n<td>&nbsp;<\/td>\r\n<td style=\"text-align: center;\">\u00a045<\/td>\r\n<\/tr>\r\n<\/tbody>\r\n<\/table>\r\n<div>\u00a0<\/div>\r\n<div><a href=\"http:\/\/www.sportetudiant-stats.com\/collegial\/football-d3\/stats\/2018\/s19.htm\" target=\"_blank\" rel=\"noopener\">STATISTIQUES DU MATCH<\/a><\/div>\r\n<div>\u00a0<\/div>\r\n<div><a href=\"https:\/\/www.facebook.com\/pg\/RSEQ1\/photos\/?tab=album&amp;album_id=2187028941321979\" target=\"_blank\" rel=\"noopener\">PHOTOS\u00a0<\/a><\/div>\r\n<div>\u00a0<\/div>\r\n<p class=\"classementTableTitle\"><strong>Juv\u00e9nile Division 1<\/strong><span class=\"gameTime\"> DIMANCHE 18\u00a0NOVEMBRE 2018 &#8211; 13h00<\/span><\/p>\r\n<table class=\"tableResultats\">\r\n<thead class=\"tHeadTableResultats\">\r\n<tr>\r\n<th class=\"TDleftText\" width=\"40%\">\u00c9QUIPES<\/th>\r\n<th width=\"10%\">Q1<\/th>\r\n<th width=\"10%\">Q2<\/th>\r\n<th width=\"10%\">Q3<\/th>\r\n<th width=\"10%\">Q4<\/th>\r\n<th width=\"10%\">PROL<\/th>\r\n<th width=\"10%\">FINAL<\/th>\r\n<\/tr>\r\n<\/thead>\r\n<tbody>\r\n<tr>\r\n<td class=\"TDleftText\" style=\"text-align: center;\"><img decoding=\"async\" loading=\"lazy\" class=\"wp-image-1657 alignnone\" src=\"https:\/\/boldor.rseq.ca\/wp-content\/uploads\/2018\/10\/Aigles-du-Coll\u00e8ge-Jean-Eudes-highres.png\" alt=\"\" width=\"92\" height=\"33\" \/>Coll\u00e8ge Jean-Eudes<\/td>\r\n<td style=\"text-align: center;\">\u00a00<\/td>\r\n<td style=\"text-align: center;\">\u00a09<\/td>\r\n<td style=\"text-align: center;\">17<\/td>\r\n<td style=\"text-align: center;\">\u00a032<\/td>\r\n<td style=\"text-align: center;\">\u00a038<\/td>\r\n<td style=\"text-align: center;\">38<\/td>\r\n<\/tr>\r\n<tr>\r\n<td class=\"TDleftText\" style=\"text-align: center;\"><img decoding=\"async\" loading=\"lazy\" class=\"wp-image-1658 alignnone\" src=\"http:\/\/boldor.ca\/wp-content\/uploads\/2018\/10\/Blizzard-du-S\u00e9minaire-Saint-Fran\u00e7ois-232x300.png\" alt=\"\" width=\"61\" height=\"79\" srcset=\"https:\/\/boldor.rseq.ca\/wp-content\/uploads\/2018\/10\/Blizzard-du-S\u00e9minaire-Saint-Fran\u00e7ois-232x300.png 232w, https:\/\/boldor.rseq.ca\/wp-content\/uploads\/2018\/10\/Blizzard-du-S\u00e9minaire-Saint-Fran\u00e7ois.png 612w\" sizes=\"(max-width: 61px) 100vw, 61px\" \/>S\u00e9minaire Saint-Fran\u00e7ois<\/td>\r\n<td style=\"text-align: center;\">\u00a011<\/td>\r\n<td style=\"text-align: center;\">\u00a025<\/td>\r\n<td style=\"text-align: center;\">\u00a032<\/td>\r\n<td style=\"text-align: center;\">\u00a032<\/td>\r\n<td style=\"text-align: center;\">\u00a032<\/td>\r\n<td style=\"text-align: center;\">32<\/td>\r\n<\/tr>\r\n<\/tbody>\r\n<\/table>\r\n<p><a href=\"http:\/\/www.sportetudiant-stats.com\/scolaire\/football-juv-d1\/stats\/2018\/s106.htm\" target=\"_blank\" rel=\"noopener\">STATISTIQUES DU MATCH<\/a><\/p>\r\n<p><a href=\"https:\/\/www.facebook.com\/pg\/RSEQ1\/photos\/?tab=album&amp;album_id=2187497114608495\" target=\"_blank\" rel=\"noopener\">PHOTOS<\/a><\/p>","protected":false},"excerpt":{"rendered":"HORAIRE ET R\u00c9SULTATS 2018 Coll\u00e9gial Division 2 VENDREDI 16 NOVEMBRE 2018 &#8211; 19H00 \u00c9QUIPES Q1 Q2 Q3 Q4 PROL FINAL C\u00e9gep John Abbott \u00a0o \u00a06&#8230;","protected":false},"author":5,"featured_media":0,"parent":27,"menu_order":0,"comment_status":"closed","ping_status":"closed","template":"","meta":{"_links_to":"","_links_to_target":""},"_links":{"self":[{"href":"https:\/\/boldor.rseq.ca\/index.php?rest_route=\/wp\/v2\/pages\/1593"}],"collection":[{"href":"https:\/\/boldor.rseq.ca\/index.php?rest_route=\/wp\/v2\/pages"}],"about":[{"href":"https:\/\/boldor.rseq.ca\/index.php?rest_route=\/wp\/v2\/types\/page"}],"author":[{"embeddable":true,"href":"https:\/\/boldor.rseq.ca\/index.php?rest_route=\/wp\/v2\/users\/5"}],"replies":[{"embeddable":true,"href":"https:\/\/boldor.rseq.ca\/index.php?rest_route=%2Fwp%2Fv2%2Fcomments&post=1593"}],"version-history":[{"count":70,"href":"https:\/\/boldor.rseq.ca\/index.php?rest_route=\/wp\/v2\/pages\/1593\/revisions"}],"predecessor-version":[{"id":3121,"href":"https:\/\/boldor.rseq.ca\/index.php?rest_route=\/wp\/v2\/pages\/1593\/revisions\/3121"}],"up":[{"embeddable":true,"href":"https:\/\/boldor.rseq.ca\/index.php?rest_route=\/wp\/v2\/pages\/27"}],"wp:attachment":[{"href":"https:\/\/boldor.rseq.ca\/index.php?rest_route=%2Fwp%2Fv2%2Fmedia&parent=1593"}],"curies":[{"name":"wp","href":"https:\/\/api.w.org\/{rel}","templated":true}]}}