{"id":1812,"date":"2019-10-02T11:05:03","date_gmt":"2019-10-02T15:05:03","guid":{"rendered":"http:\/\/boldor.ca\/?page_id=1812"},"modified":"2025-11-05T10:46:57","modified_gmt":"2025-11-05T15:46:57","slug":"2019-2","status":"publish","type":"page","link":"https:\/\/boldor.rseq.ca\/?page_id=1812","title":{"rendered":"2019"},"content":{"rendered":"<h4><strong>HORAIRE ET R\u00c9SULTATS 2019<\/strong><\/h4>\r\n<p><strong>COLL\u00c9GIAL DIVISION 2 &#8211; Vendredi 15 novembre 2019 &#8211; 19h00<\/strong><\/p>\r\n<table class=\"tableResultats\" style=\"height: 100px;\" width=\"714\">\r\n<thead class=\"tHeadTableResultats\">\r\n<tr>\r\n<th class=\"TDleftText\" style=\"width: 268px; text-align: center;\">\u00c9QUIPES<\/th>\r\n<th style=\"width: 67px; text-align: center;\">Q1<\/th>\r\n<th style=\"width: 67px; text-align: center;\">Q2<\/th>\r\n<th style=\"width: 67px; text-align: center;\">Q3<\/th>\r\n<th style=\"width: 67px; text-align: center;\">Q4<\/th>\r\n<th style=\"width: 66px; text-align: center;\">PROL<\/th>\r\n<th style=\"width: 66px; text-align: center;\">FINAL<\/th>\r\n<\/tr>\r\n<\/thead>\r\n<tbody>\r\n<tr>\r\n<td class=\"TDleftText\" style=\"width: 268px;\">\r\n<p><img decoding=\"async\" loading=\"lazy\" class=\"alignleft wp-image-1902\" src=\"https:\/\/boldor.rseq.ca\/wp-content\/uploads\/2019\/10\/cem.gif\" alt=\"\" width=\"80\" height=\"53\" \/><span style=\"font-family: inherit; font-size: inherit;\">C\u00e9gep <br \/>\r\n\u00c9douard-Montpetit<\/span><\/p>\r\n<\/td>\r\n<td style=\"width: 67px; text-align: center;\">\u00a00<\/td>\r\n<td style=\"width: 67px; text-align: center;\">14<\/td>\r\n<td style=\"width: 67px; text-align: center;\">14<\/td>\r\n<td style=\"width: 67px; text-align: center;\">\u00a00<\/td>\r\n<td style=\"width: 66px; text-align: center;\">\u00a0<\/td>\r\n<td style=\"width: 66px; text-align: center;\">28<\/td>\r\n<\/tr>\r\n<tr>\r\n<td class=\"TDleftText\" style=\"width: 268px;\">\r\n<p><img decoding=\"async\" loading=\"lazy\" class=\"alignleft wp-image-1901\" src=\"https:\/\/boldor.rseq.ca\/wp-content\/uploads\/2019\/10\/jac.gif\" alt=\"\" width=\"80\" height=\"53\" \/><span style=\"font-family: inherit; font-size: inherit;\">Coll\u00e8ge <br \/>\r\n<\/span>John Abbott<\/p>\r\n<\/td>\r\n<td style=\"width: 67px; text-align: center;\">14<\/td>\r\n<td style=\"width: 67px; text-align: center;\">\u00a021<\/td>\r\n<td style=\"width: 67px; text-align: center;\">0<\/td>\r\n<td style=\"width: 67px; text-align: center;\">7<\/td>\r\n<td style=\"width: 66px; text-align: center;\">\u00a0<\/td>\r\n<td style=\"width: 66px; text-align: center;\">42<\/td>\r\n<\/tr>\r\n<tr>\r\n<td class=\"TDleftText\" style=\"width: 268px;\" colspan=\"7\"><a href=\"http:\/\/www.sportetudiant-stats.com\/collegial\/football-d2\/stats\/2019\/s12.htm\" target=\"_blank\" rel=\"noopener\">STATISTIQUES DU MATCH<\/a>\u00a0|\u00a0<a href=\"https:\/\/www.facebook.com\/pg\/RSEQ1\/photos\/?tab=album&amp;album_id=2818445334847000\" target=\"_blank\" rel=\"noopener\">PHOTOS<\/a><\/td>\r\n<\/tr>\r\n<\/tbody>\r\n<\/table>\r\n<p><strong>JUV\u00c9NILE DIVISION 1-B &#8211; Samedi 16 novembre 2019 &#8211; 10h00<\/strong><\/p>\r\n<table class=\"tableResultats\">\r\n<thead class=\"tHeadTableResultats\">\r\n<tr>\r\n<th class=\"TDleftText\" width=\"40%\">\u00c9QUIPES<\/th>\r\n<th width=\"10%\">Q1<\/th>\r\n<th width=\"10%\">Q2<\/th>\r\n<th width=\"10%\">Q3<\/th>\r\n<th width=\"10%\">Q4<\/th>\r\n<th width=\"10%\">PROL<\/th>\r\n<th width=\"10%\">FINAL<\/th>\r\n<\/tr>\r\n<\/thead>\r\n<tbody>\r\n<tr>\r\n<td class=\"TDleftText\" style=\"text-align: left;\"><img decoding=\"async\" loading=\"lazy\" class=\"alignleft wp-image-1905\" src=\"https:\/\/boldor.rseq.ca\/wp-content\/uploads\/2019\/10\/bou.gif\" alt=\"\" width=\"80\" height=\"53\" \/>Coll\u00e8ge <br \/>\r\nBourget<\/td>\r\n<td style=\"text-align: center;\">0<\/td>\r\n<td style=\"text-align: center;\">7<\/td>\r\n<td style=\"text-align: center;\">7<\/td>\r\n<td style=\"text-align: center;\">14<\/td>\r\n<td style=\"text-align: center;\">\u00a0<\/td>\r\n<td style=\"text-align: center;\">28<\/td>\r\n<\/tr>\r\n<tr>\r\n<td class=\"TDleftText\" style=\"text-align: left;\"><img decoding=\"async\" loading=\"lazy\" class=\"alignleft wp-image-1906\" src=\"https:\/\/boldor.rseq.ca\/wp-content\/uploads\/2019\/10\/ssj.gif\" alt=\"\" width=\"80\" height=\"53\" \/>S\u00e9minaire <br \/>\r\nSaint Joseph\u00a0 \u00a0\u00a0<\/td>\r\n<td style=\"text-align: center;\">0<\/td>\r\n<td style=\"text-align: center;\">14<\/td>\r\n<td style=\"text-align: center;\">7<\/td>\r\n<td style=\"text-align: center;\">6<\/td>\r\n<td style=\"text-align: center;\">\u00a0<\/td>\r\n<td style=\"text-align: center;\">27<\/td>\r\n<\/tr>\r\n<tr>\r\n<td class=\"TDleftText\" style=\"text-align: left;\" colspan=\"7\"><a href=\"http:\/\/www.sportetudiant-stats.com\/scolaire\/football-juv-d1\/stats\/2019\/s205.htm\" target=\"_blank\" rel=\"noopener\">STATISTIQUES DU MATCH<\/a>\u00a0|\u00a0\u00a0<a href=\"https:\/\/www.facebook.com\/pg\/RSEQ1\/photos\/?tab=album&amp;album_id=2818588438166023\" target=\"_blank\" rel=\"noopener\">PHOTOS<\/a><\/td>\r\n<\/tr>\r\n<\/tbody>\r\n<\/table>\r\n<p><strong>COLL\u00c9GIAL DIVISION 1 &#8211; Samedi 16 novembre 2019 &#8211; 15h00<\/strong><\/p>\r\n<table class=\"tableResultats\">\r\n<thead class=\"tHeadTableResultats\">\r\n<tr>\r\n<th class=\"TDleftText\" width=\"40%\">\u00c9QUIPES<\/th>\r\n<th width=\"10%\">Q1<\/th>\r\n<th width=\"10%\">Q2<\/th>\r\n<th width=\"10%\">Q3<\/th>\r\n<th width=\"10%\">Q4<\/th>\r\n<th width=\"10%\">PROL<\/th>\r\n<th width=\"10%\">FINAL<\/th>\r\n<\/tr>\r\n<\/thead>\r\n<tbody>\r\n<tr>\r\n<td class=\"TDleftText\" style=\"text-align: left;\"><img decoding=\"async\" loading=\"lazy\" class=\"wp-image-1913 alignleft\" src=\"https:\/\/boldor.rseq.ca\/wp-content\/uploads\/2019\/10\/len.gif\" alt=\"\" width=\"80\" height=\"53\" \/><span style=\"font-family: inherit; font-size: inherit;\">Coll\u00e8ge <br \/>\r\nChamplain-Lennoxville<\/span><\/td>\r\n<td style=\"text-align: center;\">\u00a016<\/td>\r\n<td style=\"text-align: center;\">3<\/td>\r\n<td style=\"text-align: center;\">\u00a02<\/td>\r\n<td style=\"text-align: center;\">\u00a03<\/td>\r\n<td style=\"text-align: center;\">\u00a0<\/td>\r\n<td style=\"text-align: center;\">24\u00a0<\/td>\r\n<\/tr>\r\n<tr>\r\n<td class=\"TDleftText\" style=\"text-align: left;\"><img decoding=\"async\" loading=\"lazy\" class=\"wp-image-1928 alignleft\" src=\"https:\/\/boldor.rseq.ca\/wp-content\/uploads\/2019\/10\/van.gif\" alt=\"\" width=\"80\" height=\"53\" \/> Coll\u00e8ge <br \/>\r\nVanier<\/td>\r\n<td style=\"text-align: center;\">7<\/td>\r\n<td style=\"text-align: center;\">7<\/td>\r\n<td style=\"text-align: center;\">0<\/td>\r\n<td style=\"text-align: center;\">\u00a03<\/td>\r\n<td style=\"text-align: center;\">\u00a0<\/td>\r\n<td style=\"text-align: center;\">17<\/td>\r\n<\/tr>\r\n<tr>\r\n<td class=\"TDleftText\" style=\"text-align: left;\" colspan=\"7\"><a href=\"http:\/\/www.sportetudiant-stats.com\/collegial\/football-d1\/stats\/2019\/s06.htm\" target=\"_blank\" rel=\"noopener\">STATISTIQUES DU MATCH<\/a>\u00a0|\u00a0<a href=\"https:\/\/www.facebook.com\/pg\/RSEQ1\/photos\/\" target=\"_blank\" rel=\"noopener\">PHOTOS<\/a><\/td>\r\n<\/tr>\r\n<\/tbody>\r\n<\/table>\r\n<p><strong>COLL\u00c9GIAL DIVISION 3 &#8211; Samedi 16 novembre 2019 &#8211; 20h00<\/strong><\/p>\r\n<table class=\"tableResultats\">\r\n<thead class=\"tHeadTableResultats\">\r\n<tr>\r\n<th class=\"TDleftText\" width=\"40%\">\u00c9QUIPES<\/th>\r\n<th width=\"10%\">Q1<\/th>\r\n<th width=\"10%\">Q2<\/th>\r\n<th width=\"10%\">Q3<\/th>\r\n<th width=\"10%\">Q4<\/th>\r\n<th width=\"10%\">PROL<\/th>\r\n<th width=\"10%\">FINAL<\/th>\r\n<\/tr>\r\n<\/thead>\r\n<tbody>\r\n<tr>\r\n<td class=\"TDleftText\">\r\n<p style=\"text-align: left;\"><img decoding=\"async\" loading=\"lazy\" class=\"wp-image-1915 alignleft\" src=\"https:\/\/boldor.rseq.ca\/wp-content\/uploads\/2019\/10\/jon.gif\" alt=\"\" width=\"80\" height=\"53\" \/>C\u00e9gep de<br \/>\r\nJonqui\u00e8re<\/p>\r\n<\/td>\r\n<td style=\"text-align: center;\">\u00a07<\/td>\r\n<td style=\"text-align: center;\">\u00a07<\/td>\r\n<td style=\"text-align: center;\">0<\/td>\r\n<td style=\"text-align: center;\">0<\/td>\r\n<td style=\"text-align: center;\">\u00a0<\/td>\r\n<td style=\"text-align: center;\">14\u00a0<\/td>\r\n<\/tr>\r\n<tr>\r\n<td class=\"TDleftText\"><img decoding=\"async\" loading=\"lazy\" class=\"wp-image-1916 alignleft\" src=\"https:\/\/boldor.rseq.ca\/wp-content\/uploads\/2019\/10\/shy.gif\" alt=\"\" width=\"80\" height=\"53\" \/>C\u00e9gep de <br \/>\r\nSaint-Hyacinthe<\/td>\r\n<td style=\"text-align: center;\">0<\/td>\r\n<td style=\"text-align: center;\">10<\/td>\r\n<td style=\"text-align: center;\">6<\/td>\r\n<td style=\"text-align: center;\">21<\/td>\r\n<td style=\"text-align: center;\">\u00a0<\/td>\r\n<td style=\"text-align: center;\">37\u00a0<\/td>\r\n<\/tr>\r\n<tr>\r\n<td class=\"TDleftText\" colspan=\"7\"><a href=\"http:\/\/www.sportetudiant-stats.com\/collegial\/football-d3\/stats\/2019\/s19.htm\" target=\"_blank\" rel=\"noopener\">STATISTIQUES DU MATCH<\/a>\u00a0|\u00a0<a href=\"https:\/\/www.facebook.com\/pg\/RSEQ1\/photos\/?tab=album&amp;album_id=2820661831292017\" target=\"_blank\" rel=\"noopener\">PHOTOS\u00a0<\/a><\/td>\r\n<\/tr>\r\n<\/tbody>\r\n<\/table>\r\n<div>\u00a0<\/div>\r\n<p><strong>JUV\u00c9NILE DIVISION 1 &#8211; Dimanche 17 novembre 2019 &#8211; 13h00<\/strong><\/p>\r\n<table class=\"tableResultats\">\r\n<thead class=\"tHeadTableResultats\">\r\n<tr>\r\n<th class=\"TDleftText\" width=\"40%\">\u00c9QUIPES<\/th>\r\n<th width=\"10%\">Q1<\/th>\r\n<th width=\"10%\">Q2<\/th>\r\n<th width=\"10%\">Q3<\/th>\r\n<th width=\"10%\">Q4<\/th>\r\n<th width=\"10%\">PROL<\/th>\r\n<th width=\"10%\">FINAL<\/th>\r\n<\/tr>\r\n<\/thead>\r\n<tbody>\r\n<tr>\r\n<td class=\"TDleftText\" style=\"text-align: left;\"><span style=\"font-family: inherit; font-size: inherit;\"><img decoding=\"async\" loading=\"lazy\" class=\"alignleft wp-image-1921\" src=\"https:\/\/boldor.rseq.ca\/wp-content\/uploads\/2019\/10\/ccl.gif\" alt=\"\" width=\"80\" height=\"53\" \/>Coll\u00e8ge <br \/>\r\nCharles Lemoyne\u00a0\u00a0\u00a0<\/span><\/td>\r\n<td style=\"text-align: center;\">0<\/td>\r\n<td style=\"text-align: center;\">14<\/td>\r\n<td style=\"text-align: center;\">0<\/td>\r\n<td style=\"text-align: center;\">13<\/td>\r\n<td style=\"text-align: center;\">\u00a0<\/td>\r\n<td style=\"text-align: center;\">27<\/td>\r\n<\/tr>\r\n<tr>\r\n<td class=\"TDleftText\" style=\"text-align: left;\"><img decoding=\"async\" loading=\"lazy\" class=\"alignleft wp-image-1919\" src=\"https:\/\/boldor.rseq.ca\/wp-content\/uploads\/2019\/10\/sje.gif\" alt=\"\" width=\"80\" height=\"53\" \/><span style=\"font-family: inherit; font-size: inherit;\">Externat <br \/>\r\nSaint-Jean-Eudes\u00a0\u00a0<\/span><\/td>\r\n<td style=\"text-align: center;\">14<\/td>\r\n<td style=\"text-align: center;\">10<\/td>\r\n<td style=\"text-align: center;\">9\u00a0<\/td>\r\n<td style=\"text-align: center;\">14<\/td>\r\n<td style=\"text-align: center;\">\u00a0<\/td>\r\n<td style=\"text-align: center;\">47<\/td>\r\n<\/tr>\r\n<tr>\r\n<td class=\"TDleftText\" style=\"text-align: left;\" colspan=\"7\"><a href=\"http:\/\/www.sportetudiant-stats.com\/scolaire\/football-juv-d1\/stats\/2019\/s106.htm\" target=\"_blank\" rel=\"noopener\">STATISTIQUES DU MATCH<\/a>\u00a0|\u00a0<a href=\"https:\/\/www.facebook.com\/pg\/RSEQ1\/photos\/\" target=\"_blank\" rel=\"noopener\">PHOTOS<\/a><\/td>\r\n<\/tr>\r\n<\/tbody>\r\n<\/table>","protected":false},"excerpt":{"rendered":"HORAIRE ET R\u00c9SULTATS 2019 COLL\u00c9GIAL DIVISION 2 &#8211; Vendredi 15 novembre 2019 &#8211; 19h00 \u00c9QUIPES Q1 Q2 Q3 Q4 PROL FINAL C\u00e9gep \u00c9douard-Montpetit \u00a00 14&#8230;","protected":false},"author":5,"featured_media":0,"parent":27,"menu_order":0,"comment_status":"closed","ping_status":"closed","template":"","meta":{"_links_to":"","_links_to_target":""},"_links":{"self":[{"href":"https:\/\/boldor.rseq.ca\/index.php?rest_route=\/wp\/v2\/pages\/1812"}],"collection":[{"href":"https:\/\/boldor.rseq.ca\/index.php?rest_route=\/wp\/v2\/pages"}],"about":[{"href":"https:\/\/boldor.rseq.ca\/index.php?rest_route=\/wp\/v2\/types\/page"}],"author":[{"embeddable":true,"href":"https:\/\/boldor.rseq.ca\/index.php?rest_route=\/wp\/v2\/users\/5"}],"replies":[{"embeddable":true,"href":"https:\/\/boldor.rseq.ca\/index.php?rest_route=%2Fwp%2Fv2%2Fcomments&post=1812"}],"version-history":[{"count":90,"href":"https:\/\/boldor.rseq.ca\/index.php?rest_route=\/wp\/v2\/pages\/1812\/revisions"}],"predecessor-version":[{"id":3122,"href":"https:\/\/boldor.rseq.ca\/index.php?rest_route=\/wp\/v2\/pages\/1812\/revisions\/3122"}],"up":[{"embeddable":true,"href":"https:\/\/boldor.rseq.ca\/index.php?rest_route=\/wp\/v2\/pages\/27"}],"wp:attachment":[{"href":"https:\/\/boldor.rseq.ca\/index.php?rest_route=%2Fwp%2Fv2%2Fmedia&parent=1812"}],"curies":[{"name":"wp","href":"https:\/\/api.w.org\/{rel}","templated":true}]}}