{"id":1949,"date":"2019-11-16T11:03:10","date_gmt":"2019-11-16T16:03:10","guid":{"rendered":"http:\/\/boldor.ca\/?page_id=1949"},"modified":"2019-11-16T11:11:01","modified_gmt":"2019-11-16T16:11:01","slug":"2019-3","status":"publish","type":"page","link":"https:\/\/boldor.rseq.ca\/?page_id=1949","title":{"rendered":"2019"},"content":{"rendered":"<h4><strong>NOUVELLES 2019<\/strong><\/h4>\r\n<!-- NOTE: If you need to make changes to this file, copy it to your current theme's main\n\tdirectory so your changes won't be overwritten when the plugin is upgraded. -->\n\n<!-- Start of Post Wrap -->\n<div class=\"post hentry ivycat-post wrapper-manchette\">\n\t<img width=\"6000\" height=\"4000\" src=\"https:\/\/boldor.rseq.ca\/wp-content\/uploads\/2019\/11\/DSC00716.jpg\" class=\"attachment-post-thumbnail size-post-thumbnail wp-post-image\" alt=\"\" decoding=\"async\" loading=\"lazy\" srcset=\"https:\/\/boldor.rseq.ca\/wp-content\/uploads\/2019\/11\/DSC00716.jpg 6000w, https:\/\/boldor.rseq.ca\/wp-content\/uploads\/2019\/11\/DSC00716-300x200.jpg 300w, https:\/\/boldor.rseq.ca\/wp-content\/uploads\/2019\/11\/DSC00716-768x512.jpg 768w, https:\/\/boldor.rseq.ca\/wp-content\/uploads\/2019\/11\/DSC00716-1024x683.jpg 1024w\" sizes=\"(max-width: 6000px) 100vw, 6000px\" \/>\t<!-- This is the output of the post TITLE -->\n\t<h2 class=\"entry-title-manchette\"><a href=\"https:\/\/boldor.rseq.ca\/?p=2014\">[FOOTBALL JUV\u00c9NILE D1] Les Condors de Saint-Jean-Eudes champions du BOL D\u2019OR 2019<\/a><\/h2>\n\n\t<!-- This is the output of the EXCERPT -->\n\t<div class=\"entry-summary-p\">\n\t\tThetford Mines, 17 novembre 2019 \u2013 Les Condors de Saint-Jean-Eudes ont compl\u00e9t\u00e9 leur saison parfaite en remportant le BOL D\u2019OR par la marque de 47-27&#8230;\t<\/div>\n\t<span class=\"postDateTime\">2019-11-17 | 23:18<\/span>\n\t<!-- This is the output of the META information -->\n\n\t<div class=\"entry-utility\" style=\"display:none;\">\n\t\t\t\t\t<span class=\"cat-links\">\n\t\t\t\t<span class=\"entry-utility-prep entry-utility-prep-cat-links\">Posted in<\/span> <a href=\"https:\/\/boldor.rseq.ca\/?cat=1\" rel=\"category\">Uncategorised<\/a>\t\t\t<\/span>\n\t\t\t<span class=\"meta-sep\">|<\/span>\n\t\t\t\t\t\t\t<span class=\"tag-links\">\n\t\t\t\t<span class=\"entry-utility-prep entry-utility-prep-tag-links\">Tagged<\/span> <a href=\"https:\/\/boldor.rseq.ca\/?tag=2019\" rel=\"tag\">2019<\/a>\t\t\t<\/span>\n\t\t\t<span class=\"meta-sep\">|<\/span>\n\t\t\t\t<span class=\"comments-link\"><span>Commentaires ferm\u00e9s<span class=\"screen-reader-text\"> sur [FOOTBALL JUV\u00c9NILE D1] Les Condors de Saint-Jean-Eudes champions du BOL D\u2019OR 2019<\/span><\/span><\/span>\n\t\t\t<\/div>\n<\/div>\n<div class=\"greySeparatorLine\"><\/div>\n<!-- \/\/ End of Post Wrap -->\n<!-- NOTE: If you need to make changes to this file, copy it to your current theme's main\n\tdirectory so your changes won't be overwritten when the plugin is upgraded. -->\n\n<!-- Start of Post Wrap -->\n<div class=\"post hentry ivycat-post wrapper-manchette\">\n\t<img width=\"6000\" height=\"4000\" src=\"https:\/\/boldor.rseq.ca\/wp-content\/uploads\/2019\/11\/DSC00490.jpg\" class=\"attachment-post-thumbnail size-post-thumbnail wp-post-image\" alt=\"\" decoding=\"async\" loading=\"lazy\" srcset=\"https:\/\/boldor.rseq.ca\/wp-content\/uploads\/2019\/11\/DSC00490.jpg 6000w, https:\/\/boldor.rseq.ca\/wp-content\/uploads\/2019\/11\/DSC00490-300x200.jpg 300w, https:\/\/boldor.rseq.ca\/wp-content\/uploads\/2019\/11\/DSC00490-768x512.jpg 768w, https:\/\/boldor.rseq.ca\/wp-content\/uploads\/2019\/11\/DSC00490-1024x683.jpg 1024w\" sizes=\"(max-width: 6000px) 100vw, 6000px\" \/>\t<!-- This is the output of the post TITLE -->\n\t<h2 class=\"entry-title-manchette\"><a href=\"https:\/\/boldor.rseq.ca\/?p=2007\">[FOOTBALL COLL\u00c9GIAL D3] Les Laur\u00e9ats du C\u00e9gep de St-Hyacinthe champions du BOL D\u2019OR 2019<\/a><\/h2>\n\n\t<!-- This is the output of the EXCERPT -->\n\t<div class=\"entry-summary-p\">\n\t\tThetford Mines, 16 novembre 2019 \u2013 On avait droit \u00e0 une reprise du duel de 2017 pour la finale coll\u00e9giale D3\u00a0: les Gaillards du C\u00e9gep&#8230;\t<\/div>\n\t<span class=\"postDateTime\"> | 13:38<\/span>\n\t<!-- This is the output of the META information -->\n\n\t<div class=\"entry-utility\" style=\"display:none;\">\n\t\t\t\t\t<span class=\"cat-links\">\n\t\t\t\t<span class=\"entry-utility-prep entry-utility-prep-cat-links\">Posted in<\/span> <a href=\"https:\/\/boldor.rseq.ca\/?cat=1\" rel=\"category\">Uncategorised<\/a>\t\t\t<\/span>\n\t\t\t<span class=\"meta-sep\">|<\/span>\n\t\t\t\t\t\t\t<span class=\"tag-links\">\n\t\t\t\t<span class=\"entry-utility-prep entry-utility-prep-tag-links\">Tagged<\/span> <a href=\"https:\/\/boldor.rseq.ca\/?tag=2019\" rel=\"tag\">2019<\/a>\t\t\t<\/span>\n\t\t\t<span class=\"meta-sep\">|<\/span>\n\t\t\t\t<span class=\"comments-link\"><span>Commentaires ferm\u00e9s<span class=\"screen-reader-text\"> sur [FOOTBALL COLL\u00c9GIAL D3] Les Laur\u00e9ats du C\u00e9gep de St-Hyacinthe champions du BOL D\u2019OR 2019<\/span><\/span><\/span>\n\t\t\t<\/div>\n<\/div>\n<div class=\"greySeparatorLine\"><\/div>\n<!-- \/\/ End of Post Wrap -->\n<!-- NOTE: If you need to make changes to this file, copy it to your current theme's main\n\tdirectory so your changes won't be overwritten when the plugin is upgraded. -->\n\n<!-- Start of Post Wrap -->\n<div class=\"post hentry ivycat-post wrapper-manchette\">\n\t<img width=\"600\" height=\"407\" src=\"https:\/\/boldor.rseq.ca\/wp-content\/uploads\/2019\/11\/facebook.jpg\" class=\"attachment-post-thumbnail size-post-thumbnail wp-post-image\" alt=\"\" decoding=\"async\" loading=\"lazy\" srcset=\"https:\/\/boldor.rseq.ca\/wp-content\/uploads\/2019\/11\/facebook.jpg 600w, https:\/\/boldor.rseq.ca\/wp-content\/uploads\/2019\/11\/facebook-300x204.jpg 300w\" sizes=\"(max-width: 600px) 100vw, 600px\" \/>\t<!-- This is the output of the post TITLE -->\n\t<h2 class=\"entry-title-manchette\"><a href=\"https:\/\/boldor.rseq.ca\/?p=2000\">[FOOTBALL COLL\u00c9GIAL D1] Les Cougars du Coll\u00e8ge Champlain-Lennoxville sont champions du BOL D\u2019OR 2019<\/a><\/h2>\n\n\t<!-- This is the output of the EXCERPT -->\n\t<div class=\"entry-summary-p\">\n\t\tThetford Mines, 16 novembre 2019 \u2013 Le parcours cendrillon des Cougars du Coll\u00e8ge Champlain-Lennoxville s&rsquo;est conclu avec la conqu\u00eate du BOL D\u2019OR 2019 gr\u00e2ce \u00e0&#8230;\t<\/div>\n\t<span class=\"postDateTime\">2019-11-16 | 21:48<\/span>\n\t<!-- This is the output of the META information -->\n\n\t<div class=\"entry-utility\" style=\"display:none;\">\n\t\t\t\t\t<span class=\"cat-links\">\n\t\t\t\t<span class=\"entry-utility-prep entry-utility-prep-cat-links\">Posted in<\/span> <a href=\"https:\/\/boldor.rseq.ca\/?cat=1\" rel=\"category\">Uncategorised<\/a>\t\t\t<\/span>\n\t\t\t<span class=\"meta-sep\">|<\/span>\n\t\t\t\t\t\t\t<span class=\"tag-links\">\n\t\t\t\t<span class=\"entry-utility-prep entry-utility-prep-tag-links\">Tagged<\/span> <a href=\"https:\/\/boldor.rseq.ca\/?tag=2019\" rel=\"tag\">2019<\/a>\t\t\t<\/span>\n\t\t\t<span class=\"meta-sep\">|<\/span>\n\t\t\t\t<span class=\"comments-link\"><span>Commentaires ferm\u00e9s<span class=\"screen-reader-text\"> sur [FOOTBALL COLL\u00c9GIAL D1] Les Cougars du Coll\u00e8ge Champlain-Lennoxville sont champions du BOL D\u2019OR 2019<\/span><\/span><\/span>\n\t\t\t<\/div>\n<\/div>\n<div class=\"greySeparatorLine\"><\/div>\n<!-- \/\/ End of Post Wrap -->\n<!-- NOTE: If you need to make changes to this file, copy it to your current theme's main\n\tdirectory so your changes won't be overwritten when the plugin is upgraded. -->\n\n<!-- Start of Post Wrap -->\n<div class=\"post hentry ivycat-post wrapper-manchette\">\n\t<img width=\"1800\" height=\"1200\" src=\"https:\/\/boldor.rseq.ca\/wp-content\/uploads\/2019\/11\/heyyy.png.jpg\" class=\"attachment-post-thumbnail size-post-thumbnail wp-post-image\" alt=\"\" decoding=\"async\" loading=\"lazy\" srcset=\"https:\/\/boldor.rseq.ca\/wp-content\/uploads\/2019\/11\/heyyy.png.jpg 1800w, https:\/\/boldor.rseq.ca\/wp-content\/uploads\/2019\/11\/heyyy.png-300x200.jpg 300w, https:\/\/boldor.rseq.ca\/wp-content\/uploads\/2019\/11\/heyyy.png-768x512.jpg 768w, https:\/\/boldor.rseq.ca\/wp-content\/uploads\/2019\/11\/heyyy.png-1024x683.jpg 1024w\" sizes=\"(max-width: 1800px) 100vw, 1800px\" \/>\t<!-- This is the output of the post TITLE -->\n\t<h2 class=\"entry-title-manchette\"><a href=\"https:\/\/boldor.rseq.ca\/?p=1984\">[FOOTBALL JUV\u00c9NILE D1b] Les Voltigeurs du Coll\u00e8ge Bourget champions de la COUPE D\u2019OR 2019<\/a><\/h2>\n\n\t<!-- This is the output of the EXCERPT -->\n\t<div class=\"entry-summary-p\">\n\t\tThetford Mines, 16 novembre 2019 \u2013\u00a0 Il aura fallu attendre le dernier jeu du match pour couronner les champions du COUPE D\u2019OR 2019. Gr\u00e2ce \u00e0&#8230;\t<\/div>\n\t<span class=\"postDateTime\"> | 14:35<\/span>\n\t<!-- This is the output of the META information -->\n\n\t<div class=\"entry-utility\" style=\"display:none;\">\n\t\t\t\t\t<span class=\"cat-links\">\n\t\t\t\t<span class=\"entry-utility-prep entry-utility-prep-cat-links\">Posted in<\/span> <a href=\"https:\/\/boldor.rseq.ca\/?cat=1\" rel=\"category\">Uncategorised<\/a>\t\t\t<\/span>\n\t\t\t<span class=\"meta-sep\">|<\/span>\n\t\t\t\t\t\t\t<span class=\"tag-links\">\n\t\t\t\t<span class=\"entry-utility-prep entry-utility-prep-tag-links\">Tagged<\/span> <a href=\"https:\/\/boldor.rseq.ca\/?tag=2019\" rel=\"tag\">2019<\/a>\t\t\t<\/span>\n\t\t\t<span class=\"meta-sep\">|<\/span>\n\t\t\t\t<span class=\"comments-link\"><span>Commentaires ferm\u00e9s<span class=\"screen-reader-text\"> sur [FOOTBALL JUV\u00c9NILE D1b] Les Voltigeurs du Coll\u00e8ge Bourget champions de la COUPE D\u2019OR 2019<\/span><\/span><\/span>\n\t\t\t<\/div>\n<\/div>\n<div class=\"greySeparatorLine\"><\/div>\n<!-- \/\/ End of Post Wrap -->\n<!-- NOTE: If you need to make changes to this file, copy it to your current theme's main\n\tdirectory so your changes won't be overwritten when the plugin is upgraded. -->\n\n<!-- Start of Post Wrap -->\n<div class=\"post hentry ivycat-post wrapper-manchette\">\n\t<img width=\"600\" height=\"312\" src=\"https:\/\/boldor.rseq.ca\/wp-content\/uploads\/2019\/11\/fb.jpg\" class=\"attachment-post-thumbnail size-post-thumbnail wp-post-image\" alt=\"\" decoding=\"async\" loading=\"lazy\" srcset=\"https:\/\/boldor.rseq.ca\/wp-content\/uploads\/2019\/11\/fb.jpg 600w, https:\/\/boldor.rseq.ca\/wp-content\/uploads\/2019\/11\/fb-300x156.jpg 300w\" sizes=\"(max-width: 600px) 100vw, 600px\" \/>\t<!-- This is the output of the post TITLE -->\n\t<h2 class=\"entry-title-manchette\"><a href=\"https:\/\/boldor.rseq.ca\/?p=1942\">[FOOTBALL COLL\u00c9GIAL D2] Les Islanders de John Abbott champions du BOL D&rsquo;OR 2019<\/a><\/h2>\n\n\t<!-- This is the output of the EXCERPT -->\n\t<div class=\"entry-summary-p\">\n\t\tThetford Mines, 15 novembre 2019 \u2013 L\u2019attente aura \u00e9t\u00e9 longue, mais apr\u00e8s trois finales cons\u00e9cutives, les Islanders de John Abbott soul\u00e8vent finalement le BOL D\u2019OR&#8230;\t<\/div>\n\t<span class=\"postDateTime\"> | 11:00<\/span>\n\t<!-- This is the output of the META information -->\n\n\t<div class=\"entry-utility\" style=\"display:none;\">\n\t\t\t\t\t<span class=\"cat-links\">\n\t\t\t\t<span class=\"entry-utility-prep entry-utility-prep-cat-links\">Posted in<\/span> <a href=\"https:\/\/boldor.rseq.ca\/?cat=1\" rel=\"category\">Uncategorised<\/a>\t\t\t<\/span>\n\t\t\t<span class=\"meta-sep\">|<\/span>\n\t\t\t\t\t\t\t<span class=\"tag-links\">\n\t\t\t\t<span class=\"entry-utility-prep entry-utility-prep-tag-links\">Tagged<\/span> <a href=\"https:\/\/boldor.rseq.ca\/?tag=2019\" rel=\"tag\">2019<\/a>\t\t\t<\/span>\n\t\t\t<span class=\"meta-sep\">|<\/span>\n\t\t\t\t<span class=\"comments-link\"><span>Commentaires ferm\u00e9s<span class=\"screen-reader-text\"> sur [FOOTBALL COLL\u00c9GIAL D2] Les Islanders de John Abbott champions du BOL D&rsquo;OR 2019<\/span><\/span><\/span>\n\t\t\t<\/div>\n<\/div>\n<div class=\"greySeparatorLine\"><\/div>\n<!-- \/\/ End of Post Wrap -->\n","protected":false},"excerpt":{"rendered":"Thetford Mines, 15 novembre 2019 \u2013 L\u2019attente aura \u00e9t\u00e9 longue, mais apr\u00e8s trois finales cons\u00e9cutives, les Islanders de John Abbott soul\u00e8vent finalement le BOL D\u2019OR&#8230;","protected":false},"author":5,"featured_media":0,"parent":327,"menu_order":0,"comment_status":"closed","ping_status":"closed","template":"","meta":{"_links_to":"","_links_to_target":""},"_links":{"self":[{"href":"https:\/\/boldor.rseq.ca\/index.php?rest_route=\/wp\/v2\/pages\/1949"}],"collection":[{"href":"https:\/\/boldor.rseq.ca\/index.php?rest_route=\/wp\/v2\/pages"}],"about":[{"href":"https:\/\/boldor.rseq.ca\/index.php?rest_route=\/wp\/v2\/types\/page"}],"author":[{"embeddable":true,"href":"https:\/\/boldor.rseq.ca\/index.php?rest_route=\/wp\/v2\/users\/5"}],"replies":[{"embeddable":true,"href":"https:\/\/boldor.rseq.ca\/index.php?rest_route=%2Fwp%2Fv2%2Fcomments&post=1949"}],"version-history":[{"count":1,"href":"https:\/\/boldor.rseq.ca\/index.php?rest_route=\/wp\/v2\/pages\/1949\/revisions"}],"predecessor-version":[{"id":1950,"href":"https:\/\/boldor.rseq.ca\/index.php?rest_route=\/wp\/v2\/pages\/1949\/revisions\/1950"}],"up":[{"embeddable":true,"href":"https:\/\/boldor.rseq.ca\/index.php?rest_route=\/wp\/v2\/pages\/327"}],"wp:attachment":[{"href":"https:\/\/boldor.rseq.ca\/index.php?rest_route=%2Fwp%2Fv2%2Fmedia&parent=1949"}],"curies":[{"name":"wp","href":"https:\/\/api.w.org\/{rel}","templated":true}]}}