{"id":2039,"date":"2021-10-20T15:37:36","date_gmt":"2021-10-20T19:37:36","guid":{"rendered":"http:\/\/boldor.rseq.ca\/?page_id=2039"},"modified":"2021-11-16T17:25:35","modified_gmt":"2021-11-16T22:25:35","slug":"2021-2","status":"publish","type":"page","link":"https:\/\/boldor.rseq.ca\/?page_id=2039","title":{"rendered":"2021"},"content":{"rendered":"<h4><strong>NOUVELLES 2021<\/strong><\/h4>\r\n<!-- NOTE: If you need to make changes to this file, copy it to your current theme's main\n\tdirectory so your changes won't be overwritten when the plugin is upgraded. -->\n\n<!-- Start of Post Wrap -->\n<div class=\"post hentry ivycat-post wrapper-manchette\">\n\t<img width=\"628\" height=\"471\" src=\"https:\/\/boldor.rseq.ca\/wp-content\/uploads\/2021\/11\/image-20211121-213252-b1e629e7.jpg\" class=\"attachment-post-thumbnail size-post-thumbnail wp-post-image\" alt=\"\" decoding=\"async\" loading=\"lazy\" srcset=\"https:\/\/boldor.rseq.ca\/wp-content\/uploads\/2021\/11\/image-20211121-213252-b1e629e7.jpg 628w, https:\/\/boldor.rseq.ca\/wp-content\/uploads\/2021\/11\/image-20211121-213252-b1e629e7-300x225.jpg 300w\" sizes=\"(max-width: 628px) 100vw, 628px\" \/>\t<!-- This is the output of the post TITLE -->\n\t<h2 class=\"entry-title-manchette\"><a href=\"https:\/\/boldor.rseq.ca\/?p=2169\">Spectaculaire retour des Cactus en finale juv\u00e9nile D1<\/a><\/h2>\n\n\t<!-- This is the output of the EXCERPT -->\n\t<div class=\"entry-summary-p\">\n\t\tThetford Mines, 21 novembre 2021 \u2013 Dans une rencontre des plus spectaculaire, les Cactus du Coll\u00e8ge Notre-Dame ont inscrit deux touch\u00e9s avec 2 minutes 30&#8230;\t<\/div>\n\t<span class=\"postDateTime\">2021-11-21 | 16:40<\/span>\n\t<!-- This is the output of the META information -->\n\n\t<div class=\"entry-utility\" style=\"display:none;\">\n\t\t\t\t\t<span class=\"cat-links\">\n\t\t\t\t<span class=\"entry-utility-prep entry-utility-prep-cat-links\">Posted in<\/span> <a href=\"https:\/\/boldor.rseq.ca\/?cat=1\" rel=\"category\">Uncategorised<\/a>\t\t\t<\/span>\n\t\t\t<span class=\"meta-sep\">|<\/span>\n\t\t\t\t\t\t\t<span class=\"tag-links\">\n\t\t\t\t<span class=\"entry-utility-prep entry-utility-prep-tag-links\">Tagged<\/span> <a href=\"https:\/\/boldor.rseq.ca\/?tag=2021\" rel=\"tag\">2021<\/a>\t\t\t<\/span>\n\t\t\t<span class=\"meta-sep\">|<\/span>\n\t\t\t\t<span class=\"comments-link\"><span>Commentaires ferm\u00e9s<span class=\"screen-reader-text\"> sur Spectaculaire retour des Cactus en finale juv\u00e9nile D1<\/span><\/span><\/span>\n\t\t\t<\/div>\n<\/div>\n<div class=\"greySeparatorLine\"><\/div>\n<!-- \/\/ End of Post Wrap -->\n<!-- NOTE: If you need to make changes to this file, copy it to your current theme's main\n\tdirectory so your changes won't be overwritten when the plugin is upgraded. -->\n\n<!-- Start of Post Wrap -->\n<div class=\"post hentry ivycat-post wrapper-manchette\">\n\t<img width=\"1440\" height=\"1121\" src=\"https:\/\/boldor.rseq.ca\/wp-content\/uploads\/2021\/11\/MicrosoftTeams-image-23.jpg\" class=\"attachment-post-thumbnail size-post-thumbnail wp-post-image\" alt=\"\" decoding=\"async\" loading=\"lazy\" srcset=\"https:\/\/boldor.rseq.ca\/wp-content\/uploads\/2021\/11\/MicrosoftTeams-image-23.jpg 1440w, https:\/\/boldor.rseq.ca\/wp-content\/uploads\/2021\/11\/MicrosoftTeams-image-23-300x234.jpg 300w, https:\/\/boldor.rseq.ca\/wp-content\/uploads\/2021\/11\/MicrosoftTeams-image-23-768x598.jpg 768w, https:\/\/boldor.rseq.ca\/wp-content\/uploads\/2021\/11\/MicrosoftTeams-image-23-1024x797.jpg 1024w\" sizes=\"(max-width: 1440px) 100vw, 1440px\" \/>\t<!-- This is the output of the post TITLE -->\n\t<h2 class=\"entry-title-manchette\"><a href=\"https:\/\/boldor.rseq.ca\/?p=2172\">Les Condors concluent leur saison parfaite en remportant le Bol d&rsquo;Or<\/a><\/h2>\n\n\t<!-- This is the output of the EXCERPT -->\n\t<div class=\"entry-summary-p\">\n\t\tThetford Mines, 20 novembre 2021 \u2013 S&rsquo;affrontant pour une troisi\u00e8me fois cette saison, les Condors du C\u00e9gep Beauce-Appalaches sont demeur\u00e9s invaincus en 2021 disposants des&#8230;\t<\/div>\n\t<span class=\"postDateTime\">2021-11-20 | 21:22<\/span>\n\t<!-- This is the output of the META information -->\n\n\t<div class=\"entry-utility\" style=\"display:none;\">\n\t\t\t\t\t<span class=\"cat-links\">\n\t\t\t\t<span class=\"entry-utility-prep entry-utility-prep-cat-links\">Posted in<\/span> <a href=\"https:\/\/boldor.rseq.ca\/?cat=1\" rel=\"category\">Uncategorised<\/a>\t\t\t<\/span>\n\t\t\t<span class=\"meta-sep\">|<\/span>\n\t\t\t\t\t\t\t<span class=\"tag-links\">\n\t\t\t\t<span class=\"entry-utility-prep entry-utility-prep-tag-links\">Tagged<\/span> <a href=\"https:\/\/boldor.rseq.ca\/?tag=2021\" rel=\"tag\">2021<\/a>\t\t\t<\/span>\n\t\t\t<span class=\"meta-sep\">|<\/span>\n\t\t\t\t<span class=\"comments-link\"><span>Commentaires ferm\u00e9s<span class=\"screen-reader-text\"> sur Les Condors concluent leur saison parfaite en remportant le Bol d&rsquo;Or<\/span><\/span><\/span>\n\t\t\t<\/div>\n<\/div>\n<div class=\"greySeparatorLine\"><\/div>\n<!-- \/\/ End of Post Wrap -->\n<!-- NOTE: If you need to make changes to this file, copy it to your current theme's main\n\tdirectory so your changes won't be overwritten when the plugin is upgraded. -->\n\n<!-- Start of Post Wrap -->\n<div class=\"post hentry ivycat-post wrapper-manchette\">\n\t<img width=\"628\" height=\"418\" src=\"https:\/\/boldor.rseq.ca\/wp-content\/uploads\/2021\/11\/DSC02048.jpg\" class=\"attachment-post-thumbnail size-post-thumbnail wp-post-image\" alt=\"\" decoding=\"async\" loading=\"lazy\" srcset=\"https:\/\/boldor.rseq.ca\/wp-content\/uploads\/2021\/11\/DSC02048.jpg 628w, https:\/\/boldor.rseq.ca\/wp-content\/uploads\/2021\/11\/DSC02048-300x200.jpg 300w\" sizes=\"(max-width: 628px) 100vw, 628px\" \/>\t<!-- This is the output of the post TITLE -->\n\t<h2 class=\"entry-title-manchette\"><a href=\"https:\/\/boldor.rseq.ca\/?p=2175\">Domination des Cheetahs en finale D1<\/a><\/h2>\n\n\t<!-- This is the output of the EXCERPT -->\n\t<div class=\"entry-summary-p\">\n\t\tThetford Mines, 20 novembre 2021 \u2013 Fort d&rsquo;une avance de 16 points en premi\u00e8re demie, les Cheetahs du Coll\u00e8ge Vanier ont remport\u00e9 leur 9e BOL&#8230;\t<\/div>\n\t<span class=\"postDateTime\"> | 16:38<\/span>\n\t<!-- This is the output of the META information -->\n\n\t<div class=\"entry-utility\" style=\"display:none;\">\n\t\t\t\t\t<span class=\"cat-links\">\n\t\t\t\t<span class=\"entry-utility-prep entry-utility-prep-cat-links\">Posted in<\/span> <a href=\"https:\/\/boldor.rseq.ca\/?cat=1\" rel=\"category\">Uncategorised<\/a>\t\t\t<\/span>\n\t\t\t<span class=\"meta-sep\">|<\/span>\n\t\t\t\t\t\t\t<span class=\"tag-links\">\n\t\t\t\t<span class=\"entry-utility-prep entry-utility-prep-tag-links\">Tagged<\/span> <a href=\"https:\/\/boldor.rseq.ca\/?tag=2021\" rel=\"tag\">2021<\/a>\t\t\t<\/span>\n\t\t\t<span class=\"meta-sep\">|<\/span>\n\t\t\t\t<span class=\"comments-link\"><span>Commentaires ferm\u00e9s<span class=\"screen-reader-text\"> sur Domination des Cheetahs en finale D1<\/span><\/span><\/span>\n\t\t\t<\/div>\n<\/div>\n<div class=\"greySeparatorLine\"><\/div>\n<!-- \/\/ End of Post Wrap -->\n<!-- NOTE: If you need to make changes to this file, copy it to your current theme's main\n\tdirectory so your changes won't be overwritten when the plugin is upgraded. -->\n\n<!-- Start of Post Wrap -->\n<div class=\"post hentry ivycat-post wrapper-manchette\">\n\t<img width=\"628\" height=\"418\" src=\"https:\/\/boldor.rseq.ca\/wp-content\/uploads\/2021\/11\/DSC01603.jpg\" class=\"attachment-post-thumbnail size-post-thumbnail wp-post-image\" alt=\"\" decoding=\"async\" loading=\"lazy\" srcset=\"https:\/\/boldor.rseq.ca\/wp-content\/uploads\/2021\/11\/DSC01603.jpg 628w, https:\/\/boldor.rseq.ca\/wp-content\/uploads\/2021\/11\/DSC01603-300x200.jpg 300w\" sizes=\"(max-width: 628px) 100vw, 628px\" \/>\t<!-- This is the output of the post TITLE -->\n\t<h2 class=\"entry-title-manchette\"><a href=\"https:\/\/boldor.rseq.ca\/?p=2177\">[FOOTBALL COLL\u00c9GIAL D2] Les Islanders du Coll\u00e8ge John Abbott champions du BOL D\u2019OR 2021<\/a><\/h2>\n\n\t<!-- This is the output of the EXCERPT -->\n\t<div class=\"entry-summary-p\">\n\t\tThetford Mines, 19 novembre 2021 \u2013 Dans une fin de match des plus spectaculaire,\u00a0les Islanders du Coll\u00e8ge John Abbott ont remport\u00e9 un deuxi\u00e8me BOL D&rsquo;OR&#8230;\t<\/div>\n\t<span class=\"postDateTime\"> | 11:54<\/span>\n\t<!-- This is the output of the META information -->\n\n\t<div class=\"entry-utility\" style=\"display:none;\">\n\t\t\t\t\t<span class=\"cat-links\">\n\t\t\t\t<span class=\"entry-utility-prep entry-utility-prep-cat-links\">Posted in<\/span> <a href=\"https:\/\/boldor.rseq.ca\/?cat=1\" rel=\"category\">Uncategorised<\/a>\t\t\t<\/span>\n\t\t\t<span class=\"meta-sep\">|<\/span>\n\t\t\t\t\t\t\t<span class=\"tag-links\">\n\t\t\t\t<span class=\"entry-utility-prep entry-utility-prep-tag-links\">Tagged<\/span> <a href=\"https:\/\/boldor.rseq.ca\/?tag=2021\" rel=\"tag\">2021<\/a>\t\t\t<\/span>\n\t\t\t<span class=\"meta-sep\">|<\/span>\n\t\t\t\t<span class=\"comments-link\"><span>Commentaires ferm\u00e9s<span class=\"screen-reader-text\"> sur [FOOTBALL COLL\u00c9GIAL D2] Les Islanders du Coll\u00e8ge John Abbott champions du BOL D\u2019OR 2021<\/span><\/span><\/span>\n\t\t\t<\/div>\n<\/div>\n<div class=\"greySeparatorLine\"><\/div>\n<!-- \/\/ End of Post Wrap -->\n","protected":false},"excerpt":{"rendered":"Thetford Mines, 19 novembre 2021 \u2013 Dans une fin de match des plus spectaculaire,\u00a0les Islanders du Coll\u00e8ge John Abbott ont remport\u00e9 un deuxi\u00e8me BOL D&rsquo;OR&#8230;","protected":false},"author":5,"featured_media":0,"parent":327,"menu_order":0,"comment_status":"closed","ping_status":"closed","template":"","meta":{"_links_to":"","_links_to_target":""},"_links":{"self":[{"href":"https:\/\/boldor.rseq.ca\/index.php?rest_route=\/wp\/v2\/pages\/2039"}],"collection":[{"href":"https:\/\/boldor.rseq.ca\/index.php?rest_route=\/wp\/v2\/pages"}],"about":[{"href":"https:\/\/boldor.rseq.ca\/index.php?rest_route=\/wp\/v2\/types\/page"}],"author":[{"embeddable":true,"href":"https:\/\/boldor.rseq.ca\/index.php?rest_route=\/wp\/v2\/users\/5"}],"replies":[{"embeddable":true,"href":"https:\/\/boldor.rseq.ca\/index.php?rest_route=%2Fwp%2Fv2%2Fcomments&post=2039"}],"version-history":[{"count":2,"href":"https:\/\/boldor.rseq.ca\/index.php?rest_route=\/wp\/v2\/pages\/2039\/revisions"}],"predecessor-version":[{"id":2114,"href":"https:\/\/boldor.rseq.ca\/index.php?rest_route=\/wp\/v2\/pages\/2039\/revisions\/2114"}],"up":[{"embeddable":true,"href":"https:\/\/boldor.rseq.ca\/index.php?rest_route=\/wp\/v2\/pages\/327"}],"wp:attachment":[{"href":"https:\/\/boldor.rseq.ca\/index.php?rest_route=%2Fwp%2Fv2%2Fmedia&parent=2039"}],"curies":[{"name":"wp","href":"https:\/\/api.w.org\/{rel}","templated":true}]}}