{"id":2043,"date":"2021-10-20T15:40:42","date_gmt":"2021-10-20T19:40:42","guid":{"rendered":"http:\/\/boldor.rseq.ca\/?page_id=2043"},"modified":"2025-11-05T10:47:21","modified_gmt":"2025-11-05T15:47:21","slug":"2021-2","status":"publish","type":"page","link":"https:\/\/boldor.rseq.ca\/?page_id=2043","title":{"rendered":"2021"},"content":{"rendered":"<h4><strong>HORAIRE ET R\u00c9SULTATS 2021<\/strong><\/h4>\r\n<p><strong>COLL\u00c9GIAL DIVISION 2 &#8211; Vendredi 19 novembre 2021 &#8211; 19h00<\/strong><\/p>\r\n<table class=\"tableResultats\" style=\"width: 714px;\">\r\n<thead class=\"tHeadTableResultats\">\r\n<tr>\r\n<th class=\"TDleftText\" style=\"width: 242.188px;\">\u00c9QUIPES<\/th>\r\n<th style=\"width: 82.8125px;\">Q1<\/th>\r\n<th style=\"width: 47px;\">Q2<\/th>\r\n<th style=\"width: 47px;\">Q3<\/th>\r\n<th style=\"width: 47px;\">Q4<\/th>\r\n<th style=\"width: 94px;\">PROL<\/th>\r\n<th style=\"width: 106px;\">FINAL<\/th>\r\n<\/tr>\r\n<\/thead>\r\n<tbody>\r\n<tr>\r\n<td class=\"TDleftText\" style=\"width: 242.188px;\">\r\n<p><a href=\"http:\/\/boldor.rseq.ca\/wp-content\/uploads\/2021\/11\/Montmo.jpg\"><img decoding=\"async\" loading=\"lazy\" class=\"wp-image-2098 alignleft\" src=\"http:\/\/boldor.rseq.ca\/wp-content\/uploads\/2021\/11\/Montmo.jpg\" alt=\"\" width=\"80\" height=\"53\" \/><\/a>Coll\u00e8ge<br \/>\r\n Montmorency<\/p>\r\n<\/td>\r\n<td style=\"width: 82.8125px;\">\u00a03<\/td>\r\n<td style=\"width: 47px;\">3<\/td>\r\n<td style=\"width: 47px;\">2<\/td>\r\n<td style=\"width: 47px;\">\u00a014<\/td>\r\n<td style=\"width: 94px;\">\u00a0<\/td>\r\n<td style=\"width: 106px; text-align: center;\">\u00a022<\/td>\r\n<\/tr>\r\n<tr>\r\n<td class=\"TDleftText\" style=\"width: 242.188px;\">\r\n<p><a href=\"http:\/\/boldor.rseq.ca\/wp-content\/uploads\/2021\/10\/John-Abbott.jpg\"><img decoding=\"async\" loading=\"lazy\" class=\"alignleft wp-image-2103\" src=\"http:\/\/boldor.rseq.ca\/wp-content\/uploads\/2021\/10\/John-Abbott.jpg\" alt=\"\" width=\"80\" height=\"53\" \/><\/a>Coll\u00e8ge <br \/>\r\n John Abbott<\/p>\r\n<\/td>\r\n<td style=\"width: 82.8125px;\">7<\/td>\r\n<td style=\"width: 47px;\">\u00a07<\/td>\r\n<td style=\"width: 47px;\">0<\/td>\r\n<td style=\"width: 47px;\">\r\n<p>9<\/p>\r\n<\/td>\r\n<td style=\"width: 94px;\">\u00a0<\/td>\r\n<td style=\"width: 106px; text-align: center;\">\u00a023<\/td>\r\n<\/tr>\r\n<tr>\r\n<td class=\"TDleftText\" style=\"width: 666px;\" colspan=\"7\"><a href=\"http:\/\/www.rseq-stats.ca\/collegial\/football-d2\/stats\/2021\/s207.htm\">STATISTIQUES DU MATCH<\/a>\u00a0|\u00a0<a href=\"https:\/\/www.facebook.com\/media\/set?vanity=RSEQ1&amp;set=a.4872147146143465\">PHOTOS<\/a><\/td>\r\n<\/tr>\r\n<\/tbody>\r\n<\/table>\r\n<p>&nbsp;<\/p>\r\n<p><strong>COLL\u00c9GIAL DIVISION 1 &#8211; Samedi 20 novembre 2021 &#8211; 13h00<\/strong><\/p>\r\n<table class=\"tableResultats\">\r\n<thead class=\"tHeadTableResultats\">\r\n<tr>\r\n<th class=\"TDleftText\" width=\"40%\">\u00c9QUIPES<\/th>\r\n<th width=\"10%\">Q1<\/th>\r\n<th width=\"10%\">Q2<\/th>\r\n<th width=\"10%\">Q3<\/th>\r\n<th width=\"10%\">Q4<\/th>\r\n<th width=\"10%\">PROL<\/th>\r\n<th width=\"10%\">FINAL<\/th>\r\n<\/tr>\r\n<\/thead>\r\n<tbody>\r\n<tr>\r\n<td class=\"TDleftText\">\r\n<p><a href=\"http:\/\/boldor.rseq.ca\/wp-content\/uploads\/2021\/10\/Vanier.jpg\"><img decoding=\"async\" loading=\"lazy\" class=\"wp-image-2104 alignleft\" src=\"http:\/\/boldor.rseq.ca\/wp-content\/uploads\/2021\/10\/Vanier.jpg\" alt=\"\" width=\"80\" height=\"53\" \/><\/a>C\u00e9gep\u00a0<br \/>\r\n Vanier<\/p>\r\n<\/td>\r\n<td>\u00a00<\/td>\r\n<td>\u00a016<\/td>\r\n<td>21<\/td>\r\n<td>0<\/td>\r\n<td>&nbsp;<\/td>\r\n<td>\u00a037<\/td>\r\n<\/tr>\r\n<tr>\r\n<td class=\"TDleftText\"><a href=\"http:\/\/boldor.rseq.ca\/wp-content\/uploads\/2021\/10\/Limoilou.jpg\"><img decoding=\"async\" loading=\"lazy\" class=\"alignleft wp-image-2105\" src=\"http:\/\/boldor.rseq.ca\/wp-content\/uploads\/2021\/10\/Limoilou.jpg\" alt=\"\" width=\"80\" height=\"53\" \/><\/a>C\u00e9gep\u00a0<br \/>\r\n Limoilou<\/td>\r\n<td>0<\/td>\r\n<td>3<\/td>\r\n<td>0<\/td>\r\n<td>22<\/td>\r\n<td>&nbsp;<\/td>\r\n<td>\u00a025<\/td>\r\n<\/tr>\r\n<tr>\r\n<td class=\"TDleftText\" colspan=\"7\"><a href=\"http:\/\/www.rseq-stats.ca\/collegial\/football-d1\/stats\/2021\/s107.htm\">STATISTIQUES DU MATCH<\/a>\u00a0|\u00a0<a href=\"https:\/\/www.facebook.com\/media\/set\/?set=a.4874515055906674&amp;type=3\">PHOTOS<\/a>\u00a0<\/td>\r\n<\/tr>\r\n<\/tbody>\r\n<\/table>\r\n<p>&nbsp;<\/p>\r\n<p><strong>COLL\u00c9GIAL DIVISION 3 &#8211; Samedi 20 novembre 2021 &#8211; 18h00<\/strong><\/p>\r\n<table class=\"tableResultats\">\r\n<thead class=\"tHeadTableResultats\">\r\n<tr>\r\n<th class=\"TDleftText\" width=\"40%\">\u00c9QUIPES<\/th>\r\n<th width=\"10%\">Q1<\/th>\r\n<th width=\"10%\">Q2<\/th>\r\n<th width=\"10%\">Q3<\/th>\r\n<th width=\"10%\">Q4<\/th>\r\n<th width=\"10%\">PROL<\/th>\r\n<th width=\"10%\">FINAL<\/th>\r\n<\/tr>\r\n<\/thead>\r\n<tbody>\r\n<tr>\r\n<td class=\"TDleftText\">\r\n<p><a href=\"http:\/\/boldor.rseq.ca\/wp-content\/uploads\/2021\/10\/Jonqui\u00e8re.jpg\"><img decoding=\"async\" loading=\"lazy\" class=\"alignleft wp-image-2106\" src=\"http:\/\/boldor.rseq.ca\/wp-content\/uploads\/2021\/10\/Jonqui\u00e8re.jpg\" alt=\"\" width=\"80\" height=\"53\" \/><\/a>C\u00e9gep de<br \/>\r\n Jonqui\u00e8re<\/p>\r\n<\/td>\r\n<td>\u00a00<\/td>\r\n<td>\u00a014<\/td>\r\n<td>0<\/td>\r\n<td>0<\/td>\r\n<td>&nbsp;<\/td>\r\n<td>\u00a014<\/td>\r\n<\/tr>\r\n<tr>\r\n<td class=\"TDleftText\"><a href=\"http:\/\/boldor.rseq.ca\/wp-content\/uploads\/2021\/10\/Condors.jpg\"><img decoding=\"async\" loading=\"lazy\" class=\"alignleft wp-image-2107\" src=\"http:\/\/boldor.rseq.ca\/wp-content\/uploads\/2021\/10\/Condors.jpg\" alt=\"\" width=\"80\" height=\"53\" \/><\/a>C\u00e9gep<br \/>\r\n Beauce-Appalaches<\/td>\r\n<td>2<\/td>\r\n<td>21<\/td>\r\n<td>7<\/td>\r\n<td>6<\/td>\r\n<td>&nbsp;<\/td>\r\n<td>\u00a036<\/td>\r\n<\/tr>\r\n<tr>\r\n<td class=\"TDleftText\" colspan=\"7\"><a href=\"http:\/\/www.rseq-stats.ca\/collegial\/football-d3\/stats\/2021\/s307.htm\">STATISTIQUES DU MATCH<\/a>\u00a0|\u00a0<a href=\"https:\/\/www.facebook.com\/media\/set\/?set=a.4875173875840792&amp;type=3\">PHOTOS<\/a>\u00a0<\/td>\r\n<\/tr>\r\n<\/tbody>\r\n<\/table>\r\n<div>\u00a0<\/div>\r\n<p><strong>JUV\u00c9NILE DIVISION 1 &#8211; Dimanche 21 novembre 2021 &#8211; 13h00<\/strong><\/p>\r\n<table class=\"tableResultats\">\r\n<thead class=\"tHeadTableResultats\">\r\n<tr>\r\n<th class=\"TDleftText\" width=\"40%\">\u00c9QUIPES<\/th>\r\n<th width=\"10%\">Q1<\/th>\r\n<th width=\"10%\">Q2<\/th>\r\n<th width=\"10%\">Q3<\/th>\r\n<th width=\"10%\">Q4<\/th>\r\n<th width=\"10%\">PROL<\/th>\r\n<th width=\"10%\">FINAL<\/th>\r\n<\/tr>\r\n<\/thead>\r\n<tbody>\r\n<tr>\r\n<td class=\"TDleftText\"><a href=\"http:\/\/boldor.rseq.ca\/wp-content\/uploads\/2021\/10\/CCL.jpg\"><img decoding=\"async\" loading=\"lazy\" class=\"alignleft wp-image-2108\" src=\"http:\/\/boldor.rseq.ca\/wp-content\/uploads\/2021\/10\/CCL.jpg\" alt=\"\" width=\"80\" height=\"53\" \/><\/a>Coll\u00e8ge <br \/>\r\n Charles-Lemoyne\u00a0\u00a0\u00a0<\/td>\r\n<td>7<\/td>\r\n<td>0<\/td>\r\n<td>16<\/td>\r\n<td>2<\/td>\r\n<td>&nbsp;<\/td>\r\n<td>\u00a025<\/td>\r\n<\/tr>\r\n<tr>\r\n<td class=\"TDleftText\"><a href=\"http:\/\/boldor.rseq.ca\/wp-content\/uploads\/2021\/10\/Cactus.jpg\"><img decoding=\"async\" loading=\"lazy\" class=\"alignleft wp-image-2109\" src=\"http:\/\/boldor.rseq.ca\/wp-content\/uploads\/2021\/10\/Cactus.jpg\" alt=\"\" width=\"80\" height=\"53\" \/><\/a>Coll\u00e8ge<br \/>\r\n Notre-Dame\u00a0\u00a0<\/td>\r\n<td>7<\/td>\r\n<td>7<\/td>\r\n<td>0\u00a0<\/td>\r\n<td>12<\/td>\r\n<td>&nbsp;<\/td>\r\n<td>\u00a026<\/td>\r\n<\/tr>\r\n<tr>\r\n<td class=\"TDleftText\" colspan=\"7\"><a href=\"http:\/\/www.rseq-stats.ca\/scolaire\/football-juv-d1\/stats\/2021\/s106.htm\">STATISTIQUES DU MATCH<\/a>\u00a0|\u00a0<a href=\"https:\/\/www.facebook.com\/media\/set\/?set=a.4877908925567287&amp;type=3\">PHOTOS<\/a><\/td>\r\n<\/tr>\r\n<\/tbody>\r\n<\/table>","protected":false},"excerpt":{"rendered":"HORAIRE ET R\u00c9SULTATS 2021 COLL\u00c9GIAL DIVISION 2 &#8211; Vendredi 19 novembre 2021 &#8211; 19h00 \u00c9QUIPES Q1 Q2 Q3 Q4 PROL FINAL Coll\u00e8ge Montmorency \u00a03 3&#8230;","protected":false},"author":5,"featured_media":0,"parent":27,"menu_order":0,"comment_status":"closed","ping_status":"closed","template":"","meta":{"_links_to":"","_links_to_target":""},"_links":{"self":[{"href":"https:\/\/boldor.rseq.ca\/index.php?rest_route=\/wp\/v2\/pages\/2043"}],"collection":[{"href":"https:\/\/boldor.rseq.ca\/index.php?rest_route=\/wp\/v2\/pages"}],"about":[{"href":"https:\/\/boldor.rseq.ca\/index.php?rest_route=\/wp\/v2\/types\/page"}],"author":[{"embeddable":true,"href":"https:\/\/boldor.rseq.ca\/index.php?rest_route=\/wp\/v2\/users\/5"}],"replies":[{"embeddable":true,"href":"https:\/\/boldor.rseq.ca\/index.php?rest_route=%2Fwp%2Fv2%2Fcomments&post=2043"}],"version-history":[{"count":34,"href":"https:\/\/boldor.rseq.ca\/index.php?rest_route=\/wp\/v2\/pages\/2043\/revisions"}],"predecessor-version":[{"id":3123,"href":"https:\/\/boldor.rseq.ca\/index.php?rest_route=\/wp\/v2\/pages\/2043\/revisions\/3123"}],"up":[{"embeddable":true,"href":"https:\/\/boldor.rseq.ca\/index.php?rest_route=\/wp\/v2\/pages\/27"}],"wp:attachment":[{"href":"https:\/\/boldor.rseq.ca\/index.php?rest_route=%2Fwp%2Fv2%2Fmedia&parent=2043"}],"curies":[{"name":"wp","href":"https:\/\/api.w.org\/{rel}","templated":true}]}}