{"id":2070,"date":"2021-10-26T16:29:14","date_gmt":"2021-10-26T20:29:14","guid":{"rendered":"http:\/\/boldor.rseq.ca\/?page_id=2070"},"modified":"2021-11-23T16:10:46","modified_gmt":"2021-11-23T21:10:46","slug":"photos-2021","status":"publish","type":"page","link":"https:\/\/boldor.rseq.ca\/?page_id=2070","title":{"rendered":"Photos &#8211; 2021"},"content":{"rendered":"<h3><strong>PHOTOS BOL D&rsquo;OR 2021<\/strong><\/h3>\r\n<p><a href=\"https:\/\/www.facebook.com\/media\/set\/?set=a.4874515055906674&amp;type=3\">Finale coll\u00e9giale D1<\/a><\/p>\r\n<p><a href=\"https:\/\/www.facebook.com\/media\/set\/?set=a.4872147146143465&amp;type=3\">Finale coll\u00e9giale D2<\/a><\/p>\r\n<p><a href=\"https:\/\/www.facebook.com\/media\/set\/?set=a.4875173875840792&amp;type=3\">Finale coll\u00e9giale D3<\/a><\/p>\r\n<p><a href=\"https:\/\/www.facebook.com\/media\/set\/?set=a.4877908925567287&amp;type=3\">Finale juv\u00e9nile D1<\/a><\/p>","protected":false},"excerpt":{"rendered":"PHOTOS BOL D&rsquo;OR 2021 Finale coll\u00e9giale D1 Finale coll\u00e9giale D2 Finale coll\u00e9giale D3 Finale juv\u00e9nile D1","protected":false},"author":5,"featured_media":0,"parent":611,"menu_order":0,"comment_status":"closed","ping_status":"closed","template":"","meta":{"_links_to":"","_links_to_target":""},"_links":{"self":[{"href":"https:\/\/boldor.rseq.ca\/index.php?rest_route=\/wp\/v2\/pages\/2070"}],"collection":[{"href":"https:\/\/boldor.rseq.ca\/index.php?rest_route=\/wp\/v2\/pages"}],"about":[{"href":"https:\/\/boldor.rseq.ca\/index.php?rest_route=\/wp\/v2\/types\/page"}],"author":[{"embeddable":true,"href":"https:\/\/boldor.rseq.ca\/index.php?rest_route=\/wp\/v2\/users\/5"}],"replies":[{"embeddable":true,"href":"https:\/\/boldor.rseq.ca\/index.php?rest_route=%2Fwp%2Fv2%2Fcomments&post=2070"}],"version-history":[{"count":4,"href":"https:\/\/boldor.rseq.ca\/index.php?rest_route=\/wp\/v2\/pages\/2070\/revisions"}],"predecessor-version":[{"id":2232,"href":"https:\/\/boldor.rseq.ca\/index.php?rest_route=\/wp\/v2\/pages\/2070\/revisions\/2232"}],"up":[{"embeddable":true,"href":"https:\/\/boldor.rseq.ca\/index.php?rest_route=\/wp\/v2\/pages\/611"}],"wp:attachment":[{"href":"https:\/\/boldor.rseq.ca\/index.php?rest_route=%2Fwp%2Fv2%2Fmedia&parent=2070"}],"curies":[{"name":"wp","href":"https:\/\/api.w.org\/{rel}","templated":true}]}}