{"id":2235,"date":"2022-10-17T09:59:21","date_gmt":"2022-10-17T13:59:21","guid":{"rendered":"http:\/\/boldor.rseq.ca\/?page_id=2235"},"modified":"2022-10-17T09:59:21","modified_gmt":"2022-10-17T13:59:21","slug":"2022-3","status":"publish","type":"page","link":"https:\/\/boldor.rseq.ca\/?page_id=2235","title":{"rendered":"2022"},"content":{"rendered":"<h4><strong>NOUVELLES 2022<\/strong><\/h4>\r\n<!-- NOTE: If you need to make changes to this file, copy it to your current theme's main\n\tdirectory so your changes won't be overwritten when the plugin is upgraded. -->\n\n<!-- Start of Post Wrap -->\n<div class=\"post hentry ivycat-post wrapper-manchette\">\n\t<img width=\"500\" height=\"667\" src=\"https:\/\/boldor.rseq.ca\/wp-content\/uploads\/2022\/11\/juv-d1-001.jpg\" class=\"attachment-post-thumbnail size-post-thumbnail wp-post-image\" alt=\"\" decoding=\"async\" loading=\"lazy\" srcset=\"https:\/\/boldor.rseq.ca\/wp-content\/uploads\/2022\/11\/juv-d1-001.jpg 500w, https:\/\/boldor.rseq.ca\/wp-content\/uploads\/2022\/11\/juv-d1-001-225x300.jpg 225w\" sizes=\"(max-width: 500px) 100vw, 500px\" \/>\t<!-- This is the output of the post TITLE -->\n\t<h2 class=\"entry-title-manchette\"><a href=\"https:\/\/boldor.rseq.ca\/?p=2506\">LE BLIZZARD REMPORTE LE BOL D&rsquo;OR EN PROLONGATION<\/a><\/h2>\n\n\t<!-- This is the output of the EXCERPT -->\n\t<div class=\"entry-summary-p\">\n\t\tThetford Mines, 20 novembre 2022 \u2013\u00a0Neige, froid sib\u00e9rien et rafales se sont donn\u00e9 rendez-vous pour la pr\u00e9sentation de la finale du Bol d\u2019or juv\u00e9nile D1&#8230;\t<\/div>\n\t<span class=\"postDateTime\">2022-11-20 | 17:23<\/span>\n\t<!-- This is the output of the META information -->\n\n\t<div class=\"entry-utility\" style=\"display:none;\">\n\t\t\t\t\t<span class=\"cat-links\">\n\t\t\t\t<span class=\"entry-utility-prep entry-utility-prep-cat-links\">Posted in<\/span> <a href=\"https:\/\/boldor.rseq.ca\/?cat=1\" rel=\"category\">Uncategorised<\/a>\t\t\t<\/span>\n\t\t\t<span class=\"meta-sep\">|<\/span>\n\t\t\t\t\t\t\t<span class=\"tag-links\">\n\t\t\t\t<span class=\"entry-utility-prep entry-utility-prep-tag-links\">Tagged<\/span> <a href=\"https:\/\/boldor.rseq.ca\/?tag=2022\" rel=\"tag\">2022<\/a>\t\t\t<\/span>\n\t\t\t<span class=\"meta-sep\">|<\/span>\n\t\t\t\t<span class=\"comments-link\"><span>Commentaires ferm\u00e9s<span class=\"screen-reader-text\"> sur LE BLIZZARD REMPORTE LE BOL D&rsquo;OR EN PROLONGATION<\/span><\/span><\/span>\n\t\t\t<\/div>\n<\/div>\n<div class=\"greySeparatorLine\"><\/div>\n<!-- \/\/ End of Post Wrap -->\n<!-- NOTE: If you need to make changes to this file, copy it to your current theme's main\n\tdirectory so your changes won't be overwritten when the plugin is upgraded. -->\n\n<!-- Start of Post Wrap -->\n<div class=\"post hentry ivycat-post wrapper-manchette\">\n\t<img width=\"1000\" height=\"667\" src=\"https:\/\/boldor.rseq.ca\/wp-content\/uploads\/2022\/11\/d3-001.jpg\" class=\"attachment-post-thumbnail size-post-thumbnail wp-post-image\" alt=\"\" decoding=\"async\" loading=\"lazy\" srcset=\"https:\/\/boldor.rseq.ca\/wp-content\/uploads\/2022\/11\/d3-001.jpg 1000w, https:\/\/boldor.rseq.ca\/wp-content\/uploads\/2022\/11\/d3-001-300x200.jpg 300w, https:\/\/boldor.rseq.ca\/wp-content\/uploads\/2022\/11\/d3-001-768x512.jpg 768w\" sizes=\"(max-width: 1000px) 100vw, 1000px\" \/>\t<!-- This is the output of the post TITLE -->\n\t<h2 class=\"entry-title-manchette\"><a href=\"https:\/\/boldor.rseq.ca\/?p=2481\">Les Condors r\u00e9sistent et conservent leur titre<\/a><\/h2>\n\n\t<!-- This is the output of the EXCERPT -->\n\t<div class=\"entry-summary-p\">\n\t\tThetford Mines, 19 novembre 2022 \u2013\u00a0Invaincus depuis leur arriv\u00e9 en division 3 au football coll\u00e9gial, les Condors du C\u00e9gep Beauce-Appalaches sont parvenus \u00e0 conserver leur&#8230;\t<\/div>\n\t<span class=\"postDateTime\">2022-11-19 | 21:59<\/span>\n\t<!-- This is the output of the META information -->\n\n\t<div class=\"entry-utility\" style=\"display:none;\">\n\t\t\t\t\t<span class=\"cat-links\">\n\t\t\t\t<span class=\"entry-utility-prep entry-utility-prep-cat-links\">Posted in<\/span> <a href=\"https:\/\/boldor.rseq.ca\/?cat=1\" rel=\"category\">Uncategorised<\/a>\t\t\t<\/span>\n\t\t\t<span class=\"meta-sep\">|<\/span>\n\t\t\t\t\t\t\t<span class=\"tag-links\">\n\t\t\t\t<span class=\"entry-utility-prep entry-utility-prep-tag-links\">Tagged<\/span> <a href=\"https:\/\/boldor.rseq.ca\/?tag=2022\" rel=\"tag\">2022<\/a>\t\t\t<\/span>\n\t\t\t<span class=\"meta-sep\">|<\/span>\n\t\t\t\t<span class=\"comments-link\"><span>Commentaires ferm\u00e9s<span class=\"screen-reader-text\"> sur Les Condors r\u00e9sistent et conservent leur titre<\/span><\/span><\/span>\n\t\t\t<\/div>\n<\/div>\n<div class=\"greySeparatorLine\"><\/div>\n<!-- \/\/ End of Post Wrap -->\n<!-- NOTE: If you need to make changes to this file, copy it to your current theme's main\n\tdirectory so your changes won't be overwritten when the plugin is upgraded. -->\n\n<!-- Start of Post Wrap -->\n<div class=\"post hentry ivycat-post wrapper-manchette\">\n\t<img width=\"1000\" height=\"667\" src=\"https:\/\/boldor.rseq.ca\/wp-content\/uploads\/2022\/11\/d2-001.jpg\" class=\"attachment-post-thumbnail size-post-thumbnail wp-post-image\" alt=\"\" decoding=\"async\" loading=\"lazy\" srcset=\"https:\/\/boldor.rseq.ca\/wp-content\/uploads\/2022\/11\/d2-001.jpg 1000w, https:\/\/boldor.rseq.ca\/wp-content\/uploads\/2022\/11\/d2-001-300x200.jpg 300w, https:\/\/boldor.rseq.ca\/wp-content\/uploads\/2022\/11\/d2-001-768x512.jpg 768w\" sizes=\"(max-width: 1000px) 100vw, 1000px\" \/>\t<!-- This is the output of the post TITLE -->\n\t<h2 class=\"entry-title-manchette\"><a href=\"https:\/\/boldor.rseq.ca\/?p=2463\">TRIOMPHANTE PRESTATION DES VOLONTAIRES<\/a><\/h2>\n\n\t<!-- This is the output of the EXCERPT -->\n\t<div class=\"entry-summary-p\">\n\t\tThetford Mines, 19 novembre 2022 \u2013\u00a0Douze ans apr\u00e8s leurs quatre conqu\u00eates cons\u00e9cutives, les Volontaires du C\u00e9gep de Sherbrooke sont de retour au sommet de la&#8230;\t<\/div>\n\t<span class=\"postDateTime\"> | 18:40<\/span>\n\t<!-- This is the output of the META information -->\n\n\t<div class=\"entry-utility\" style=\"display:none;\">\n\t\t\t\t\t<span class=\"cat-links\">\n\t\t\t\t<span class=\"entry-utility-prep entry-utility-prep-cat-links\">Posted in<\/span> <a href=\"https:\/\/boldor.rseq.ca\/?cat=1\" rel=\"category\">Uncategorised<\/a>\t\t\t<\/span>\n\t\t\t<span class=\"meta-sep\">|<\/span>\n\t\t\t\t\t\t\t<span class=\"tag-links\">\n\t\t\t\t<span class=\"entry-utility-prep entry-utility-prep-tag-links\">Tagged<\/span> <a href=\"https:\/\/boldor.rseq.ca\/?tag=2022\" rel=\"tag\">2022<\/a>\t\t\t<\/span>\n\t\t\t<span class=\"meta-sep\">|<\/span>\n\t\t\t\t<span class=\"comments-link\"><span>Commentaires ferm\u00e9s<span class=\"screen-reader-text\"> sur TRIOMPHANTE PRESTATION DES VOLONTAIRES<\/span><\/span><\/span>\n\t\t\t<\/div>\n<\/div>\n<div class=\"greySeparatorLine\"><\/div>\n<!-- \/\/ End of Post Wrap -->\n<!-- NOTE: If you need to make changes to this file, copy it to your current theme's main\n\tdirectory so your changes won't be overwritten when the plugin is upgraded. -->\n\n<!-- Start of Post Wrap -->\n<div class=\"post hentry ivycat-post wrapper-manchette\">\n\t<img width=\"1000\" height=\"667\" src=\"https:\/\/boldor.rseq.ca\/wp-content\/uploads\/2022\/11\/d1-001.jpg\" class=\"attachment-post-thumbnail size-post-thumbnail wp-post-image\" alt=\"\" decoding=\"async\" loading=\"lazy\" srcset=\"https:\/\/boldor.rseq.ca\/wp-content\/uploads\/2022\/11\/d1-001.jpg 1000w, https:\/\/boldor.rseq.ca\/wp-content\/uploads\/2022\/11\/d1-001-300x200.jpg 300w, https:\/\/boldor.rseq.ca\/wp-content\/uploads\/2022\/11\/d1-001-768x512.jpg 768w\" sizes=\"(max-width: 1000px) 100vw, 1000px\" \/>\t<!-- This is the output of the post TITLE -->\n\t<h2 class=\"entry-title-manchette\"><a href=\"https:\/\/boldor.rseq.ca\/?p=2430\">Les Titans renversent la vapeur et remporte le Bol d\u2019Or en D1<\/a><\/h2>\n\n\t<!-- This is the output of the EXCERPT -->\n\t<div class=\"entry-summary-p\">\n\t\tThetford Mines, 18 novembre 2022 \u2013\u00a0Men\u00e9s par une solide attaque au sol, les Titans du C\u00e9gep Limoilou ont remport\u00e9 un premier Bol d\u2019Or en D1&#8230;\t<\/div>\n\t<span class=\"postDateTime\">2022-11-18 | 23:30<\/span>\n\t<!-- This is the output of the META information -->\n\n\t<div class=\"entry-utility\" style=\"display:none;\">\n\t\t\t\t\t<span class=\"cat-links\">\n\t\t\t\t<span class=\"entry-utility-prep entry-utility-prep-cat-links\">Posted in<\/span> <a href=\"https:\/\/boldor.rseq.ca\/?cat=1\" rel=\"category\">Uncategorised<\/a>\t\t\t<\/span>\n\t\t\t<span class=\"meta-sep\">|<\/span>\n\t\t\t\t\t\t\t<span class=\"tag-links\">\n\t\t\t\t<span class=\"entry-utility-prep entry-utility-prep-tag-links\">Tagged<\/span> <a href=\"https:\/\/boldor.rseq.ca\/?tag=2022\" rel=\"tag\">2022<\/a>\t\t\t<\/span>\n\t\t\t<span class=\"meta-sep\">|<\/span>\n\t\t\t\t<span class=\"comments-link\"><span>Commentaires ferm\u00e9s<span class=\"screen-reader-text\"> sur Les Titans renversent la vapeur et remporte le Bol d\u2019Or en D1<\/span><\/span><\/span>\n\t\t\t<\/div>\n<\/div>\n<div class=\"greySeparatorLine\"><\/div>\n<!-- \/\/ End of Post Wrap -->\n","protected":false},"excerpt":{"rendered":"Thetford Mines, 18 novembre 2022 \u2013\u00a0Men\u00e9s par une solide attaque au sol, les Titans du C\u00e9gep Limoilou ont remport\u00e9 un premier Bol d\u2019Or en D1&#8230;","protected":false},"author":5,"featured_media":0,"parent":327,"menu_order":0,"comment_status":"closed","ping_status":"closed","template":"","meta":{"_links_to":"","_links_to_target":""},"_links":{"self":[{"href":"https:\/\/boldor.rseq.ca\/index.php?rest_route=\/wp\/v2\/pages\/2235"}],"collection":[{"href":"https:\/\/boldor.rseq.ca\/index.php?rest_route=\/wp\/v2\/pages"}],"about":[{"href":"https:\/\/boldor.rseq.ca\/index.php?rest_route=\/wp\/v2\/types\/page"}],"author":[{"embeddable":true,"href":"https:\/\/boldor.rseq.ca\/index.php?rest_route=\/wp\/v2\/users\/5"}],"replies":[{"embeddable":true,"href":"https:\/\/boldor.rseq.ca\/index.php?rest_route=%2Fwp%2Fv2%2Fcomments&post=2235"}],"version-history":[{"count":1,"href":"https:\/\/boldor.rseq.ca\/index.php?rest_route=\/wp\/v2\/pages\/2235\/revisions"}],"predecessor-version":[{"id":2236,"href":"https:\/\/boldor.rseq.ca\/index.php?rest_route=\/wp\/v2\/pages\/2235\/revisions\/2236"}],"up":[{"embeddable":true,"href":"https:\/\/boldor.rseq.ca\/index.php?rest_route=\/wp\/v2\/pages\/327"}],"wp:attachment":[{"href":"https:\/\/boldor.rseq.ca\/index.php?rest_route=%2Fwp%2Fv2%2Fmedia&parent=2235"}],"curies":[{"name":"wp","href":"https:\/\/api.w.org\/{rel}","templated":true}]}}