{"id":2242,"date":"2022-10-17T10:17:52","date_gmt":"2022-10-17T14:17:52","guid":{"rendered":"http:\/\/boldor.rseq.ca\/?page_id=2242"},"modified":"2025-11-05T10:47:42","modified_gmt":"2025-11-05T15:47:42","slug":"2022-3","status":"publish","type":"page","link":"https:\/\/boldor.rseq.ca\/?page_id=2242","title":{"rendered":"2022"},"content":{"rendered":"<h4><strong>HORAIRE ET R\u00c9SULTATS 2022<\/strong><\/h4>\r\n<p><strong>COLL\u00c9GIAL DIVISION 1 &#8211; Vendredi 18 novembre 2022 &#8211; 19h00<\/strong><\/p>\r\n<table class=\"tableResultats\">\r\n<thead class=\"tHeadTableResultats\">\r\n<tr>\r\n<th class=\"TDleftText\" width=\"40%\">\u00c9QUIPES<\/th>\r\n<th width=\"10%\">1er Q<\/th>\r\n<th width=\"10%\">2e Q<\/th>\r\n<th width=\"10%\">3e Q<\/th>\r\n<th width=\"10%\">4e Q<\/th>\r\n<th width=\"10%\">Prol.<\/th>\r\n<th width=\"10%\">Final<\/th>\r\n<\/tr>\r\n<\/thead>\r\n<tbody>\r\n<tr>\r\n<td class=\"TDleftText\" style=\"vertical-align: middle;\" scope=\"row\">\r\n<p><img decoding=\"async\" loading=\"lazy\" class=\"wp-image-2098 alignleft\" src=\"http:\/\/boldor.rseq.ca\/wp-content\/uploads\/2022\/11\/coll-cndf.jpg\" alt=\"\" width=\"80\" height=\"53\" \/>Campus<br \/>\r\n Notre-Dame-de-Foy <br \/>\r\n (6-3, 8-4)<\/p>\r\n<\/td>\r\n<td style=\"vertical-align: middle;\" scope=\"row\">7<\/td>\r\n<td style=\"vertical-align: middle;\" scope=\"row\">7<\/td>\r\n<td style=\"vertical-align: middle;\" scope=\"row\">7<\/td>\r\n<td style=\"vertical-align: middle;\" scope=\"row\">0<\/td>\r\n<td style=\"vertical-align: middle;\" scope=\"row\">\u00a0<\/td>\r\n<td style=\"vertical-align: middle;\" scope=\"row\">21<\/td>\r\n<\/tr>\r\n<tr>\r\n<td class=\"TDleftText\" style=\"vertical-align: middle;\" scope=\"row\">\r\n<p><img decoding=\"async\" loading=\"lazy\" class=\"wp-image-2371 alignleft\" src=\"http:\/\/boldor.rseq.ca\/wp-content\/uploads\/2022\/11\/coll-lim.jpg\" alt=\"\" width=\"80\" height=\"53\" \/>C\u00e9gep<br \/>\r\n Limoilou <br \/>\r\n (8-1, 10-1)<\/p>\r\n<\/td>\r\n<td style=\"vertical-align: middle;\" scope=\"row\">3<\/td>\r\n<td style=\"vertical-align: middle;\" scope=\"row\">9<\/td>\r\n<td style=\"vertical-align: middle;\" scope=\"row\">0<\/td>\r\n<td style=\"vertical-align: middle;\" scope=\"row\">21\u00a0<\/td>\r\n<td style=\"vertical-align: middle;\" scope=\"row\">\u00a0<\/td>\r\n<td style=\"vertical-align: middle;\" scope=\"row\">33<\/td>\r\n<\/tr>\r\n<tr>\r\n<td class=\"TDleftText\" style=\"width: 600px;\" colspan=\"7\"><a href=\"http:\/\/www.rseq-stats.ca\/collegial\/football-d1\/stats\/2022\/s106.htm\" target=\"_blank\" rel=\"noopener\">Statistiques du match<\/a>\u00a0|\u00a0<a href=\"https:\/\/boldor.rseq.ca\/?p=2430\">R\u00e9sum\u00e9 du match<\/a>\u00a0|\u00a0<a href=\"https:\/\/www.facebook.com\/media\/set\/?set=a.6002454726446029&amp;type=3\" target=\"_blank\" rel=\"noopener\">Photos<\/a><\/td>\r\n<\/tr>\r\n<\/tbody>\r\n<\/table>\r\n<p><strong>COLL\u00c9GIAL DIVISION 2 &#8211; Samedi 19 novembre 2022 &#8211; 13h00<\/strong><\/p>\r\n<table class=\"tableResultats\">\r\n<thead class=\"tHeadTableResultats\">\r\n<tr>\r\n<th class=\"TDleftText\" width=\"40%\">\u00c9QUIPES<\/th>\r\n<th width=\"10%\">1er Q<\/th>\r\n<th width=\"10%\">2e Q<\/th>\r\n<th width=\"10%\">3e Q<\/th>\r\n<th width=\"10%\">4e Q<\/th>\r\n<th width=\"10%\">Prol.<\/th>\r\n<th width=\"10%\">Final<\/th>\r\n<\/tr>\r\n<\/thead>\r\n<tbody>\r\n<tr>\r\n<td class=\"TDleftText\">\r\n<p><img decoding=\"async\" loading=\"lazy\" class=\"wp-image-2373 alignleft\" src=\"http:\/\/boldor.rseq.ca\/wp-content\/uploads\/2022\/11\/coll-she.jpg\" alt=\"\" width=\"80\" height=\"53\" \/>C\u00e9gep de<br \/>\r\n Sherbrooke<br \/>\r\n (6-2, 9-2)<\/p>\r\n<\/td>\r\n<td>7<\/td>\r\n<td>7<\/td>\r\n<td>7<\/td>\r\n<td>7<\/td>\r\n<td>&nbsp;<\/td>\r\n<td>28<\/td>\r\n<\/tr>\r\n<tr>\r\n<td class=\"TDleftText\">\r\n<p><img decoding=\"async\" loading=\"lazy\" class=\"wp-image-2372 alignleft\" src=\"http:\/\/boldor.rseq.ca\/wp-content\/uploads\/2022\/11\/coll-mon.jpg\" alt=\"\" width=\"80\" height=\"53\" \/>Coll\u00e8ge<br \/>\r\n Montmorency<br \/>\r\n (7-1, 8-2)<\/p>\r\n<\/td>\r\n<td>7<\/td>\r\n<td>0<\/td>\r\n<td>7<\/td>\r\n<td>0<\/td>\r\n<td>&nbsp;<\/td>\r\n<td>14<\/td>\r\n<\/tr>\r\n<tr>\r\n<td class=\"TDleftText\" style=\"width: 600px;\" colspan=\"7\"><a href=\"http:\/\/www.rseq-stats.ca\/collegial\/football-d2\/stats\/2022\/s206.htm\" target=\"_blank\" rel=\"noopener\">Statistiques du match<\/a>\u00a0| <a href=\"https:\/\/boldor.rseq.ca\/?p=2463\">R\u00e9sum\u00e9 du match<\/a>\u00a0|\u00a0<a href=\"https:\/\/www.facebook.com\/media\/set\/?set=a.6002456536445848&amp;type=3\" target=\"_blank\" rel=\"noopener\">Photos<\/a><\/td>\r\n<\/tr>\r\n<\/tbody>\r\n<\/table>\r\n<p><strong>COLL\u00c9GIAL DIVISION 3 &#8211; Samedi 19 novembre 2022 &#8211; 18h00<\/strong><\/p>\r\n<table class=\"tableResultats\">\r\n<thead class=\"tHeadTableResultats\">\r\n<tr>\r\n<th class=\"TDleftText\" width=\"40%\">\u00c9QUIPES<\/th>\r\n<th width=\"10%\">1er Q<\/th>\r\n<th width=\"10%\">2e Q<\/th>\r\n<th width=\"10%\">3e Q<\/th>\r\n<th width=\"10%\">4e Q<\/th>\r\n<th width=\"10%\">Prol.<\/th>\r\n<th width=\"10%\">Final<\/th>\r\n<\/tr>\r\n<\/thead>\r\n<tbody>\r\n<tr>\r\n<td class=\"TDleftText\">\r\n<p><img decoding=\"async\" loading=\"lazy\" class=\"wp-image-2370 alignleft\" src=\"http:\/\/boldor.rseq.ca\/wp-content\/uploads\/2022\/11\/coll-jon.jpg\" alt=\"\" width=\"80\" height=\"53\" \/>C\u00e9gep de<br \/>\r\n Jonqui\u00e8re<br \/>\r\n (6-2, 8-2)<\/p>\r\n<\/td>\r\n<td>3<\/td>\r\n<td>10<\/td>\r\n<td>0<\/td>\r\n<td>8<\/td>\r\n<td>&nbsp;<\/td>\r\n<td>\u00a021<\/td>\r\n<\/tr>\r\n<tr>\r\n<td class=\"TDleftText\">\r\n<p><img decoding=\"async\" loading=\"lazy\" class=\"wp-image-2368 alignleft\" src=\"http:\/\/boldor.rseq.ca\/wp-content\/uploads\/2022\/11\/coll-bap.jpg\" alt=\"\" width=\"80\" height=\"53\" \/>C\u00e9gep<br \/>\r\n Beauce-Appalaches<br \/>\r\n (8-0, 10-0)<\/p>\r\n<\/td>\r\n<td>0<\/td>\r\n<td>7<\/td>\r\n<td>7<\/td>\r\n<td>14\u00a0<\/td>\r\n<td>&nbsp;<\/td>\r\n<td>\u00a028<\/td>\r\n<\/tr>\r\n<tr>\r\n<td class=\"TDleftText\" style=\"width: 600px;\" colspan=\"7\"><a href=\"http:\/\/www.rseq-stats.ca\/collegial\/football-d3\/stats\/2022\/s307.htm\" target=\"_blank\" rel=\"noopener\">Statistiques du match<\/a>\u00a0| <a href=\"https:\/\/boldor.rseq.ca\/?p=2481\">R\u00e9sum\u00e9 du match<\/a>\u00a0|\u00a0<a href=\"https:\/\/www.facebook.com\/media\/set\/?set=a.6002457213112447&amp;type=3\" target=\"_blank\" rel=\"noopener\">Photos<\/a><\/td>\r\n<\/tr>\r\n<\/tbody>\r\n<\/table>\r\n<p><strong>JUV\u00c9NILE DIVISION 1 &#8211; Dimanche 20 novembre 2022 &#8211; 13h00<\/strong><\/p>\r\n<table class=\"tableResultats\">\r\n<thead class=\"tHeadTableResultats\">\r\n<tr>\r\n<th class=\"TDleftText\" width=\"40%\">\u00c9QUIPES<\/th>\r\n<th width=\"10%\">1er Q<\/th>\r\n<th width=\"10%\">2e Q<\/th>\r\n<th width=\"10%\">3e Q<\/th>\r\n<th width=\"10%\">4e Q<\/th>\r\n<th width=\"10%\">Prol.<\/th>\r\n<th width=\"10%\">Final<\/th>\r\n<\/tr>\r\n<\/thead>\r\n<tbody>\r\n<tr>\r\n<td class=\"TDleftText\">\r\n<p><img decoding=\"async\" loading=\"lazy\" class=\"wp-image-2397 alignleft\" src=\"http:\/\/boldor.rseq.ca\/wp-content\/uploads\/2022\/11\/scol-ccl-1.jpg\" alt=\"\" width=\"80\" height=\"53\" \/>Coll\u00e8ge<br \/>\r\n Charles-Lemoyne<br \/>\r\n (8-1, 10-1)<\/p>\r\n<\/td>\r\n<td>1<\/td>\r\n<td>0<\/td>\r\n<td>7<\/td>\r\n<td>\u00a07<\/td>\r\n<td>0<\/td>\r\n<td>15<\/td>\r\n<\/tr>\r\n<tr>\r\n<td class=\"TDleftText\">\r\n<p><img decoding=\"async\" loading=\"lazy\" class=\"alignleft wp-image-2375\" src=\"http:\/\/boldor.rseq.ca\/wp-content\/uploads\/2022\/11\/scol-ssf.jpg\" alt=\"\" width=\"80\" height=\"53\" \/>S\u00e9minaire<br \/>\r\n Saint-Fran\u00e7ois <br \/>\r\n (8-1, 9-1)<\/p>\r\n<\/td>\r\n<td>0\u00a0<\/td>\r\n<td>1\u00a0<\/td>\r\n<td>0\u00a0<\/td>\r\n<td>14\u00a0<\/td>\r\n<td>7\u00a0<\/td>\r\n<td>22\u00a0<\/td>\r\n<\/tr>\r\n<tr>\r\n<td class=\"TDleftText\" style=\"width: 600px;\" colspan=\"7\"><a href=\"http:\/\/www.rseq-stats.ca\/scolaire\/football-juv-d1\/stats\/2022\/s106.htm\" target=\"_blank\" rel=\"noopener\">Statistiques du match<\/a>\u00a0| <a href=\"https:\/\/boldor.rseq.ca\/?p=2506\">R\u00e9sum\u00e9 du match<\/a> |\u00a0<a href=\"https:\/\/www.facebook.com\/media\/set\/?set=a.6002457626445739&amp;type=3\" target=\"_blank\" rel=\"noopener\">Photos<\/a><\/td>\r\n<\/tr>\r\n<\/tbody>\r\n<\/table>","protected":false},"excerpt":{"rendered":"HORAIRE ET R\u00c9SULTATS 2022 COLL\u00c9GIAL DIVISION 1 &#8211; Vendredi 18 novembre 2022 &#8211; 19h00 \u00c9QUIPES 1er Q 2e Q 3e Q 4e Q Prol. Final&#8230;","protected":false},"author":5,"featured_media":0,"parent":27,"menu_order":0,"comment_status":"closed","ping_status":"closed","template":"","meta":{"_links_to":"","_links_to_target":""},"_links":{"self":[{"href":"https:\/\/boldor.rseq.ca\/index.php?rest_route=\/wp\/v2\/pages\/2242"}],"collection":[{"href":"https:\/\/boldor.rseq.ca\/index.php?rest_route=\/wp\/v2\/pages"}],"about":[{"href":"https:\/\/boldor.rseq.ca\/index.php?rest_route=\/wp\/v2\/types\/page"}],"author":[{"embeddable":true,"href":"https:\/\/boldor.rseq.ca\/index.php?rest_route=\/wp\/v2\/users\/5"}],"replies":[{"embeddable":true,"href":"https:\/\/boldor.rseq.ca\/index.php?rest_route=%2Fwp%2Fv2%2Fcomments&post=2242"}],"version-history":[{"count":166,"href":"https:\/\/boldor.rseq.ca\/index.php?rest_route=\/wp\/v2\/pages\/2242\/revisions"}],"predecessor-version":[{"id":3124,"href":"https:\/\/boldor.rseq.ca\/index.php?rest_route=\/wp\/v2\/pages\/2242\/revisions\/3124"}],"up":[{"embeddable":true,"href":"https:\/\/boldor.rseq.ca\/index.php?rest_route=\/wp\/v2\/pages\/27"}],"wp:attachment":[{"href":"https:\/\/boldor.rseq.ca\/index.php?rest_route=%2Fwp%2Fv2%2Fmedia&parent=2242"}],"curies":[{"name":"wp","href":"https:\/\/api.w.org\/{rel}","templated":true}]}}