{"id":318,"date":"2015-10-29T12:13:43","date_gmt":"2015-10-29T16:13:43","guid":{"rendered":"http:\/\/dev.rseq.ca\/bo15\/?page_id=318"},"modified":"2025-09-24T13:37:43","modified_gmt":"2025-09-24T17:37:43","slug":"contact","status":"publish","type":"page","link":"https:\/\/boldor.rseq.ca\/?page_id=318","title":{"rendered":"Stationnement &#038; contact"},"content":{"rendered":"<p><strong>STATIONNEMENT<\/strong><br \/>L\u2019acc\u00e8s aux stationnements du C\u00e9gep de Trois-Rivi\u00e8res est gratuit pour la fin de semaine du BOL D\u2019OR, du 14 au 16 novembre 2025.<\/p>\r\n\r\nVoici les trois zones de stationnement disponibles pour les spectateurs; <\/p>\r\n\r\n&#8211; COOPSCO C\u00e9gep de Trois-Rivi\u00e8res (806 Rue Marguerite Bourgeoys, Trois-Rivi\u00e8res, QC G8Z 3S7)<\/p>\r\n\r\n&#8211; Stationnement Papineau (1025 Rue Marguerite Bourgeoys, Trois-Rivi\u00e8res, QC G8Z 3T1)<\/p>\r\n\r\n&#8211; Pavillon des sciences (3500 Rue de Courval, Trois-Rivi\u00e8res, QC G8Z 1T2)<\/p>\r\n<hr \/>\r\n<p>\r\n<strong>Information suppl\u00e9mentaire\u00a0:<\/strong><br\/><\/p>\r\n<ul>\r\n<li>Il est strictement interdit de consommer ou de poss\u00e9der de l&rsquo;alcool dans les stationnements du C\u00e9gep lors du BOL D&rsquo;OR.<\/li>\r\n<li>Toute activit\u00e9 de type tailgate est formellement interdite dans les stationnements du C\u00e9gep.<\/li>\r\n<li>Aucun animal de compagnie ne sera permis dans le stade des Diablos durant le BOL D&rsquo;OR; seuls les chiens de service avec une preuve de certification ou un signe distinctif seront accept\u00e9s.<\/li>\r\n<li>L\u2019utilisation de sifflets et d\u2019engins bruyants \u00e0 gaz ou \u00e0 air comprim\u00e9 est restreinte, au m\u00eame titre que l\u2019annonceur et toute troupe d\u2019animation (meneuses de claque, fanfare, musiciens), qui doivent cesser l\u2019animation au signal de l\u2019arbitre (d\u00e9but des 20 secondes). Dans le cas o\u00f9 il n\u2019y aurait pas de caucus, cette r\u00e8gle s\u2019applique avant l\u2019alignement des \u00e9l\u00e8ves-athl\u00e8tes et jusqu\u2019\u00e0 la fin de la s\u00e9quence de jeu.<\/li>\r\n<\/ul>\r\n<hr \/>\r\n<strong>Pour toute question, veuillez contacter\u00a0: <\/strong> Samuel Laplante &#8211; <a href=\"mailto:slaplante@rseq.ca\" target=\"_blank\" rel=\"noopener\">slaplante@rseq.ca<\/a><\/p>\r\n<hr \/>\r\n<p class=\"classementTableTitle marginBottom5px\"><strong>Lieu de l&rsquo;\u00e9v\u00e9nement<\/strong><\/p>\r\n<div class=\"google-maps\"><iframe loading=\"lazy\" style=\"border: 0;\" src=\"https:\/\/www.google.com\/maps\/embed?pb=!1m18!1m12!1m3!1d2753.519039763986!2d-72.56936739999999!3d46.3590892!2m3!1f0!2f0!3f0!3m2!1i1024!2i768!4f13.1!3m3!1m2!1s0x4cc7c8c1a9f435db%3A0x34c73a5837f9342a!2sStade%20Diablos%20C%C3%A9gep%20de%20Trois-Rivi%C3%A8res!5e0!3m2!1sfr!2sca!4v1695059240701!5m2!1sfr!2sca\" width=\"600\" height=\"450\" allowfullscreen=\"allowfullscreen\"><\/iframe><\/div>","protected":false},"excerpt":{"rendered":"STATIONNEMENTL\u2019acc\u00e8s aux stationnements du C\u00e9gep de Trois-Rivi\u00e8res est gratuit pour la fin de semaine du BOL D\u2019OR, du 14 au 16 novembre 2025. Voici les&#8230;","protected":false},"author":5,"featured_media":0,"parent":0,"menu_order":70,"comment_status":"closed","ping_status":"closed","template":"","meta":{"_links_to":"","_links_to_target":""},"_links":{"self":[{"href":"https:\/\/boldor.rseq.ca\/index.php?rest_route=\/wp\/v2\/pages\/318"}],"collection":[{"href":"https:\/\/boldor.rseq.ca\/index.php?rest_route=\/wp\/v2\/pages"}],"about":[{"href":"https:\/\/boldor.rseq.ca\/index.php?rest_route=\/wp\/v2\/types\/page"}],"author":[{"embeddable":true,"href":"https:\/\/boldor.rseq.ca\/index.php?rest_route=\/wp\/v2\/users\/5"}],"replies":[{"embeddable":true,"href":"https:\/\/boldor.rseq.ca\/index.php?rest_route=%2Fwp%2Fv2%2Fcomments&post=318"}],"version-history":[{"count":55,"href":"https:\/\/boldor.rseq.ca\/index.php?rest_route=\/wp\/v2\/pages\/318\/revisions"}],"predecessor-version":[{"id":3042,"href":"https:\/\/boldor.rseq.ca\/index.php?rest_route=\/wp\/v2\/pages\/318\/revisions\/3042"}],"wp:attachment":[{"href":"https:\/\/boldor.rseq.ca\/index.php?rest_route=%2Fwp%2Fv2%2Fmedia&parent=318"}],"curies":[{"name":"wp","href":"https:\/\/api.w.org\/{rel}","templated":true}]}}