{"id":51,"date":"2015-10-09T15:11:02","date_gmt":"2015-10-09T19:11:02","guid":{"rendered":"http:\/\/dev.rseq.ca\/bo15\/?page_id=51"},"modified":"2025-11-12T12:55:24","modified_gmt":"2025-11-12T17:55:24","slug":"alignements","status":"publish","type":"page","link":"https:\/\/boldor.rseq.ca\/?page_id=51","title":{"rendered":"Alignements"},"content":{"rendered":"<h4><strong>ALIGNEMENTS 2025<\/strong><\/h4>\r\n<p><b>Juv\u00e9nile Division 2<\/b> \u2013 <a href=\"https:\/\/boldor.rseq.ca\/wp-content\/uploads\/2025\/11\/juv-d2-CSJV.pdf\" target=\"_blank\" rel=\"noopener\">Coll\u00e8ge St-Jean-Vianney<\/a> vs <a href=\"https:\/\/boldor.rseq.ca\/wp-content\/uploads\/2025\/11\/juv-d2-DAV.pdf\" target=\"_blank\" rel=\"noopener\">\u00c9. sec. Dalb\u00e9-Viau<\/a><\/p>\r\n<p><b>Coll\u00e9gial Division 1<\/b> \u2013 <a href=\"https:\/\/boldor.rseq.ca\/wp-content\/uploads\/2025\/11\/coll-d1-NDF.pdf\" target=\"_blank\" rel=\"noopener\">Campus Notre-Dame<\/a> vs <a href=\"https:\/\/boldor.rseq.ca\/wp-content\/uploads\/2025\/11\/coll-d1-CAG.pdf\" target=\"_blank\" rel=\"noopener\">Coll\u00e8ge Andr\u00e9-Grasset<\/a><\/p>\r\n<p><b>Coll\u00e9gial Division 2<\/b> \u2013 <a href=\"https:\/\/boldor.rseq.ca\/wp-content\/uploads\/2025\/11\/coll-d2-CSH.pdf\" target=\"_blank\" rel=\"noopener\">C\u00e9gep de Sherbrooke<\/a> vs <a href=\"https:\/\/boldor.rseq.ca\/wp-content\/uploads\/2025\/11\/coll-d2-SHY.pdf\" target=\"_blank\" rel=\"noopener\">C\u00e9gep de Saint-Hyacinthe<\/a><\/p>\r\n<p><b>Coll\u00e9gial Division 3<\/b> \u2013 <a href=\"https:\/\/boldor.rseq.ca\/wp-content\/uploads\/2025\/11\/coll-d3-OUT.pdf\" target=\"_blank\" rel=\"noopener\">C\u00e9gep de l\u2019Outaouais<\/a> vs <a href=\"https:\/\/boldor.rseq.ca\/wp-content\/uploads\/2025\/11\/coll-d3-POC.pdf\" target=\"_blank\" rel=\"noopener\">C\u00e9gep de La Pocati\u00e8re<\/a><\/p>\r\n<p><b>Cadet Division 1<\/b> \u2013 <a href=\"https:\/\/boldor.rseq.ca\/wp-content\/uploads\/2025\/11\/cad-d1-BOU.pdf\" target=\"_blank\" rel=\"noopener\">Coll\u00e8ge Bourget<\/a> vs <a href=\"https:\/\/boldor.rseq.ca\/wp-content\/uploads\/2025\/11\/cad-d1-ESAC.pdf\" target=\"_blank\" rel=\"noopener\">\u00c9. sec. Armand-Corbeil<\/a><\/p>\r\n<p><b>Juv\u00e9nile Division 1<\/b> \u2013 <a href=\"https:\/\/boldor.rseq.ca\/wp-content\/uploads\/2025\/11\/juv-d1-BOU.pdf\" target=\"_blank\" rel=\"noopener\">Coll\u00e8ge Bourget<\/a> vs <a href=\"https:\/\/boldor.rseq.ca\/wp-content\/uploads\/2025\/11\/juv-d1-SJE.pdf\" target=\"_blank\" rel=\"noopener\">Saint-Jean-Eudes<\/a><\/p>","protected":false},"excerpt":{"rendered":"ALIGNEMENTS 2025 Juv\u00e9nile Division 2 \u2013 Coll\u00e8ge St-Jean-Vianney vs \u00c9. sec. Dalb\u00e9-Viau Coll\u00e9gial Division 1 \u2013 Campus Notre-Dame vs Coll\u00e8ge Andr\u00e9-Grasset Coll\u00e9gial Division 2 \u2013&#8230;","protected":false},"author":12,"featured_media":0,"parent":0,"menu_order":35,"comment_status":"closed","ping_status":"closed","template":"","meta":{"_links_to":"","_links_to_target":""},"_links":{"self":[{"href":"https:\/\/boldor.rseq.ca\/index.php?rest_route=\/wp\/v2\/pages\/51"}],"collection":[{"href":"https:\/\/boldor.rseq.ca\/index.php?rest_route=\/wp\/v2\/pages"}],"about":[{"href":"https:\/\/boldor.rseq.ca\/index.php?rest_route=\/wp\/v2\/types\/page"}],"author":[{"embeddable":true,"href":"https:\/\/boldor.rseq.ca\/index.php?rest_route=\/wp\/v2\/users\/12"}],"replies":[{"embeddable":true,"href":"https:\/\/boldor.rseq.ca\/index.php?rest_route=%2Fwp%2Fv2%2Fcomments&post=51"}],"version-history":[{"count":108,"href":"https:\/\/boldor.rseq.ca\/index.php?rest_route=\/wp\/v2\/pages\/51\/revisions"}],"predecessor-version":[{"id":3246,"href":"https:\/\/boldor.rseq.ca\/index.php?rest_route=\/wp\/v2\/pages\/51\/revisions\/3246"}],"wp:attachment":[{"href":"https:\/\/boldor.rseq.ca\/index.php?rest_route=%2Fwp%2Fv2%2Fmedia&parent=51"}],"curies":[{"name":"wp","href":"https:\/\/api.w.org\/{rel}","templated":true}]}}