{"id":854,"date":"2016-10-27T12:04:53","date_gmt":"2016-10-27T16:04:53","guid":{"rendered":"http:\/\/boldor.ca\/?page_id=854"},"modified":"2016-11-16T14:35:50","modified_gmt":"2016-11-16T19:35:50","slug":"nouvelles-2016","status":"publish","type":"page","link":"https:\/\/boldor.rseq.ca\/?page_id=854","title":{"rendered":"2016"},"content":{"rendered":"<h4><strong>NOUVELLES 2016<\/strong><\/h4>\r\n<!-- NOTE: If you need to make changes to this file, copy it to your current theme's main\n\tdirectory so your changes won't be overwritten when the plugin is upgraded. -->\n\n<!-- Start of Post Wrap -->\n<div class=\"post hentry ivycat-post wrapper-manchette\">\n\t<img width=\"1000\" height=\"667\" src=\"https:\/\/boldor.rseq.ca\/wp-content\/uploads\/2016\/11\/rboily10865.jpg\" class=\"attachment-post-thumbnail size-post-thumbnail wp-post-image\" alt=\"\" decoding=\"async\" loading=\"lazy\" srcset=\"https:\/\/boldor.rseq.ca\/wp-content\/uploads\/2016\/11\/rboily10865.jpg 1000w, https:\/\/boldor.rseq.ca\/wp-content\/uploads\/2016\/11\/rboily10865-300x200.jpg 300w, https:\/\/boldor.rseq.ca\/wp-content\/uploads\/2016\/11\/rboily10865-768x512.jpg 768w\" sizes=\"(max-width: 1000px) 100vw, 1000px\" \/>\t<!-- This is the output of the post TITLE -->\n\t<h2 class=\"entry-title-manchette\"><a href=\"https:\/\/boldor.rseq.ca\/?p=1265\">[FOOTBALL JUV\u00c9NILE DIVISION 1] \u2013 LE BLIZZARD DU S\u00c9MINAIRE SAINT-FRAN\u00c7OIS, CHAMPION DU BOL D\u2019OR 2016<\/a><\/h2>\n\n\t<!-- This is the output of the EXCERPT -->\n\t<div class=\"entry-summary-p\">\n\t\tLe match juv\u00e9nile\u00a0de division 1 opposait les Loups de l&rsquo;\u00c9cole secondaire Cur\u00e9-Antoine-Labelle et le Blizzard du S\u00e9minaire Saint-Fran\u00e7ois. C\u2019est\u00a0par la marque de 51\u00a0\u00e0 23\u00a0que le&#8230;\t<\/div>\n\t<span class=\"postDateTime\">2016-11-13 | 16:28<\/span>\n\t<!-- This is the output of the META information -->\n\n\t<div class=\"entry-utility\" style=\"display:none;\">\n\t\t\t\t\t<span class=\"cat-links\">\n\t\t\t\t<span class=\"entry-utility-prep entry-utility-prep-cat-links\">Posted in<\/span> <a href=\"https:\/\/boldor.rseq.ca\/?cat=1\" rel=\"category\">Uncategorised<\/a>\t\t\t<\/span>\n\t\t\t<span class=\"meta-sep\">|<\/span>\n\t\t\t\t\t\t\t<span class=\"tag-links\">\n\t\t\t\t<span class=\"entry-utility-prep entry-utility-prep-tag-links\">Tagged<\/span> <a href=\"https:\/\/boldor.rseq.ca\/?tag=2016\" rel=\"tag\">2016<\/a>\t\t\t<\/span>\n\t\t\t<span class=\"meta-sep\">|<\/span>\n\t\t\t\t<span class=\"comments-link\"><a href=\"https:\/\/boldor.rseq.ca\/?p=1265#respond\">Leave a comment<\/a><\/span>\n\t\t\t<\/div>\n<\/div>\n<div class=\"greySeparatorLine\"><\/div>\n<!-- \/\/ End of Post Wrap -->\n<!-- NOTE: If you need to make changes to this file, copy it to your current theme's main\n\tdirectory so your changes won't be overwritten when the plugin is upgraded. -->\n\n<!-- Start of Post Wrap -->\n<div class=\"post hentry ivycat-post wrapper-manchette\">\n\t<img width=\"3008\" height=\"2000\" src=\"https:\/\/boldor.rseq.ca\/wp-content\/uploads\/2016\/11\/rboily9802.jpg\" class=\"attachment-post-thumbnail size-post-thumbnail wp-post-image\" alt=\"\" decoding=\"async\" loading=\"lazy\" srcset=\"https:\/\/boldor.rseq.ca\/wp-content\/uploads\/2016\/11\/rboily9802.jpg 3008w, https:\/\/boldor.rseq.ca\/wp-content\/uploads\/2016\/11\/rboily9802-300x199.jpg 300w, https:\/\/boldor.rseq.ca\/wp-content\/uploads\/2016\/11\/rboily9802-768x511.jpg 768w, https:\/\/boldor.rseq.ca\/wp-content\/uploads\/2016\/11\/rboily9802-1024x681.jpg 1024w\" sizes=\"(max-width: 3008px) 100vw, 3008px\" \/>\t<!-- This is the output of the post TITLE -->\n\t<h2 class=\"entry-title-manchette\"><a href=\"https:\/\/boldor.rseq.ca\/?p=1244\">[FOOTBALL COLL\u00c9GIAL DIVISION 3] \u2013 LES GAILLARDS DU C\u00c9GEP DE JONQUI\u00c8RE, CHAMPIONS DU BOL D\u2019OR 2016<\/a><\/h2>\n\n\t<!-- This is the output of the EXCERPT -->\n\t<div class=\"entry-summary-p\">\n\t\tLe match coll\u00e9gial de division 3 mettait en vedette les Gaillards du C\u00e9gep de Jonqui\u00e8re et les Cavaliers du Coll\u00e8ge Champlain Saint-Lambert. C\u2019est\u00a0par la marque&#8230;\t<\/div>\n\t<span class=\"postDateTime\">2016-11-12 | 23:37<\/span>\n\t<!-- This is the output of the META information -->\n\n\t<div class=\"entry-utility\" style=\"display:none;\">\n\t\t\t\t\t<span class=\"cat-links\">\n\t\t\t\t<span class=\"entry-utility-prep entry-utility-prep-cat-links\">Posted in<\/span> <a href=\"https:\/\/boldor.rseq.ca\/?cat=1\" rel=\"category\">Uncategorised<\/a>\t\t\t<\/span>\n\t\t\t<span class=\"meta-sep\">|<\/span>\n\t\t\t\t\t\t\t<span class=\"tag-links\">\n\t\t\t\t<span class=\"entry-utility-prep entry-utility-prep-tag-links\">Tagged<\/span> <a href=\"https:\/\/boldor.rseq.ca\/?tag=2016\" rel=\"tag\">2016<\/a>\t\t\t<\/span>\n\t\t\t<span class=\"meta-sep\">|<\/span>\n\t\t\t\t<span class=\"comments-link\"><a href=\"https:\/\/boldor.rseq.ca\/?p=1244#respond\">Leave a comment<\/a><\/span>\n\t\t\t<\/div>\n<\/div>\n<div class=\"greySeparatorLine\"><\/div>\n<!-- \/\/ End of Post Wrap -->\n<!-- NOTE: If you need to make changes to this file, copy it to your current theme's main\n\tdirectory so your changes won't be overwritten when the plugin is upgraded. -->\n\n<!-- Start of Post Wrap -->\n<div class=\"post hentry ivycat-post wrapper-manchette\">\n\t<img width=\"1000\" height=\"665\" src=\"https:\/\/boldor.rseq.ca\/wp-content\/uploads\/2016\/11\/rboily8959.jpg\" class=\"attachment-post-thumbnail size-post-thumbnail wp-post-image\" alt=\"\" decoding=\"async\" loading=\"lazy\" srcset=\"https:\/\/boldor.rseq.ca\/wp-content\/uploads\/2016\/11\/rboily8959.jpg 1000w, https:\/\/boldor.rseq.ca\/wp-content\/uploads\/2016\/11\/rboily8959-300x200.jpg 300w, https:\/\/boldor.rseq.ca\/wp-content\/uploads\/2016\/11\/rboily8959-768x511.jpg 768w\" sizes=\"(max-width: 1000px) 100vw, 1000px\" \/>\t<!-- This is the output of the post TITLE -->\n\t<h2 class=\"entry-title-manchette\"><a href=\"https:\/\/boldor.rseq.ca\/?p=1217\">[FOOTBALL COLL\u00c9GIAL DIVISION 1] \u2013 LE NOTRE-DAME DU CAMPUS NOTRE-DAME-DE-FOY, CHAMPION DU BOL D\u2019OR 2016<\/a><\/h2>\n\n\t<!-- This is the output of the EXCERPT -->\n\t<div class=\"entry-summary-p\">\n\t\tLe match coll\u00e9gial de division 1 opposait le Ph\u00e9nix du Coll\u00e8ge Andr\u00e9-Grasset et le Notre-Dame du Campus Notre-Dame-de-Foy. C\u2019est\u00a0par la marque de 38\u00a0\u00e0 15 que&#8230;\t<\/div>\n\t<span class=\"postDateTime\"> | 18:34<\/span>\n\t<!-- This is the output of the META information -->\n\n\t<div class=\"entry-utility\" style=\"display:none;\">\n\t\t\t\t\t<span class=\"cat-links\">\n\t\t\t\t<span class=\"entry-utility-prep entry-utility-prep-cat-links\">Posted in<\/span> <a href=\"https:\/\/boldor.rseq.ca\/?cat=1\" rel=\"category\">Uncategorised<\/a>\t\t\t<\/span>\n\t\t\t<span class=\"meta-sep\">|<\/span>\n\t\t\t\t\t\t\t<span class=\"tag-links\">\n\t\t\t\t<span class=\"entry-utility-prep entry-utility-prep-tag-links\">Tagged<\/span> <a href=\"https:\/\/boldor.rseq.ca\/?tag=2016\" rel=\"tag\">2016<\/a>\t\t\t<\/span>\n\t\t\t<span class=\"meta-sep\">|<\/span>\n\t\t\t\t<span class=\"comments-link\"><a href=\"https:\/\/boldor.rseq.ca\/?p=1217#respond\">Leave a comment<\/a><\/span>\n\t\t\t<\/div>\n<\/div>\n<div class=\"greySeparatorLine\"><\/div>\n<!-- \/\/ End of Post Wrap -->\n<!-- NOTE: If you need to make changes to this file, copy it to your current theme's main\n\tdirectory so your changes won't be overwritten when the plugin is upgraded. -->\n\n<!-- Start of Post Wrap -->\n<div class=\"post hentry ivycat-post wrapper-manchette\">\n\t<img width=\"1000\" height=\"667\" src=\"https:\/\/boldor.rseq.ca\/wp-content\/uploads\/2016\/11\/rboily7550.jpg\" class=\"attachment-post-thumbnail size-post-thumbnail wp-post-image\" alt=\"\" decoding=\"async\" loading=\"lazy\" srcset=\"https:\/\/boldor.rseq.ca\/wp-content\/uploads\/2016\/11\/rboily7550.jpg 1000w, https:\/\/boldor.rseq.ca\/wp-content\/uploads\/2016\/11\/rboily7550-300x200.jpg 300w, https:\/\/boldor.rseq.ca\/wp-content\/uploads\/2016\/11\/rboily7550-768x512.jpg 768w\" sizes=\"(max-width: 1000px) 100vw, 1000px\" \/>\t<!-- This is the output of the post TITLE -->\n\t<h2 class=\"entry-title-manchette\"><a href=\"https:\/\/boldor.rseq.ca\/?p=1194\">[FOOTBALL JUV\u00c9NILE D1-B] Les Maraudeurs remportent la Coupe d&rsquo;or 2016<\/a><\/h2>\n\n\t<!-- This is the output of the EXCERPT -->\n\t<div class=\"entry-summary-p\">\n\t\tC\u2019est\u00a0par la marque de 26\u00a0\u00e0 9 que les Maraudeurs du Coll\u00e8ge Laval ont conquis le match de la finale du championnat provincial, pour une 2e&#8230;\t<\/div>\n\t<span class=\"postDateTime\"> | 13:10<\/span>\n\t<!-- This is the output of the META information -->\n\n\t<div class=\"entry-utility\" style=\"display:none;\">\n\t\t\t\t\t<span class=\"cat-links\">\n\t\t\t\t<span class=\"entry-utility-prep entry-utility-prep-cat-links\">Posted in<\/span> <a href=\"https:\/\/boldor.rseq.ca\/?cat=1\" rel=\"category\">Uncategorised<\/a>\t\t\t<\/span>\n\t\t\t<span class=\"meta-sep\">|<\/span>\n\t\t\t\t\t\t\t<span class=\"tag-links\">\n\t\t\t\t<span class=\"entry-utility-prep entry-utility-prep-tag-links\">Tagged<\/span> <a href=\"https:\/\/boldor.rseq.ca\/?tag=2016\" rel=\"tag\">2016<\/a>\t\t\t<\/span>\n\t\t\t<span class=\"meta-sep\">|<\/span>\n\t\t\t\t<span class=\"comments-link\"><a href=\"https:\/\/boldor.rseq.ca\/?p=1194#respond\">Leave a comment<\/a><\/span>\n\t\t\t<\/div>\n<\/div>\n<div class=\"greySeparatorLine\"><\/div>\n<!-- \/\/ End of Post Wrap -->\n<!-- NOTE: If you need to make changes to this file, copy it to your current theme's main\n\tdirectory so your changes won't be overwritten when the plugin is upgraded. -->\n\n<!-- Start of Post Wrap -->\n<div class=\"post hentry ivycat-post wrapper-manchette\">\n\t<img width=\"2046\" height=\"1286\" src=\"https:\/\/boldor.rseq.ca\/wp-content\/uploads\/2016\/11\/IMG_0036.jpg\" class=\"attachment-post-thumbnail size-post-thumbnail wp-post-image\" alt=\"\" decoding=\"async\" loading=\"lazy\" srcset=\"https:\/\/boldor.rseq.ca\/wp-content\/uploads\/2016\/11\/IMG_0036.jpg 2046w, https:\/\/boldor.rseq.ca\/wp-content\/uploads\/2016\/11\/IMG_0036-300x189.jpg 300w, https:\/\/boldor.rseq.ca\/wp-content\/uploads\/2016\/11\/IMG_0036-768x483.jpg 768w, https:\/\/boldor.rseq.ca\/wp-content\/uploads\/2016\/11\/IMG_0036-1024x644.jpg 1024w\" sizes=\"(max-width: 2046px) 100vw, 2046px\" \/>\t<!-- This is the output of the post TITLE -->\n\t<h2 class=\"entry-title-manchette\"><a href=\"https:\/\/boldor.rseq.ca\/?p=1143\">[FOOTBALL COLL\u00c9GIAL DIVISION 2] &#8211; Les Nordiques du Coll\u00e8ge Lionel-Groulx, Champions du BOL D\u2019OR 2016<\/a><\/h2>\n\n\t<!-- This is the output of the EXCERPT -->\n\t<div class=\"entry-summary-p\">\n\t\tLes Nordiques du Coll\u00e8ge Lionel-Groulx affrontaient le Noir et Or du Coll\u00e8ge de Valleyfield. Sous le regard d\u2019une foule enthousiaste rassembl\u00e9e malgr\u00e9 le froid, les\u00a0Nordiques&#8230;\t<\/div>\n\t<span class=\"postDateTime\">2016-11-11 | 23:04<\/span>\n\t<!-- This is the output of the META information -->\n\n\t<div class=\"entry-utility\" style=\"display:none;\">\n\t\t\t\t\t<span class=\"cat-links\">\n\t\t\t\t<span class=\"entry-utility-prep entry-utility-prep-cat-links\">Posted in<\/span> <a href=\"https:\/\/boldor.rseq.ca\/?cat=1\" rel=\"category\">Uncategorised<\/a>\t\t\t<\/span>\n\t\t\t<span class=\"meta-sep\">|<\/span>\n\t\t\t\t\t\t\t<span class=\"tag-links\">\n\t\t\t\t<span class=\"entry-utility-prep entry-utility-prep-tag-links\">Tagged<\/span> <a href=\"https:\/\/boldor.rseq.ca\/?tag=2016\" rel=\"tag\">2016<\/a>\t\t\t<\/span>\n\t\t\t<span class=\"meta-sep\">|<\/span>\n\t\t\t\t<span class=\"comments-link\"><a href=\"https:\/\/boldor.rseq.ca\/?p=1143#respond\">Leave a comment<\/a><\/span>\n\t\t\t<\/div>\n<\/div>\n<div class=\"greySeparatorLine\"><\/div>\n<!-- \/\/ End of Post Wrap -->\n<!-- NOTE: If you need to make changes to this file, copy it to your current theme's main\n\tdirectory so your changes won't be overwritten when the plugin is upgraded. -->\n\n<!-- Start of Post Wrap -->\n<div class=\"post hentry ivycat-post wrapper-manchette\">\n\t<img width=\"628\" height=\"270\" src=\"https:\/\/boldor.rseq.ca\/wp-content\/uploads\/2016\/11\/Visuel_Cover_BO-2016.jpg\" class=\"attachment-post-thumbnail size-post-thumbnail wp-post-image\" alt=\"\" decoding=\"async\" loading=\"lazy\" srcset=\"https:\/\/boldor.rseq.ca\/wp-content\/uploads\/2016\/11\/Visuel_Cover_BO-2016.jpg 628w, https:\/\/boldor.rseq.ca\/wp-content\/uploads\/2016\/11\/Visuel_Cover_BO-2016-300x129.jpg 300w\" sizes=\"(max-width: 628px) 100vw, 628px\" \/>\t<!-- This is the output of the post TITLE -->\n\t<h2 class=\"entry-title-manchette\"><a href=\"https:\/\/boldor.rseq.ca\/?p=1019\">BOTT\u00c9 D\u2019ENVOI DE LA 41E \u00c9DITION DU BOL D\u2019OR<\/a><\/h2>\n\n\t<!-- This is the output of the EXCERPT -->\n\t<div class=\"entry-summary-p\">\n\t\tMontr\u00e9al, le 9 novembre 2016 \u2013 Le RSEQ (R\u00e9seau du sport \u00e9tudiant du Qu\u00e9bec) est heureux de s\u2019associer au C\u00e9gep Saint-Jean-sur-Richelieu pour cette 41e \u00e9dition&#8230;\t<\/div>\n\t<span class=\"postDateTime\">2016-11-09 | 15:47<\/span>\n\t<!-- This is the output of the META information -->\n\n\t<div class=\"entry-utility\" style=\"display:none;\">\n\t\t\t\t\t<span class=\"cat-links\">\n\t\t\t\t<span class=\"entry-utility-prep entry-utility-prep-cat-links\">Posted in<\/span> <a href=\"https:\/\/boldor.rseq.ca\/?cat=1\" rel=\"category\">Uncategorised<\/a>\t\t\t<\/span>\n\t\t\t<span class=\"meta-sep\">|<\/span>\n\t\t\t\t\t\t\t<span class=\"tag-links\">\n\t\t\t\t<span class=\"entry-utility-prep entry-utility-prep-tag-links\">Tagged<\/span> <a href=\"https:\/\/boldor.rseq.ca\/?tag=2016\" rel=\"tag\">2016<\/a>\t\t\t<\/span>\n\t\t\t<span class=\"meta-sep\">|<\/span>\n\t\t\t\t<span class=\"comments-link\"><a href=\"https:\/\/boldor.rseq.ca\/?p=1019#respond\">Leave a comment<\/a><\/span>\n\t\t\t<\/div>\n<\/div>\n<div class=\"greySeparatorLine\"><\/div>\n<!-- \/\/ End of Post Wrap -->\n","protected":false},"excerpt":{"rendered":"Montr\u00e9al, le 9 novembre 2016 \u2013 Le RSEQ (R\u00e9seau du sport \u00e9tudiant du Qu\u00e9bec) est heureux de s\u2019associer au C\u00e9gep Saint-Jean-sur-Richelieu pour cette 41e \u00e9dition&#8230;","protected":false},"author":5,"featured_media":0,"parent":327,"menu_order":5,"comment_status":"closed","ping_status":"closed","template":"","meta":{"_links_to":"","_links_to_target":""},"_links":{"self":[{"href":"https:\/\/boldor.rseq.ca\/index.php?rest_route=\/wp\/v2\/pages\/854"}],"collection":[{"href":"https:\/\/boldor.rseq.ca\/index.php?rest_route=\/wp\/v2\/pages"}],"about":[{"href":"https:\/\/boldor.rseq.ca\/index.php?rest_route=\/wp\/v2\/types\/page"}],"author":[{"embeddable":true,"href":"https:\/\/boldor.rseq.ca\/index.php?rest_route=\/wp\/v2\/users\/5"}],"replies":[{"embeddable":true,"href":"https:\/\/boldor.rseq.ca\/index.php?rest_route=%2Fwp%2Fv2%2Fcomments&post=854"}],"version-history":[{"count":4,"href":"https:\/\/boldor.rseq.ca\/index.php?rest_route=\/wp\/v2\/pages\/854\/revisions"}],"predecessor-version":[{"id":966,"href":"https:\/\/boldor.rseq.ca\/index.php?rest_route=\/wp\/v2\/pages\/854\/revisions\/966"}],"up":[{"embeddable":true,"href":"https:\/\/boldor.rseq.ca\/index.php?rest_route=\/wp\/v2\/pages\/327"}],"wp:attachment":[{"href":"https:\/\/boldor.rseq.ca\/index.php?rest_route=%2Fwp%2Fv2%2Fmedia&parent=854"}],"curies":[{"name":"wp","href":"https:\/\/api.w.org\/{rel}","templated":true}]}}