{"id":982,"date":"2016-11-04T17:55:36","date_gmt":"2016-11-04T21:55:36","guid":{"rendered":"http:\/\/boldor.ca\/?page_id=982"},"modified":"2016-11-16T14:39:12","modified_gmt":"2016-11-16T19:39:12","slug":"photos-2014","status":"publish","type":"page","link":"https:\/\/boldor.rseq.ca\/?page_id=982","title":{"rendered":"2014"},"content":{"rendered":"<h4><strong>PHOTOS 2014<\/strong><\/h4>\r\n<p><span class=\"fbPhotoCaptionText\"><a href=\"https:\/\/www.facebook.com\/media\/set\/?set=a.874743192550567.1073741842.132317290126498&amp;type=1&amp;l=4fa363a52f\" target=\"_blank\">2014 | COLL\u00c9GIAL\u00a0DIVISION 1<\/a><\/span><br \/>\r\n Spartiates du C\u00e9gep du Vieux Montr\u00e9al \/ C. \/\u00a0Cougars du Coll\u00e8ge Champlain Lennoxville<\/p>\r\n<div class=\"greySeparatorLine\">\u00a0<\/div>\r\n<br \/>\r\n<p><span class=\"fbPhotoCaptionText\"><a href=\"https:\/\/www.facebook.com\/media\/set\/?set=a.874004625957757.1073741840.132317290126498&amp;type=1&amp;l=5b7d376828\" target=\"_blank\">2014 | COLL\u00c9GIAL\u00a0DIVISION 2<\/a><\/span><br \/>\r\n <span class=\"fbPhotoCaptionText\">G\u00e9ants du C\u00e9gep Saint-Jean-sur-Richelieu \/ C. \/ le Ph\u00e9nix du Coll\u00e8ge Andr\u00e9-Grasset<\/span><\/p>\r\n<div class=\"greySeparatorLine\">\u00a0<\/div>\r\n<br \/>\r\n<p><a href=\"https:\/\/www.facebook.com\/media\/set\/?set=a.876998272325059.1073741843.132317290126498&amp;type=1&amp;l=4af5d72acc\" target=\"_blank\">2014 | COLL\u00c9GIAL\u00a0DIVISION 3<\/a><br \/>\r\n <span class=\"fbPhotoCaptionText\">Noir et Or du Coll\u00e8ge de Valleyfield \/ C. \/ Filons du C\u00e9gep de Thetford<\/span><\/p>\r\n<div class=\"greySeparatorLine\">\u00a0<\/div>\r\n<br \/>\r\n<p><a href=\"https:\/\/www.facebook.com\/media\/set\/?set=a.877056172319269.1073741844.132317290126498&amp;type=3\" target=\"_blank\">2014 | JUV\u00c9NILE DIVISION 1<\/a><br \/>\r\n <span class=\"fbPhotoCaptionText\">Loups de l&rsquo;\u00c9cole secondaire Cur\u00e9-Antoine-Labelle \/ C. \/\u00a0Cactus du Coll\u00e8ge Notre-Dame<\/span><\/p>\r\n<div class=\"greySeparatorLine\">\u00a0<\/div>\r\n<br \/>\r\n<p><a href=\"https:\/\/www.facebook.com\/media\/set\/?set=a.874015869289966.1073741841.132317290126498&amp;type=1&amp;l=cea76c4eb0\" target=\"_blank\">2014 | JUV\u00c9NILE DIVISION 1-B<\/a><br \/>\r\n <span class=\"fbPhotoCaptionText\">Corsaires de l\u2019\u00c9cole secondaire Pointe-L\u00e9vy \/ C. \/\u00a0Dynamiques du Coll\u00e8ge Charles-Lemoyne<\/span><\/p>\r\n<div class=\"greySeparatorLine\">\u00a0<\/div>","protected":false},"excerpt":{"rendered":"PHOTOS 2014 2014 | COLL\u00c9GIAL\u00a0DIVISION 1 Spartiates du C\u00e9gep du Vieux Montr\u00e9al \/ C. \/\u00a0Cougars du Coll\u00e8ge Champlain Lennoxville \u00a0 2014 | COLL\u00c9GIAL\u00a0DIVISION 2 G\u00e9ants&#8230;","protected":false},"author":5,"featured_media":0,"parent":611,"menu_order":100,"comment_status":"closed","ping_status":"closed","template":"","meta":{"_links_to":"","_links_to_target":""},"_links":{"self":[{"href":"https:\/\/boldor.rseq.ca\/index.php?rest_route=\/wp\/v2\/pages\/982"}],"collection":[{"href":"https:\/\/boldor.rseq.ca\/index.php?rest_route=\/wp\/v2\/pages"}],"about":[{"href":"https:\/\/boldor.rseq.ca\/index.php?rest_route=\/wp\/v2\/types\/page"}],"author":[{"embeddable":true,"href":"https:\/\/boldor.rseq.ca\/index.php?rest_route=\/wp\/v2\/users\/5"}],"replies":[{"embeddable":true,"href":"https:\/\/boldor.rseq.ca\/index.php?rest_route=%2Fwp%2Fv2%2Fcomments&post=982"}],"version-history":[{"count":5,"href":"https:\/\/boldor.rseq.ca\/index.php?rest_route=\/wp\/v2\/pages\/982\/revisions"}],"predecessor-version":[{"id":997,"href":"https:\/\/boldor.rseq.ca\/index.php?rest_route=\/wp\/v2\/pages\/982\/revisions\/997"}],"up":[{"embeddable":true,"href":"https:\/\/boldor.rseq.ca\/index.php?rest_route=\/wp\/v2\/pages\/611"}],"wp:attachment":[{"href":"https:\/\/boldor.rseq.ca\/index.php?rest_route=%2Fwp%2Fv2%2Fmedia&parent=982"}],"curies":[{"name":"wp","href":"https:\/\/api.w.org\/{rel}","templated":true}]}}